{"id":22380,"date":"2026-01-23T09:14:13","date_gmt":"2026-01-23T08:14:13","guid":{"rendered":"https:\/\/tillandsiawebshop.com\/?post_type=product&#038;p=22380"},"modified":"2026-01-23T10:05:49","modified_gmt":"2026-01-23T09:05:49","slug":"tillandsia-pruinosa-rot","status":"publish","type":"product","link":"https:\/\/tillandsiawebshop.com\/de\/produkt\/tillandsia-pruinosa-rot\/","title":{"rendered":"Tillandsia Pruinosa Rot"},"content":{"rendered":"<p id=\"tw-target-text\" class=\"tw-data-text tw-text-large XcVN5d tw-ta\" dir=\"ltr\" data-placeholder=\"Vertaling\"><span lang=\"de\">Tillandsia Pruinosa rot ist eine wundersch\u00f6ne kleine Knollenart, die aus Mexiko, Guatemala, Brasilien und Ecuador stammt. Die Bl\u00e4tter sind rot mit einigen violetten, groben, lockigen Trichomen, die wie Tintenfische aussehen. Die Pflanze hat eine kurze Bl\u00fctezeit, die eine sehr sch\u00f6ne rosa Blume ergibt. <\/span><\/p>\n<p class=\"tw-data-text tw-text-large XcVN5d tw-ta\" dir=\"ltr\" data-placeholder=\"Vertaling\"><span lang=\"de\">Die Tillandsia Pruinosa rot bevorzugt indirektes Sonnenlicht und wird gerne einmal pro Woche (weniger im Winter) mit Wasser bespr\u00fcht, vorzugsweise mit unserem Air Plants-Pflegespray. Wir sind in der Lage, Ihnen diese spezielle Luftanlage mit einer durchschnittlichen L\u00e4nge von rund 8 Zentimetern zu liefern.<\/span><\/p>\n","protected":false},"excerpt":{"rendered":"<p>grobe: 8 x 8 cm<\/p>\n","protected":false},"featured_media":22384,"comment_status":"open","ping_status":"closed","template":"","meta":{"_acf_changed":false},"product_brand":[],"product_cat":[999,114],"product_tag":[],"class_list":{"0":"post-22380","1":"product","2":"type-product","3":"status-publish","4":"has-post-thumbnail","6":"product_cat-demo-tier-de","7":"product_cat-tillandsien-arten","9":"first","10":"instock","11":"taxable","12":"shipping-taxable","13":"purchasable","14":"product-type-simple"},"acf":[],"tiered_pricing_type":"fixed","tiered_pricing_fixed_rules":[],"yoast_head":"<!-- This site is optimized with the Yoast SEO Premium plugin v27.4 (Yoast SEO v27.4) - https:\/\/yoast.com\/product\/yoast-seo-premium-wordpress\/ -->\n<title>Tillandsia Pruinosa Rot - Corsa Webshop<\/title>\n<meta name=\"description\" content=\"Luftpflanze Tillandsia Pruinosa rot zum Verkauf. Hier k\u00f6nnen Sie aus unserem gro\u00dfen Angebot an Tillandsien w\u00e4hlen. Tillandsien Gro\u00dfhandel!\" \/>\n<meta name=\"robots\" content=\"index, follow, max-snippet:-1, max-image-preview:large, max-video-preview:-1\" \/>\n<link rel=\"canonical\" href=\"https:\/\/tillandsiawebshop.com\/de\/produkt\/tillandsia-pruinosa-rot\/\" \/>\n<meta property=\"og:locale\" content=\"de_DE\" \/>\n<meta property=\"og:type\" content=\"article\" \/>\n<meta property=\"og:title\" content=\"Tillandsia Pruinosa Rot\" \/>\n<meta property=\"og:description\" content=\"Luftpflanze Tillandsia Pruinosa rot zum Verkauf. Hier k\u00f6nnen Sie aus unserem gro\u00dfen Angebot an Tillandsien w\u00e4hlen. Tillandsien Gro\u00dfhandel!\" \/>\n<meta property=\"og:url\" content=\"https:\/\/tillandsiawebshop.com\/de\/produkt\/tillandsia-pruinosa-rot\/\" \/>\n<meta property=\"og:site_name\" content=\"Corsa Webshop\" \/>\n<meta property=\"article:modified_time\" content=\"2026-01-23T09:05:49+00:00\" \/>\n<meta property=\"og:image\" content=\"https:\/\/tillandsiawebshop.com\/wp-content\/uploads\/2026\/01\/IMG_3923049150607063054.png\" \/>\n\t<meta property=\"og:image:width\" content=\"1711\" \/>\n\t<meta property=\"og:image:height\" content=\"1815\" \/>\n\t<meta property=\"og:image:type\" content=\"image\/png\" \/>\n<meta name=\"twitter:card\" content=\"summary_large_image\" \/>\n<meta name=\"twitter:label1\" content=\"Gesch\u00e4tzte Lesezeit\" \/>\n\t<meta name=\"twitter:data1\" content=\"1 minute\" \/>\n<script type=\"application\/ld+json\" class=\"yoast-schema-graph\">{\"@context\":\"https:\\\/\\\/schema.org\",\"@graph\":[{\"@type\":\"WebPage\",\"@id\":\"https:\\\/\\\/tillandsiawebshop.com\\\/de\\\/produkt\\\/tillandsia-pruinosa-rot\\\/\",\"url\":\"https:\\\/\\\/tillandsiawebshop.com\\\/de\\\/produkt\\\/tillandsia-pruinosa-rot\\\/\",\"name\":\"Tillandsia Pruinosa Rot - Corsa Webshop\",\"isPartOf\":{\"@id\":\"https:\\\/\\\/tillandsiawebshop.com\\\/de\\\/#website\"},\"primaryImageOfPage\":{\"@id\":\"https:\\\/\\\/tillandsiawebshop.com\\\/de\\\/produkt\\\/tillandsia-pruinosa-rot\\\/#primaryimage\"},\"image\":{\"@id\":\"https:\\\/\\\/tillandsiawebshop.com\\\/de\\\/produkt\\\/tillandsia-pruinosa-rot\\\/#primaryimage\"},\"thumbnailUrl\":\"https:\\\/\\\/tillandsiawebshop.com\\\/wp-content\\\/uploads\\\/2026\\\/01\\\/IMG_3923049150607063054.png\",\"datePublished\":\"2026-01-23T08:14:13+00:00\",\"dateModified\":\"2026-01-23T09:05:49+00:00\",\"description\":\"Luftpflanze Tillandsia Pruinosa rot zum Verkauf. Hier k\u00f6nnen Sie aus unserem gro\u00dfen Angebot an Tillandsien w\u00e4hlen. Tillandsien Gro\u00dfhandel!\",\"breadcrumb\":{\"@id\":\"https:\\\/\\\/tillandsiawebshop.com\\\/de\\\/produkt\\\/tillandsia-pruinosa-rot\\\/#breadcrumb\"},\"inLanguage\":\"de-DE\",\"potentialAction\":[{\"@type\":\"ReadAction\",\"target\":[\"https:\\\/\\\/tillandsiawebshop.com\\\/de\\\/produkt\\\/tillandsia-pruinosa-rot\\\/\"]}]},{\"@type\":\"ImageObject\",\"inLanguage\":\"de-DE\",\"@id\":\"https:\\\/\\\/tillandsiawebshop.com\\\/de\\\/produkt\\\/tillandsia-pruinosa-rot\\\/#primaryimage\",\"url\":\"https:\\\/\\\/tillandsiawebshop.com\\\/wp-content\\\/uploads\\\/2026\\\/01\\\/IMG_3923049150607063054.png\",\"contentUrl\":\"https:\\\/\\\/tillandsiawebshop.com\\\/wp-content\\\/uploads\\\/2026\\\/01\\\/IMG_3923049150607063054.png\",\"width\":1711,\"height\":1815},{\"@type\":\"BreadcrumbList\",\"@id\":\"https:\\\/\\\/tillandsiawebshop.com\\\/de\\\/produkt\\\/tillandsia-pruinosa-rot\\\/#breadcrumb\",\"itemListElement\":[{\"@type\":\"ListItem\",\"position\":1,\"name\":\"Home\",\"item\":\"https:\\\/\\\/tillandsiawebshop.com\\\/de\\\/\"},{\"@type\":\"ListItem\",\"position\":2,\"name\":\"Shop\",\"item\":\"https:\\\/\\\/tillandsiawebshop.com\\\/de\\\/shop\\\/\"},{\"@type\":\"ListItem\",\"position\":3,\"name\":\"Tillandsia Pruinosa Rot\"}]},{\"@type\":\"WebSite\",\"@id\":\"https:\\\/\\\/tillandsiawebshop.com\\\/de\\\/#website\",\"url\":\"https:\\\/\\\/tillandsiawebshop.com\\\/de\\\/\",\"name\":\"Corsa Webshop\",\"description\":\"\",\"publisher\":{\"@id\":\"https:\\\/\\\/tillandsiawebshop.com\\\/de\\\/#organization\"},\"potentialAction\":[{\"@type\":\"SearchAction\",\"target\":{\"@type\":\"EntryPoint\",\"urlTemplate\":\"https:\\\/\\\/tillandsiawebshop.com\\\/de\\\/?s={search_term_string}\"},\"query-input\":{\"@type\":\"PropertyValueSpecification\",\"valueRequired\":true,\"valueName\":\"search_term_string\"}}],\"inLanguage\":\"de-DE\"},{\"@type\":\"Organization\",\"@id\":\"https:\\\/\\\/tillandsiawebshop.com\\\/de\\\/#organization\",\"name\":\"Corsa International B.V.\",\"url\":\"https:\\\/\\\/tillandsiawebshop.com\\\/de\\\/\",\"logo\":{\"@type\":\"ImageObject\",\"inLanguage\":\"de-DE\",\"@id\":\"https:\\\/\\\/tillandsiawebshop.com\\\/de\\\/#\\\/schema\\\/logo\\\/image\\\/\",\"url\":\"https:\\\/\\\/tillandsiawebshop.com\\\/wp-content\\\/uploads\\\/2018\\\/10\\\/corsa-logo-lg.png\",\"contentUrl\":\"https:\\\/\\\/tillandsiawebshop.com\\\/wp-content\\\/uploads\\\/2018\\\/10\\\/corsa-logo-lg.png\",\"width\":1168,\"height\":105,\"caption\":\"Corsa International B.V.\"},\"image\":{\"@id\":\"https:\\\/\\\/tillandsiawebshop.com\\\/de\\\/#\\\/schema\\\/logo\\\/image\\\/\"}}]}<\/script>\n<!-- \/ Yoast SEO Premium plugin. -->","yoast_head_json":{"title":"Tillandsia Pruinosa Rot - Corsa Webshop","description":"Luftpflanze Tillandsia Pruinosa rot zum Verkauf. Hier k\u00f6nnen Sie aus unserem gro\u00dfen Angebot an Tillandsien w\u00e4hlen. Tillandsien Gro\u00dfhandel!","robots":{"index":"index","follow":"follow","max-snippet":"max-snippet:-1","max-image-preview":"max-image-preview:large","max-video-preview":"max-video-preview:-1"},"canonical":"https:\/\/tillandsiawebshop.com\/de\/produkt\/tillandsia-pruinosa-rot\/","og_locale":"de_DE","og_type":"article","og_title":"Tillandsia Pruinosa Rot","og_description":"Luftpflanze Tillandsia Pruinosa rot zum Verkauf. Hier k\u00f6nnen Sie aus unserem gro\u00dfen Angebot an Tillandsien w\u00e4hlen. Tillandsien Gro\u00dfhandel!","og_url":"https:\/\/tillandsiawebshop.com\/de\/produkt\/tillandsia-pruinosa-rot\/","og_site_name":"Corsa Webshop","article_modified_time":"2026-01-23T09:05:49+00:00","og_image":[{"width":1711,"height":1815,"url":"https:\/\/tillandsiawebshop.com\/wp-content\/uploads\/2026\/01\/IMG_3923049150607063054.png","type":"image\/png"}],"twitter_card":"summary_large_image","twitter_misc":{"Gesch\u00e4tzte Lesezeit":"1 minute"},"schema":{"@context":"https:\/\/schema.org","@graph":[{"@type":"WebPage","@id":"https:\/\/tillandsiawebshop.com\/de\/produkt\/tillandsia-pruinosa-rot\/","url":"https:\/\/tillandsiawebshop.com\/de\/produkt\/tillandsia-pruinosa-rot\/","name":"Tillandsia Pruinosa Rot - Corsa Webshop","isPartOf":{"@id":"https:\/\/tillandsiawebshop.com\/de\/#website"},"primaryImageOfPage":{"@id":"https:\/\/tillandsiawebshop.com\/de\/produkt\/tillandsia-pruinosa-rot\/#primaryimage"},"image":{"@id":"https:\/\/tillandsiawebshop.com\/de\/produkt\/tillandsia-pruinosa-rot\/#primaryimage"},"thumbnailUrl":"https:\/\/tillandsiawebshop.com\/wp-content\/uploads\/2026\/01\/IMG_3923049150607063054.png","datePublished":"2026-01-23T08:14:13+00:00","dateModified":"2026-01-23T09:05:49+00:00","description":"Luftpflanze Tillandsia Pruinosa rot zum Verkauf. Hier k\u00f6nnen Sie aus unserem gro\u00dfen Angebot an Tillandsien w\u00e4hlen. Tillandsien Gro\u00dfhandel!","breadcrumb":{"@id":"https:\/\/tillandsiawebshop.com\/de\/produkt\/tillandsia-pruinosa-rot\/#breadcrumb"},"inLanguage":"de-DE","potentialAction":[{"@type":"ReadAction","target":["https:\/\/tillandsiawebshop.com\/de\/produkt\/tillandsia-pruinosa-rot\/"]}]},{"@type":"ImageObject","inLanguage":"de-DE","@id":"https:\/\/tillandsiawebshop.com\/de\/produkt\/tillandsia-pruinosa-rot\/#primaryimage","url":"https:\/\/tillandsiawebshop.com\/wp-content\/uploads\/2026\/01\/IMG_3923049150607063054.png","contentUrl":"https:\/\/tillandsiawebshop.com\/wp-content\/uploads\/2026\/01\/IMG_3923049150607063054.png","width":1711,"height":1815},{"@type":"BreadcrumbList","@id":"https:\/\/tillandsiawebshop.com\/de\/produkt\/tillandsia-pruinosa-rot\/#breadcrumb","itemListElement":[{"@type":"ListItem","position":1,"name":"Home","item":"https:\/\/tillandsiawebshop.com\/de\/"},{"@type":"ListItem","position":2,"name":"Shop","item":"https:\/\/tillandsiawebshop.com\/de\/shop\/"},{"@type":"ListItem","position":3,"name":"Tillandsia Pruinosa Rot"}]},{"@type":"WebSite","@id":"https:\/\/tillandsiawebshop.com\/de\/#website","url":"https:\/\/tillandsiawebshop.com\/de\/","name":"Corsa Webshop","description":"","publisher":{"@id":"https:\/\/tillandsiawebshop.com\/de\/#organization"},"potentialAction":[{"@type":"SearchAction","target":{"@type":"EntryPoint","urlTemplate":"https:\/\/tillandsiawebshop.com\/de\/?s={search_term_string}"},"query-input":{"@type":"PropertyValueSpecification","valueRequired":true,"valueName":"search_term_string"}}],"inLanguage":"de-DE"},{"@type":"Organization","@id":"https:\/\/tillandsiawebshop.com\/de\/#organization","name":"Corsa International B.V.","url":"https:\/\/tillandsiawebshop.com\/de\/","logo":{"@type":"ImageObject","inLanguage":"de-DE","@id":"https:\/\/tillandsiawebshop.com\/de\/#\/schema\/logo\/image\/","url":"https:\/\/tillandsiawebshop.com\/wp-content\/uploads\/2018\/10\/corsa-logo-lg.png","contentUrl":"https:\/\/tillandsiawebshop.com\/wp-content\/uploads\/2018\/10\/corsa-logo-lg.png","width":1168,"height":105,"caption":"Corsa International B.V."},"image":{"@id":"https:\/\/tillandsiawebshop.com\/de\/#\/schema\/logo\/image\/"}}]}},"_links":{"self":[{"href":"https:\/\/tillandsiawebshop.com\/de\/wp-json\/wp\/v2\/product\/22380","targetHints":{"allow":["GET"]}}],"collection":[{"href":"https:\/\/tillandsiawebshop.com\/de\/wp-json\/wp\/v2\/product"}],"about":[{"href":"https:\/\/tillandsiawebshop.com\/de\/wp-json\/wp\/v2\/types\/product"}],"replies":[{"embeddable":true,"href":"https:\/\/tillandsiawebshop.com\/de\/wp-json\/wp\/v2\/comments?post=22380"}],"wp:featuredmedia":[{"embeddable":true,"href":"https:\/\/tillandsiawebshop.com\/de\/wp-json\/wp\/v2\/media\/22384"}],"wp:attachment":[{"href":"https:\/\/tillandsiawebshop.com\/de\/wp-json\/wp\/v2\/media?parent=22380"}],"wp:term":[{"taxonomy":"product_brand","embeddable":true,"href":"https:\/\/tillandsiawebshop.com\/de\/wp-json\/wp\/v2\/product_brand?post=22380"},{"taxonomy":"product_cat","embeddable":true,"href":"https:\/\/tillandsiawebshop.com\/de\/wp-json\/wp\/v2\/product_cat?post=22380"},{"taxonomy":"product_tag","embeddable":true,"href":"https:\/\/tillandsiawebshop.com\/de\/wp-json\/wp\/v2\/product_tag?post=22380"}],"curies":[{"name":"wp","href":"https:\/\/api.w.org\/{rel}","templated":true}]}}