{"id":21948,"date":"2025-07-24T08:32:26","date_gmt":"2025-07-24T06:32:26","guid":{"rendered":"https:\/\/tillandsiawebshop.com\/?post_type=product&#038;p=21948"},"modified":"2025-07-24T09:03:32","modified_gmt":"2025-07-24T07:03:32","slug":"tillandsia-haus-quadratischen-rahmen-geschenkpackung-pro-6-stuck","status":"publish","type":"product","link":"https:\/\/tillandsiawebshop.com\/de\/produkt\/tillandsia-haus-quadratischen-rahmen-geschenkpackung-pro-6-stuck\/","title":{"rendered":"Tillandsia Haus quadratischer Rahmen Geschenkpaket pro 6 St\u00fcck"},"content":{"rendered":"<p>Tillandsia House Quadratischer Rahmen Geschenkpackung, 6 St\u00fcck pro Packung!<\/p>\n<p>Diese wundersch\u00f6ne Geschenkbox enth\u00e4lt auf der R\u00fcckseite Pflegetipps f\u00fcr die Tillandsien.<\/p>\n<p>Die Verpackung ist ganz im Corsa-Stil gehalten und passt perfekt zum fantastischen Arrangement!<\/p>\n<p>Das perfekte Geschenk f\u00fcr jeden Anlass.<\/p>\n<p>Verpackungsma\u00dfe: 9 x 9 x 19 cm (L x B x H)<\/p>\n","protected":false},"excerpt":{"rendered":"<p>Eine komplette Geschenkverpackung mit Tillandsien-H\u00e4usern im quadratischen Rahmen.<\/p>\n<p>Tillandsien in einem schwarzen Haus oder quadratischen Rahmen.<\/p>\n<p>6 St\u00fcck pro Geschenkverpackung.<\/p>\n<p>Rahmendurchmesser: 8 cm.<\/p>\n<p>Pflegetipps f\u00fcr dieses Produkt finden Sie hier auf unserer Pflegeseite.<\/p>\n","protected":false},"featured_media":21952,"comment_status":"open","ping_status":"closed","template":"","meta":{"_acf_changed":false},"product_brand":[],"product_cat":[117],"product_tag":[],"class_list":{"0":"post-21948","1":"product","2":"type-product","3":"status-publish","4":"has-post-thumbnail","6":"product_cat-tillandsien-im-glas","8":"first","9":"instock","10":"taxable","11":"shipping-taxable","12":"purchasable","13":"product-type-simple"},"acf":[],"tiered_pricing_type":"fixed","tiered_pricing_fixed_rules":[],"yoast_head":"<!-- This site is optimized with the Yoast SEO Premium plugin v27.4 (Yoast SEO v27.4) - https:\/\/yoast.com\/product\/yoast-seo-premium-wordpress\/ -->\n<title>Tillandsia Haus quadratischer Rahmen Geschenkpaket pro 6 St\u00fcck - Corsa Webshop luchtplantjes, Tillandsia<\/title>\n<meta name=\"description\" content=\"Tillandsia Haus im quadratischen Rahmen als Geschenkverpackung. Entdecken Sie die Luftpflanzen im Corsa Tillandsia Webshop. Tillandsia-Pflanzen f\u00fcr Floristen und Gro\u00dfh\u00e4ndler!\" \/>\n<meta name=\"robots\" content=\"index, follow, max-snippet:-1, max-image-preview:large, max-video-preview:-1\" \/>\n<link rel=\"canonical\" href=\"https:\/\/tillandsiawebshop.com\/de\/produkt\/tillandsia-haus-quadratischen-rahmen-geschenkpackung-pro-6-stuck\/\" \/>\n<meta property=\"og:locale\" content=\"de_DE\" \/>\n<meta property=\"og:type\" content=\"article\" \/>\n<meta property=\"og:title\" content=\"Tillandsia Haus quadratischer Rahmen Geschenkpaket pro 6 St\u00fcck\" \/>\n<meta property=\"og:description\" content=\"Tillandsia Haus im quadratischen Rahmen als Geschenkverpackung. Entdecken Sie die Luftpflanzen im Corsa Tillandsia Webshop. Tillandsia-Pflanzen f\u00fcr Floristen und Gro\u00dfh\u00e4ndler!\" \/>\n<meta property=\"og:url\" content=\"https:\/\/tillandsiawebshop.com\/de\/produkt\/tillandsia-haus-quadratischen-rahmen-geschenkpackung-pro-6-stuck\/\" \/>\n<meta property=\"og:site_name\" content=\"Corsa Webshop\" \/>\n<meta property=\"article:modified_time\" content=\"2025-07-24T07:03:32+00:00\" \/>\n<meta property=\"og:image\" content=\"https:\/\/tillandsiawebshop.com\/wp-content\/uploads\/2025\/07\/till.-frame-mix-2.png\" \/>\n\t<meta property=\"og:image:width\" content=\"1920\" \/>\n\t<meta property=\"og:image:height\" content=\"1927\" \/>\n\t<meta property=\"og:image:type\" content=\"image\/png\" \/>\n<meta name=\"twitter:card\" content=\"summary_large_image\" \/>\n<meta name=\"twitter:label1\" content=\"Gesch\u00e4tzte Lesezeit\" \/>\n\t<meta name=\"twitter:data1\" content=\"1 minute\" \/>\n<script type=\"application\/ld+json\" class=\"yoast-schema-graph\">{\"@context\":\"https:\\\/\\\/schema.org\",\"@graph\":[{\"@type\":\"WebPage\",\"@id\":\"https:\\\/\\\/tillandsiawebshop.com\\\/de\\\/produkt\\\/tillandsia-haus-quadratischen-rahmen-geschenkpackung-pro-6-stuck\\\/\",\"url\":\"https:\\\/\\\/tillandsiawebshop.com\\\/de\\\/produkt\\\/tillandsia-haus-quadratischen-rahmen-geschenkpackung-pro-6-stuck\\\/\",\"name\":\"Tillandsia Haus quadratischer Rahmen Geschenkpaket pro 6 St\u00fcck - Corsa Webshop luchtplantjes, Tillandsia\",\"isPartOf\":{\"@id\":\"https:\\\/\\\/tillandsiawebshop.com\\\/de\\\/#website\"},\"primaryImageOfPage\":{\"@id\":\"https:\\\/\\\/tillandsiawebshop.com\\\/de\\\/produkt\\\/tillandsia-haus-quadratischen-rahmen-geschenkpackung-pro-6-stuck\\\/#primaryimage\"},\"image\":{\"@id\":\"https:\\\/\\\/tillandsiawebshop.com\\\/de\\\/produkt\\\/tillandsia-haus-quadratischen-rahmen-geschenkpackung-pro-6-stuck\\\/#primaryimage\"},\"thumbnailUrl\":\"https:\\\/\\\/tillandsiawebshop.com\\\/wp-content\\\/uploads\\\/2025\\\/07\\\/till.-frame-mix-2.png\",\"datePublished\":\"2025-07-24T06:32:26+00:00\",\"dateModified\":\"2025-07-24T07:03:32+00:00\",\"description\":\"Tillandsia Haus im quadratischen Rahmen als Geschenkverpackung. Entdecken Sie die Luftpflanzen im Corsa Tillandsia Webshop. Tillandsia-Pflanzen f\u00fcr Floristen und Gro\u00dfh\u00e4ndler!\",\"breadcrumb\":{\"@id\":\"https:\\\/\\\/tillandsiawebshop.com\\\/de\\\/produkt\\\/tillandsia-haus-quadratischen-rahmen-geschenkpackung-pro-6-stuck\\\/#breadcrumb\"},\"inLanguage\":\"de-DE\",\"potentialAction\":[{\"@type\":\"ReadAction\",\"target\":[\"https:\\\/\\\/tillandsiawebshop.com\\\/de\\\/produkt\\\/tillandsia-haus-quadratischen-rahmen-geschenkpackung-pro-6-stuck\\\/\"]}]},{\"@type\":\"ImageObject\",\"inLanguage\":\"de-DE\",\"@id\":\"https:\\\/\\\/tillandsiawebshop.com\\\/de\\\/produkt\\\/tillandsia-haus-quadratischen-rahmen-geschenkpackung-pro-6-stuck\\\/#primaryimage\",\"url\":\"https:\\\/\\\/tillandsiawebshop.com\\\/wp-content\\\/uploads\\\/2025\\\/07\\\/till.-frame-mix-2.png\",\"contentUrl\":\"https:\\\/\\\/tillandsiawebshop.com\\\/wp-content\\\/uploads\\\/2025\\\/07\\\/till.-frame-mix-2.png\",\"width\":1920,\"height\":1927},{\"@type\":\"BreadcrumbList\",\"@id\":\"https:\\\/\\\/tillandsiawebshop.com\\\/de\\\/produkt\\\/tillandsia-haus-quadratischen-rahmen-geschenkpackung-pro-6-stuck\\\/#breadcrumb\",\"itemListElement\":[{\"@type\":\"ListItem\",\"position\":1,\"name\":\"Home\",\"item\":\"https:\\\/\\\/tillandsiawebshop.com\\\/de\\\/\"},{\"@type\":\"ListItem\",\"position\":2,\"name\":\"Shop\",\"item\":\"https:\\\/\\\/tillandsiawebshop.com\\\/de\\\/shop\\\/\"},{\"@type\":\"ListItem\",\"position\":3,\"name\":\"Tillandsia Haus quadratischer Rahmen Geschenkpaket pro 6 St\u00fcck\"}]},{\"@type\":\"WebSite\",\"@id\":\"https:\\\/\\\/tillandsiawebshop.com\\\/de\\\/#website\",\"url\":\"https:\\\/\\\/tillandsiawebshop.com\\\/de\\\/\",\"name\":\"Corsa Webshop\",\"description\":\"\",\"publisher\":{\"@id\":\"https:\\\/\\\/tillandsiawebshop.com\\\/de\\\/#organization\"},\"potentialAction\":[{\"@type\":\"SearchAction\",\"target\":{\"@type\":\"EntryPoint\",\"urlTemplate\":\"https:\\\/\\\/tillandsiawebshop.com\\\/de\\\/?s={search_term_string}\"},\"query-input\":{\"@type\":\"PropertyValueSpecification\",\"valueRequired\":true,\"valueName\":\"search_term_string\"}}],\"inLanguage\":\"de-DE\"},{\"@type\":\"Organization\",\"@id\":\"https:\\\/\\\/tillandsiawebshop.com\\\/de\\\/#organization\",\"name\":\"Corsa International B.V.\",\"url\":\"https:\\\/\\\/tillandsiawebshop.com\\\/de\\\/\",\"logo\":{\"@type\":\"ImageObject\",\"inLanguage\":\"de-DE\",\"@id\":\"https:\\\/\\\/tillandsiawebshop.com\\\/de\\\/#\\\/schema\\\/logo\\\/image\\\/\",\"url\":\"https:\\\/\\\/tillandsiawebshop.com\\\/wp-content\\\/uploads\\\/2018\\\/10\\\/corsa-logo-lg.png\",\"contentUrl\":\"https:\\\/\\\/tillandsiawebshop.com\\\/wp-content\\\/uploads\\\/2018\\\/10\\\/corsa-logo-lg.png\",\"width\":1168,\"height\":105,\"caption\":\"Corsa International B.V.\"},\"image\":{\"@id\":\"https:\\\/\\\/tillandsiawebshop.com\\\/de\\\/#\\\/schema\\\/logo\\\/image\\\/\"}}]}<\/script>\n<!-- \/ Yoast SEO Premium plugin. -->","yoast_head_json":{"title":"Tillandsia Haus quadratischer Rahmen Geschenkpaket pro 6 St\u00fcck - Corsa Webshop luchtplantjes, Tillandsia","description":"Tillandsia Haus im quadratischen Rahmen als Geschenkverpackung. Entdecken Sie die Luftpflanzen im Corsa Tillandsia Webshop. Tillandsia-Pflanzen f\u00fcr Floristen und Gro\u00dfh\u00e4ndler!","robots":{"index":"index","follow":"follow","max-snippet":"max-snippet:-1","max-image-preview":"max-image-preview:large","max-video-preview":"max-video-preview:-1"},"canonical":"https:\/\/tillandsiawebshop.com\/de\/produkt\/tillandsia-haus-quadratischen-rahmen-geschenkpackung-pro-6-stuck\/","og_locale":"de_DE","og_type":"article","og_title":"Tillandsia Haus quadratischer Rahmen Geschenkpaket pro 6 St\u00fcck","og_description":"Tillandsia Haus im quadratischen Rahmen als Geschenkverpackung. Entdecken Sie die Luftpflanzen im Corsa Tillandsia Webshop. Tillandsia-Pflanzen f\u00fcr Floristen und Gro\u00dfh\u00e4ndler!","og_url":"https:\/\/tillandsiawebshop.com\/de\/produkt\/tillandsia-haus-quadratischen-rahmen-geschenkpackung-pro-6-stuck\/","og_site_name":"Corsa Webshop","article_modified_time":"2025-07-24T07:03:32+00:00","og_image":[{"width":1920,"height":1927,"url":"https:\/\/tillandsiawebshop.com\/wp-content\/uploads\/2025\/07\/till.-frame-mix-2.png","type":"image\/png"}],"twitter_card":"summary_large_image","twitter_misc":{"Gesch\u00e4tzte Lesezeit":"1 minute"},"schema":{"@context":"https:\/\/schema.org","@graph":[{"@type":"WebPage","@id":"https:\/\/tillandsiawebshop.com\/de\/produkt\/tillandsia-haus-quadratischen-rahmen-geschenkpackung-pro-6-stuck\/","url":"https:\/\/tillandsiawebshop.com\/de\/produkt\/tillandsia-haus-quadratischen-rahmen-geschenkpackung-pro-6-stuck\/","name":"Tillandsia Haus quadratischer Rahmen Geschenkpaket pro 6 St\u00fcck - Corsa Webshop luchtplantjes, Tillandsia","isPartOf":{"@id":"https:\/\/tillandsiawebshop.com\/de\/#website"},"primaryImageOfPage":{"@id":"https:\/\/tillandsiawebshop.com\/de\/produkt\/tillandsia-haus-quadratischen-rahmen-geschenkpackung-pro-6-stuck\/#primaryimage"},"image":{"@id":"https:\/\/tillandsiawebshop.com\/de\/produkt\/tillandsia-haus-quadratischen-rahmen-geschenkpackung-pro-6-stuck\/#primaryimage"},"thumbnailUrl":"https:\/\/tillandsiawebshop.com\/wp-content\/uploads\/2025\/07\/till.-frame-mix-2.png","datePublished":"2025-07-24T06:32:26+00:00","dateModified":"2025-07-24T07:03:32+00:00","description":"Tillandsia Haus im quadratischen Rahmen als Geschenkverpackung. Entdecken Sie die Luftpflanzen im Corsa Tillandsia Webshop. Tillandsia-Pflanzen f\u00fcr Floristen und Gro\u00dfh\u00e4ndler!","breadcrumb":{"@id":"https:\/\/tillandsiawebshop.com\/de\/produkt\/tillandsia-haus-quadratischen-rahmen-geschenkpackung-pro-6-stuck\/#breadcrumb"},"inLanguage":"de-DE","potentialAction":[{"@type":"ReadAction","target":["https:\/\/tillandsiawebshop.com\/de\/produkt\/tillandsia-haus-quadratischen-rahmen-geschenkpackung-pro-6-stuck\/"]}]},{"@type":"ImageObject","inLanguage":"de-DE","@id":"https:\/\/tillandsiawebshop.com\/de\/produkt\/tillandsia-haus-quadratischen-rahmen-geschenkpackung-pro-6-stuck\/#primaryimage","url":"https:\/\/tillandsiawebshop.com\/wp-content\/uploads\/2025\/07\/till.-frame-mix-2.png","contentUrl":"https:\/\/tillandsiawebshop.com\/wp-content\/uploads\/2025\/07\/till.-frame-mix-2.png","width":1920,"height":1927},{"@type":"BreadcrumbList","@id":"https:\/\/tillandsiawebshop.com\/de\/produkt\/tillandsia-haus-quadratischen-rahmen-geschenkpackung-pro-6-stuck\/#breadcrumb","itemListElement":[{"@type":"ListItem","position":1,"name":"Home","item":"https:\/\/tillandsiawebshop.com\/de\/"},{"@type":"ListItem","position":2,"name":"Shop","item":"https:\/\/tillandsiawebshop.com\/de\/shop\/"},{"@type":"ListItem","position":3,"name":"Tillandsia Haus quadratischer Rahmen Geschenkpaket pro 6 St\u00fcck"}]},{"@type":"WebSite","@id":"https:\/\/tillandsiawebshop.com\/de\/#website","url":"https:\/\/tillandsiawebshop.com\/de\/","name":"Corsa Webshop","description":"","publisher":{"@id":"https:\/\/tillandsiawebshop.com\/de\/#organization"},"potentialAction":[{"@type":"SearchAction","target":{"@type":"EntryPoint","urlTemplate":"https:\/\/tillandsiawebshop.com\/de\/?s={search_term_string}"},"query-input":{"@type":"PropertyValueSpecification","valueRequired":true,"valueName":"search_term_string"}}],"inLanguage":"de-DE"},{"@type":"Organization","@id":"https:\/\/tillandsiawebshop.com\/de\/#organization","name":"Corsa International B.V.","url":"https:\/\/tillandsiawebshop.com\/de\/","logo":{"@type":"ImageObject","inLanguage":"de-DE","@id":"https:\/\/tillandsiawebshop.com\/de\/#\/schema\/logo\/image\/","url":"https:\/\/tillandsiawebshop.com\/wp-content\/uploads\/2018\/10\/corsa-logo-lg.png","contentUrl":"https:\/\/tillandsiawebshop.com\/wp-content\/uploads\/2018\/10\/corsa-logo-lg.png","width":1168,"height":105,"caption":"Corsa International B.V."},"image":{"@id":"https:\/\/tillandsiawebshop.com\/de\/#\/schema\/logo\/image\/"}}]}},"_links":{"self":[{"href":"https:\/\/tillandsiawebshop.com\/de\/wp-json\/wp\/v2\/product\/21948","targetHints":{"allow":["GET"]}}],"collection":[{"href":"https:\/\/tillandsiawebshop.com\/de\/wp-json\/wp\/v2\/product"}],"about":[{"href":"https:\/\/tillandsiawebshop.com\/de\/wp-json\/wp\/v2\/types\/product"}],"replies":[{"embeddable":true,"href":"https:\/\/tillandsiawebshop.com\/de\/wp-json\/wp\/v2\/comments?post=21948"}],"wp:featuredmedia":[{"embeddable":true,"href":"https:\/\/tillandsiawebshop.com\/de\/wp-json\/wp\/v2\/media\/21952"}],"wp:attachment":[{"href":"https:\/\/tillandsiawebshop.com\/de\/wp-json\/wp\/v2\/media?parent=21948"}],"wp:term":[{"taxonomy":"product_brand","embeddable":true,"href":"https:\/\/tillandsiawebshop.com\/de\/wp-json\/wp\/v2\/product_brand?post=21948"},{"taxonomy":"product_cat","embeddable":true,"href":"https:\/\/tillandsiawebshop.com\/de\/wp-json\/wp\/v2\/product_cat?post=21948"},{"taxonomy":"product_tag","embeddable":true,"href":"https:\/\/tillandsiawebshop.com\/de\/wp-json\/wp\/v2\/product_tag?post=21948"}],"curies":[{"name":"wp","href":"https:\/\/api.w.org\/{rel}","templated":true}]}}