{"id":21447,"date":"2025-01-27T09:41:59","date_gmt":"2025-01-27T08:41:59","guid":{"rendered":"https:\/\/tillandsiawebshop.com\/?post_type=product&#038;p=21447"},"modified":"2025-01-27T10:15:15","modified_gmt":"2025-01-27T09:15:15","slug":"tillandsia-diamantroter-topf-kopie","status":"publish","type":"product","link":"https:\/\/tillandsiawebshop.com\/de\/produkt\/tillandsia-diamantroter-topf-kopie\/","title":{"rendered":"Tillandsia-Herzflasche &#8211; Set mit 12 St\u00fcck"},"content":{"rendered":"<p>Ein sch\u00f6nes herzf\u00f6rmiges Glas mit einem Ionantha-Baby darin!<br \/>\nSch\u00f6n f\u00fcr die Fensterbank, aber auch sehr sch\u00f6n als Geschenk f\u00fcr Ihre Liebsten!<br \/>\nBeliebt am Valentinstag und Muttertag!<\/p>\n","protected":false},"excerpt":{"rendered":"<p>Eine Schachtel mit 12 St\u00fcck dieser s\u00fc\u00dfen und wundersch\u00f6nen herzf\u00f6rmigen Gl\u00e4ser mit einem Ionantha-Baby darin!<\/p>\n<p>Glasdurchmesser: 8 cm<br \/>\nGlash\u00f6he: 10 cm<\/p>\n","protected":false},"featured_media":21451,"comment_status":"open","ping_status":"closed","template":"","meta":{"_acf_changed":false},"product_brand":[],"product_cat":[117],"product_tag":[],"class_list":{"0":"post-21447","1":"product","2":"type-product","3":"status-publish","4":"has-post-thumbnail","6":"product_cat-tillandsien-im-glas","8":"first","9":"instock","10":"taxable","11":"shipping-taxable","12":"purchasable","13":"product-type-simple"},"acf":[],"tiered_pricing_type":"fixed","tiered_pricing_fixed_rules":[],"yoast_head":"<!-- This site is optimized with the Yoast SEO Premium plugin v27.5 (Yoast SEO v27.5) - https:\/\/yoast.com\/product\/yoast-seo-premium-wordpress\/ -->\n<title>Tillandsia-Herzflasche - Set mit 12 St\u00fcck - Corsa Webshop luchtplantjes, Tillandsia<\/title>\n<meta name=\"description\" content=\"Tillandsien im herzf\u00f6rmigen Glas. Sehen Sie sich die Luftpflanzen im Corsa Tillandsia Webshop an. Luftpflanzen und Tillandsien f\u00fcr den Floristen und Gro\u00dfh\u00e4ndler!\" \/>\n<meta name=\"robots\" content=\"index, follow, max-snippet:-1, max-image-preview:large, max-video-preview:-1\" \/>\n<link rel=\"canonical\" href=\"https:\/\/tillandsiawebshop.com\/de\/produkt\/tillandsia-diamantroter-topf-kopie\/\" \/>\n<meta property=\"og:locale\" content=\"de_DE\" \/>\n<meta property=\"og:type\" content=\"article\" \/>\n<meta property=\"og:title\" content=\"Tillandsia-Herzflasche - Set mit 12 St\u00fcck\" \/>\n<meta property=\"og:description\" content=\"Tillandsien im herzf\u00f6rmigen Glas. Sehen Sie sich die Luftpflanzen im Corsa Tillandsia Webshop an. Luftpflanzen und Tillandsien f\u00fcr den Floristen und Gro\u00dfh\u00e4ndler!\" \/>\n<meta property=\"og:url\" content=\"https:\/\/tillandsiawebshop.com\/de\/produkt\/tillandsia-diamantroter-topf-kopie\/\" \/>\n<meta property=\"og:site_name\" content=\"Corsa Webshop\" \/>\n<meta property=\"article:modified_time\" content=\"2025-01-27T09:15:15+00:00\" \/>\n<meta property=\"og:image\" content=\"https:\/\/tillandsiawebshop.com\/wp-content\/uploads\/2025\/01\/till.-heart-bottle-small-3.jpg\" \/>\n\t<meta property=\"og:image:width\" content=\"574\" \/>\n\t<meta property=\"og:image:height\" content=\"868\" \/>\n\t<meta property=\"og:image:type\" content=\"image\/jpeg\" \/>\n<meta name=\"twitter:card\" content=\"summary_large_image\" \/>\n<meta name=\"twitter:label1\" content=\"Gesch\u00e4tzte Lesezeit\" \/>\n\t<meta name=\"twitter:data1\" content=\"1 minute\" \/>\n<script type=\"application\/ld+json\" class=\"yoast-schema-graph\">{\"@context\":\"https:\\\/\\\/schema.org\",\"@graph\":[{\"@type\":\"WebPage\",\"@id\":\"https:\\\/\\\/tillandsiawebshop.com\\\/de\\\/produkt\\\/tillandsia-diamantroter-topf-kopie\\\/\",\"url\":\"https:\\\/\\\/tillandsiawebshop.com\\\/de\\\/produkt\\\/tillandsia-diamantroter-topf-kopie\\\/\",\"name\":\"Tillandsia-Herzflasche - Set mit 12 St\u00fcck - Corsa Webshop luchtplantjes, Tillandsia\",\"isPartOf\":{\"@id\":\"https:\\\/\\\/tillandsiawebshop.com\\\/de\\\/#website\"},\"primaryImageOfPage\":{\"@id\":\"https:\\\/\\\/tillandsiawebshop.com\\\/de\\\/produkt\\\/tillandsia-diamantroter-topf-kopie\\\/#primaryimage\"},\"image\":{\"@id\":\"https:\\\/\\\/tillandsiawebshop.com\\\/de\\\/produkt\\\/tillandsia-diamantroter-topf-kopie\\\/#primaryimage\"},\"thumbnailUrl\":\"https:\\\/\\\/tillandsiawebshop.com\\\/wp-content\\\/uploads\\\/2025\\\/01\\\/till.-heart-bottle-small-3.jpg\",\"datePublished\":\"2025-01-27T08:41:59+00:00\",\"dateModified\":\"2025-01-27T09:15:15+00:00\",\"description\":\"Tillandsien im herzf\u00f6rmigen Glas. Sehen Sie sich die Luftpflanzen im Corsa Tillandsia Webshop an. Luftpflanzen und Tillandsien f\u00fcr den Floristen und Gro\u00dfh\u00e4ndler!\",\"breadcrumb\":{\"@id\":\"https:\\\/\\\/tillandsiawebshop.com\\\/de\\\/produkt\\\/tillandsia-diamantroter-topf-kopie\\\/#breadcrumb\"},\"inLanguage\":\"de-DE\",\"potentialAction\":[{\"@type\":\"ReadAction\",\"target\":[\"https:\\\/\\\/tillandsiawebshop.com\\\/de\\\/produkt\\\/tillandsia-diamantroter-topf-kopie\\\/\"]}]},{\"@type\":\"ImageObject\",\"inLanguage\":\"de-DE\",\"@id\":\"https:\\\/\\\/tillandsiawebshop.com\\\/de\\\/produkt\\\/tillandsia-diamantroter-topf-kopie\\\/#primaryimage\",\"url\":\"https:\\\/\\\/tillandsiawebshop.com\\\/wp-content\\\/uploads\\\/2025\\\/01\\\/till.-heart-bottle-small-3.jpg\",\"contentUrl\":\"https:\\\/\\\/tillandsiawebshop.com\\\/wp-content\\\/uploads\\\/2025\\\/01\\\/till.-heart-bottle-small-3.jpg\",\"width\":574,\"height\":868},{\"@type\":\"BreadcrumbList\",\"@id\":\"https:\\\/\\\/tillandsiawebshop.com\\\/de\\\/produkt\\\/tillandsia-diamantroter-topf-kopie\\\/#breadcrumb\",\"itemListElement\":[{\"@type\":\"ListItem\",\"position\":1,\"name\":\"Home\",\"item\":\"https:\\\/\\\/tillandsiawebshop.com\\\/de\\\/\"},{\"@type\":\"ListItem\",\"position\":2,\"name\":\"Shop\",\"item\":\"https:\\\/\\\/tillandsiawebshop.com\\\/de\\\/shop\\\/\"},{\"@type\":\"ListItem\",\"position\":3,\"name\":\"Tillandsia-Herzflasche &#8211; Set mit 12 St\u00fcck\"}]},{\"@type\":\"WebSite\",\"@id\":\"https:\\\/\\\/tillandsiawebshop.com\\\/de\\\/#website\",\"url\":\"https:\\\/\\\/tillandsiawebshop.com\\\/de\\\/\",\"name\":\"Corsa Webshop\",\"description\":\"\",\"publisher\":{\"@id\":\"https:\\\/\\\/tillandsiawebshop.com\\\/de\\\/#organization\"},\"potentialAction\":[{\"@type\":\"SearchAction\",\"target\":{\"@type\":\"EntryPoint\",\"urlTemplate\":\"https:\\\/\\\/tillandsiawebshop.com\\\/de\\\/?s={search_term_string}\"},\"query-input\":{\"@type\":\"PropertyValueSpecification\",\"valueRequired\":true,\"valueName\":\"search_term_string\"}}],\"inLanguage\":\"de-DE\"},{\"@type\":\"Organization\",\"@id\":\"https:\\\/\\\/tillandsiawebshop.com\\\/de\\\/#organization\",\"name\":\"Corsa International B.V.\",\"url\":\"https:\\\/\\\/tillandsiawebshop.com\\\/de\\\/\",\"logo\":{\"@type\":\"ImageObject\",\"inLanguage\":\"de-DE\",\"@id\":\"https:\\\/\\\/tillandsiawebshop.com\\\/de\\\/#\\\/schema\\\/logo\\\/image\\\/\",\"url\":\"https:\\\/\\\/tillandsiawebshop.com\\\/wp-content\\\/uploads\\\/2018\\\/10\\\/corsa-logo-lg.png\",\"contentUrl\":\"https:\\\/\\\/tillandsiawebshop.com\\\/wp-content\\\/uploads\\\/2018\\\/10\\\/corsa-logo-lg.png\",\"width\":1168,\"height\":105,\"caption\":\"Corsa International B.V.\"},\"image\":{\"@id\":\"https:\\\/\\\/tillandsiawebshop.com\\\/de\\\/#\\\/schema\\\/logo\\\/image\\\/\"}}]}<\/script>\n<!-- \/ Yoast SEO Premium plugin. -->","yoast_head_json":{"title":"Tillandsia-Herzflasche - Set mit 12 St\u00fcck - Corsa Webshop luchtplantjes, Tillandsia","description":"Tillandsien im herzf\u00f6rmigen Glas. Sehen Sie sich die Luftpflanzen im Corsa Tillandsia Webshop an. Luftpflanzen und Tillandsien f\u00fcr den Floristen und Gro\u00dfh\u00e4ndler!","robots":{"index":"index","follow":"follow","max-snippet":"max-snippet:-1","max-image-preview":"max-image-preview:large","max-video-preview":"max-video-preview:-1"},"canonical":"https:\/\/tillandsiawebshop.com\/de\/produkt\/tillandsia-diamantroter-topf-kopie\/","og_locale":"de_DE","og_type":"article","og_title":"Tillandsia-Herzflasche - Set mit 12 St\u00fcck","og_description":"Tillandsien im herzf\u00f6rmigen Glas. Sehen Sie sich die Luftpflanzen im Corsa Tillandsia Webshop an. Luftpflanzen und Tillandsien f\u00fcr den Floristen und Gro\u00dfh\u00e4ndler!","og_url":"https:\/\/tillandsiawebshop.com\/de\/produkt\/tillandsia-diamantroter-topf-kopie\/","og_site_name":"Corsa Webshop","article_modified_time":"2025-01-27T09:15:15+00:00","og_image":[{"width":574,"height":868,"url":"https:\/\/tillandsiawebshop.com\/wp-content\/uploads\/2025\/01\/till.-heart-bottle-small-3.jpg","type":"image\/jpeg"}],"twitter_card":"summary_large_image","twitter_misc":{"Gesch\u00e4tzte Lesezeit":"1 minute"},"schema":{"@context":"https:\/\/schema.org","@graph":[{"@type":"WebPage","@id":"https:\/\/tillandsiawebshop.com\/de\/produkt\/tillandsia-diamantroter-topf-kopie\/","url":"https:\/\/tillandsiawebshop.com\/de\/produkt\/tillandsia-diamantroter-topf-kopie\/","name":"Tillandsia-Herzflasche - Set mit 12 St\u00fcck - Corsa Webshop luchtplantjes, Tillandsia","isPartOf":{"@id":"https:\/\/tillandsiawebshop.com\/de\/#website"},"primaryImageOfPage":{"@id":"https:\/\/tillandsiawebshop.com\/de\/produkt\/tillandsia-diamantroter-topf-kopie\/#primaryimage"},"image":{"@id":"https:\/\/tillandsiawebshop.com\/de\/produkt\/tillandsia-diamantroter-topf-kopie\/#primaryimage"},"thumbnailUrl":"https:\/\/tillandsiawebshop.com\/wp-content\/uploads\/2025\/01\/till.-heart-bottle-small-3.jpg","datePublished":"2025-01-27T08:41:59+00:00","dateModified":"2025-01-27T09:15:15+00:00","description":"Tillandsien im herzf\u00f6rmigen Glas. Sehen Sie sich die Luftpflanzen im Corsa Tillandsia Webshop an. Luftpflanzen und Tillandsien f\u00fcr den Floristen und Gro\u00dfh\u00e4ndler!","breadcrumb":{"@id":"https:\/\/tillandsiawebshop.com\/de\/produkt\/tillandsia-diamantroter-topf-kopie\/#breadcrumb"},"inLanguage":"de-DE","potentialAction":[{"@type":"ReadAction","target":["https:\/\/tillandsiawebshop.com\/de\/produkt\/tillandsia-diamantroter-topf-kopie\/"]}]},{"@type":"ImageObject","inLanguage":"de-DE","@id":"https:\/\/tillandsiawebshop.com\/de\/produkt\/tillandsia-diamantroter-topf-kopie\/#primaryimage","url":"https:\/\/tillandsiawebshop.com\/wp-content\/uploads\/2025\/01\/till.-heart-bottle-small-3.jpg","contentUrl":"https:\/\/tillandsiawebshop.com\/wp-content\/uploads\/2025\/01\/till.-heart-bottle-small-3.jpg","width":574,"height":868},{"@type":"BreadcrumbList","@id":"https:\/\/tillandsiawebshop.com\/de\/produkt\/tillandsia-diamantroter-topf-kopie\/#breadcrumb","itemListElement":[{"@type":"ListItem","position":1,"name":"Home","item":"https:\/\/tillandsiawebshop.com\/de\/"},{"@type":"ListItem","position":2,"name":"Shop","item":"https:\/\/tillandsiawebshop.com\/de\/shop\/"},{"@type":"ListItem","position":3,"name":"Tillandsia-Herzflasche &#8211; Set mit 12 St\u00fcck"}]},{"@type":"WebSite","@id":"https:\/\/tillandsiawebshop.com\/de\/#website","url":"https:\/\/tillandsiawebshop.com\/de\/","name":"Corsa Webshop","description":"","publisher":{"@id":"https:\/\/tillandsiawebshop.com\/de\/#organization"},"potentialAction":[{"@type":"SearchAction","target":{"@type":"EntryPoint","urlTemplate":"https:\/\/tillandsiawebshop.com\/de\/?s={search_term_string}"},"query-input":{"@type":"PropertyValueSpecification","valueRequired":true,"valueName":"search_term_string"}}],"inLanguage":"de-DE"},{"@type":"Organization","@id":"https:\/\/tillandsiawebshop.com\/de\/#organization","name":"Corsa International B.V.","url":"https:\/\/tillandsiawebshop.com\/de\/","logo":{"@type":"ImageObject","inLanguage":"de-DE","@id":"https:\/\/tillandsiawebshop.com\/de\/#\/schema\/logo\/image\/","url":"https:\/\/tillandsiawebshop.com\/wp-content\/uploads\/2018\/10\/corsa-logo-lg.png","contentUrl":"https:\/\/tillandsiawebshop.com\/wp-content\/uploads\/2018\/10\/corsa-logo-lg.png","width":1168,"height":105,"caption":"Corsa International B.V."},"image":{"@id":"https:\/\/tillandsiawebshop.com\/de\/#\/schema\/logo\/image\/"}}]}},"_links":{"self":[{"href":"https:\/\/tillandsiawebshop.com\/de\/wp-json\/wp\/v2\/product\/21447","targetHints":{"allow":["GET"]}}],"collection":[{"href":"https:\/\/tillandsiawebshop.com\/de\/wp-json\/wp\/v2\/product"}],"about":[{"href":"https:\/\/tillandsiawebshop.com\/de\/wp-json\/wp\/v2\/types\/product"}],"replies":[{"embeddable":true,"href":"https:\/\/tillandsiawebshop.com\/de\/wp-json\/wp\/v2\/comments?post=21447"}],"wp:featuredmedia":[{"embeddable":true,"href":"https:\/\/tillandsiawebshop.com\/de\/wp-json\/wp\/v2\/media\/21451"}],"wp:attachment":[{"href":"https:\/\/tillandsiawebshop.com\/de\/wp-json\/wp\/v2\/media?parent=21447"}],"wp:term":[{"taxonomy":"product_brand","embeddable":true,"href":"https:\/\/tillandsiawebshop.com\/de\/wp-json\/wp\/v2\/product_brand?post=21447"},{"taxonomy":"product_cat","embeddable":true,"href":"https:\/\/tillandsiawebshop.com\/de\/wp-json\/wp\/v2\/product_cat?post=21447"},{"taxonomy":"product_tag","embeddable":true,"href":"https:\/\/tillandsiawebshop.com\/de\/wp-json\/wp\/v2\/product_tag?post=21447"}],"curies":[{"name":"wp","href":"https:\/\/api.w.org\/{rel}","templated":true}]}}