{"id":19388,"date":"2023-07-11T13:47:52","date_gmt":"2023-07-11T11:47:52","guid":{"rendered":"https:\/\/tillandsiawebshop.com\/product\/tillandsia-rainforest-red\/"},"modified":"2025-11-07T10:30:25","modified_gmt":"2025-11-07T09:30:25","slug":"tillandsia-rainforest-red","status":"publish","type":"product","link":"https:\/\/tillandsiawebshop.com\/de\/produkt\/tillandsia-rainforest-red\/","title":{"rendered":"Tillandsia Rainforest Red"},"content":{"rendered":"<p id=\"tw-target-text\" class=\"tw-data-text tw-text-large tw-ta\" dir=\"ltr\" data-placeholder=\"Vertaling\"><span class=\"Y2IQFc\" lang=\"de\">Tillandsia Rainforest Red ist eine wundersch\u00f6ne Art, die das ganze Jahr \u00fcber rot wird, wenn sie bei hellerem Licht w\u00e4chst.<br \/>\nDie \u00e4u\u00dferen Bl\u00e4tter sind sch\u00f6n dunkelgr\u00fcn, w\u00e4hrend die Mitte sch\u00f6n rot ist. Ein wundersch\u00f6ner Neuzugang in der Tillandsia-Familie! Diese Pflanzen sind pflegeleicht und daher eine gute Wahl f\u00fcr Menschen, die noch keine Erfahrung mit Zimmerpflanzen haben. Sie ben\u00f6tigen t\u00e4glich regelm\u00e4\u00dfig indirektes oder gefiltertes Sonnenlicht (ideal also f\u00fcr Schreibtische, Regale, Badezimmer oder Schlafzimmer).<\/p>\n<p>Eine w\u00f6chentliche Wassergabe gen\u00fcgt ihnen. Sie k\u00f6nnen sie zwischendurch jedoch jederzeit bespr\u00fchen, wenn sie etwas trocken aussehen. F\u00fcr die Bew\u00e4sserung k\u00f6nnen Sie unser <span lang=\"nl\"><a href=\"https:\/\/tillandsiawebshop.com\/de\/?attachment_id=183\">Air Plants spray<\/a><\/span> verwenden.<\/span><\/p>\n<p>&nbsp;<\/p>\n<p>&nbsp;<\/p>\n<p>&nbsp;<\/p>\n<p>&nbsp;<\/p>\n","protected":false},"excerpt":{"rendered":"<p>Grobe:<\/p>\n<p>mittel: 8 x 8 cm<br \/>\nGroB: 10 x 10 cm<\/p>\n","protected":false},"featured_media":19383,"comment_status":"open","ping_status":"closed","template":"","meta":{"_acf_changed":false},"product_brand":[],"product_cat":[114],"product_tag":[],"class_list":{"0":"post-19388","1":"product","2":"type-product","3":"status-publish","4":"has-post-thumbnail","6":"product_cat-tillandsien-arten","8":"first","9":"instock","10":"taxable","11":"shipping-taxable","12":"purchasable","13":"product-type-variable"},"acf":[],"tiered_pricing_type":"fixed","tiered_pricing_fixed_rules":[],"yoast_head":"<!-- This site is optimized with the Yoast SEO Premium plugin v27.4 (Yoast SEO v27.4) - https:\/\/yoast.com\/product\/yoast-seo-premium-wordpress\/ -->\n<title>Tillandsia Rainforest Red - Corsa Webshop<\/title>\n<meta name=\"description\" content=\"M\u00f6chten Sie Tillandsia Rainforest Red kaufen? Sehen Sie sich Rainforest Red im Corsa Air Plants Webshop an. Luftpflanzen bzw. Luftpflanzen speziell f\u00fcr den Floristen und Gro\u00dfh\u00e4ndler.\" \/>\n<meta name=\"robots\" content=\"index, follow, max-snippet:-1, max-image-preview:large, max-video-preview:-1\" \/>\n<link rel=\"canonical\" href=\"https:\/\/tillandsiawebshop.com\/de\/produkt\/tillandsia-rainforest-red\/\" \/>\n<meta property=\"og:locale\" content=\"de_DE\" \/>\n<meta property=\"og:type\" content=\"article\" \/>\n<meta property=\"og:title\" content=\"Tillandsia Rainforest Red\" \/>\n<meta property=\"og:description\" content=\"M\u00f6chten Sie Tillandsia Rainforest Red kaufen? Sehen Sie sich Rainforest Red im Corsa Air Plants Webshop an. Luftpflanzen bzw. Luftpflanzen speziell f\u00fcr den Floristen und Gro\u00dfh\u00e4ndler.\" \/>\n<meta property=\"og:url\" content=\"https:\/\/tillandsiawebshop.com\/de\/produkt\/tillandsia-rainforest-red\/\" \/>\n<meta property=\"og:site_name\" content=\"Corsa Webshop\" \/>\n<meta property=\"article:modified_time\" content=\"2025-11-07T09:30:25+00:00\" \/>\n<meta property=\"og:image\" content=\"https:\/\/tillandsiawebshop.com\/wp-content\/uploads\/2023\/07\/till.-Rainforest-Red-2.png\" \/>\n\t<meta property=\"og:image:width\" content=\"1217\" \/>\n\t<meta property=\"og:image:height\" content=\"1387\" \/>\n\t<meta property=\"og:image:type\" content=\"image\/png\" \/>\n<meta name=\"twitter:card\" content=\"summary_large_image\" \/>\n<meta name=\"twitter:label1\" content=\"Gesch\u00e4tzte Lesezeit\" \/>\n\t<meta name=\"twitter:data1\" content=\"1 minute\" \/>\n<script type=\"application\/ld+json\" class=\"yoast-schema-graph\">{\"@context\":\"https:\\\/\\\/schema.org\",\"@graph\":[{\"@type\":\"WebPage\",\"@id\":\"https:\\\/\\\/tillandsiawebshop.com\\\/de\\\/produkt\\\/tillandsia-rainforest-red\\\/\",\"url\":\"https:\\\/\\\/tillandsiawebshop.com\\\/de\\\/produkt\\\/tillandsia-rainforest-red\\\/\",\"name\":\"Tillandsia Rainforest Red - Corsa Webshop\",\"isPartOf\":{\"@id\":\"https:\\\/\\\/tillandsiawebshop.com\\\/de\\\/#website\"},\"primaryImageOfPage\":{\"@id\":\"https:\\\/\\\/tillandsiawebshop.com\\\/de\\\/produkt\\\/tillandsia-rainforest-red\\\/#primaryimage\"},\"image\":{\"@id\":\"https:\\\/\\\/tillandsiawebshop.com\\\/de\\\/produkt\\\/tillandsia-rainforest-red\\\/#primaryimage\"},\"thumbnailUrl\":\"https:\\\/\\\/tillandsiawebshop.com\\\/wp-content\\\/uploads\\\/2023\\\/07\\\/till.-Rainforest-Red-2.png\",\"datePublished\":\"2023-07-11T11:47:52+00:00\",\"dateModified\":\"2025-11-07T09:30:25+00:00\",\"description\":\"M\u00f6chten Sie Tillandsia Rainforest Red kaufen? Sehen Sie sich Rainforest Red im Corsa Air Plants Webshop an. Luftpflanzen bzw. Luftpflanzen speziell f\u00fcr den Floristen und Gro\u00dfh\u00e4ndler.\",\"breadcrumb\":{\"@id\":\"https:\\\/\\\/tillandsiawebshop.com\\\/de\\\/produkt\\\/tillandsia-rainforest-red\\\/#breadcrumb\"},\"inLanguage\":\"de-DE\",\"potentialAction\":[{\"@type\":\"ReadAction\",\"target\":[\"https:\\\/\\\/tillandsiawebshop.com\\\/de\\\/produkt\\\/tillandsia-rainforest-red\\\/\"]}]},{\"@type\":\"ImageObject\",\"inLanguage\":\"de-DE\",\"@id\":\"https:\\\/\\\/tillandsiawebshop.com\\\/de\\\/produkt\\\/tillandsia-rainforest-red\\\/#primaryimage\",\"url\":\"https:\\\/\\\/tillandsiawebshop.com\\\/wp-content\\\/uploads\\\/2023\\\/07\\\/till.-Rainforest-Red-2.png\",\"contentUrl\":\"https:\\\/\\\/tillandsiawebshop.com\\\/wp-content\\\/uploads\\\/2023\\\/07\\\/till.-Rainforest-Red-2.png\",\"width\":1217,\"height\":1387},{\"@type\":\"BreadcrumbList\",\"@id\":\"https:\\\/\\\/tillandsiawebshop.com\\\/de\\\/produkt\\\/tillandsia-rainforest-red\\\/#breadcrumb\",\"itemListElement\":[{\"@type\":\"ListItem\",\"position\":1,\"name\":\"Home\",\"item\":\"https:\\\/\\\/tillandsiawebshop.com\\\/de\\\/\"},{\"@type\":\"ListItem\",\"position\":2,\"name\":\"Shop\",\"item\":\"https:\\\/\\\/tillandsiawebshop.com\\\/de\\\/shop\\\/\"},{\"@type\":\"ListItem\",\"position\":3,\"name\":\"Tillandsia Rainforest Red\"}]},{\"@type\":\"WebSite\",\"@id\":\"https:\\\/\\\/tillandsiawebshop.com\\\/de\\\/#website\",\"url\":\"https:\\\/\\\/tillandsiawebshop.com\\\/de\\\/\",\"name\":\"Corsa Webshop\",\"description\":\"\",\"publisher\":{\"@id\":\"https:\\\/\\\/tillandsiawebshop.com\\\/de\\\/#organization\"},\"potentialAction\":[{\"@type\":\"SearchAction\",\"target\":{\"@type\":\"EntryPoint\",\"urlTemplate\":\"https:\\\/\\\/tillandsiawebshop.com\\\/de\\\/?s={search_term_string}\"},\"query-input\":{\"@type\":\"PropertyValueSpecification\",\"valueRequired\":true,\"valueName\":\"search_term_string\"}}],\"inLanguage\":\"de-DE\"},{\"@type\":\"Organization\",\"@id\":\"https:\\\/\\\/tillandsiawebshop.com\\\/de\\\/#organization\",\"name\":\"Corsa International B.V.\",\"url\":\"https:\\\/\\\/tillandsiawebshop.com\\\/de\\\/\",\"logo\":{\"@type\":\"ImageObject\",\"inLanguage\":\"de-DE\",\"@id\":\"https:\\\/\\\/tillandsiawebshop.com\\\/de\\\/#\\\/schema\\\/logo\\\/image\\\/\",\"url\":\"https:\\\/\\\/tillandsiawebshop.com\\\/wp-content\\\/uploads\\\/2018\\\/10\\\/corsa-logo-lg.png\",\"contentUrl\":\"https:\\\/\\\/tillandsiawebshop.com\\\/wp-content\\\/uploads\\\/2018\\\/10\\\/corsa-logo-lg.png\",\"width\":1168,\"height\":105,\"caption\":\"Corsa International B.V.\"},\"image\":{\"@id\":\"https:\\\/\\\/tillandsiawebshop.com\\\/de\\\/#\\\/schema\\\/logo\\\/image\\\/\"}}]}<\/script>\n<!-- \/ Yoast SEO Premium plugin. -->","yoast_head_json":{"title":"Tillandsia Rainforest Red - Corsa Webshop","description":"M\u00f6chten Sie Tillandsia Rainforest Red kaufen? Sehen Sie sich Rainforest Red im Corsa Air Plants Webshop an. Luftpflanzen bzw. Luftpflanzen speziell f\u00fcr den Floristen und Gro\u00dfh\u00e4ndler.","robots":{"index":"index","follow":"follow","max-snippet":"max-snippet:-1","max-image-preview":"max-image-preview:large","max-video-preview":"max-video-preview:-1"},"canonical":"https:\/\/tillandsiawebshop.com\/de\/produkt\/tillandsia-rainforest-red\/","og_locale":"de_DE","og_type":"article","og_title":"Tillandsia Rainforest Red","og_description":"M\u00f6chten Sie Tillandsia Rainforest Red kaufen? Sehen Sie sich Rainforest Red im Corsa Air Plants Webshop an. Luftpflanzen bzw. Luftpflanzen speziell f\u00fcr den Floristen und Gro\u00dfh\u00e4ndler.","og_url":"https:\/\/tillandsiawebshop.com\/de\/produkt\/tillandsia-rainforest-red\/","og_site_name":"Corsa Webshop","article_modified_time":"2025-11-07T09:30:25+00:00","og_image":[{"width":1217,"height":1387,"url":"https:\/\/tillandsiawebshop.com\/wp-content\/uploads\/2023\/07\/till.-Rainforest-Red-2.png","type":"image\/png"}],"twitter_card":"summary_large_image","twitter_misc":{"Gesch\u00e4tzte Lesezeit":"1 minute"},"schema":{"@context":"https:\/\/schema.org","@graph":[{"@type":"WebPage","@id":"https:\/\/tillandsiawebshop.com\/de\/produkt\/tillandsia-rainforest-red\/","url":"https:\/\/tillandsiawebshop.com\/de\/produkt\/tillandsia-rainforest-red\/","name":"Tillandsia Rainforest Red - Corsa Webshop","isPartOf":{"@id":"https:\/\/tillandsiawebshop.com\/de\/#website"},"primaryImageOfPage":{"@id":"https:\/\/tillandsiawebshop.com\/de\/produkt\/tillandsia-rainforest-red\/#primaryimage"},"image":{"@id":"https:\/\/tillandsiawebshop.com\/de\/produkt\/tillandsia-rainforest-red\/#primaryimage"},"thumbnailUrl":"https:\/\/tillandsiawebshop.com\/wp-content\/uploads\/2023\/07\/till.-Rainforest-Red-2.png","datePublished":"2023-07-11T11:47:52+00:00","dateModified":"2025-11-07T09:30:25+00:00","description":"M\u00f6chten Sie Tillandsia Rainforest Red kaufen? Sehen Sie sich Rainforest Red im Corsa Air Plants Webshop an. Luftpflanzen bzw. Luftpflanzen speziell f\u00fcr den Floristen und Gro\u00dfh\u00e4ndler.","breadcrumb":{"@id":"https:\/\/tillandsiawebshop.com\/de\/produkt\/tillandsia-rainforest-red\/#breadcrumb"},"inLanguage":"de-DE","potentialAction":[{"@type":"ReadAction","target":["https:\/\/tillandsiawebshop.com\/de\/produkt\/tillandsia-rainforest-red\/"]}]},{"@type":"ImageObject","inLanguage":"de-DE","@id":"https:\/\/tillandsiawebshop.com\/de\/produkt\/tillandsia-rainforest-red\/#primaryimage","url":"https:\/\/tillandsiawebshop.com\/wp-content\/uploads\/2023\/07\/till.-Rainforest-Red-2.png","contentUrl":"https:\/\/tillandsiawebshop.com\/wp-content\/uploads\/2023\/07\/till.-Rainforest-Red-2.png","width":1217,"height":1387},{"@type":"BreadcrumbList","@id":"https:\/\/tillandsiawebshop.com\/de\/produkt\/tillandsia-rainforest-red\/#breadcrumb","itemListElement":[{"@type":"ListItem","position":1,"name":"Home","item":"https:\/\/tillandsiawebshop.com\/de\/"},{"@type":"ListItem","position":2,"name":"Shop","item":"https:\/\/tillandsiawebshop.com\/de\/shop\/"},{"@type":"ListItem","position":3,"name":"Tillandsia Rainforest Red"}]},{"@type":"WebSite","@id":"https:\/\/tillandsiawebshop.com\/de\/#website","url":"https:\/\/tillandsiawebshop.com\/de\/","name":"Corsa Webshop","description":"","publisher":{"@id":"https:\/\/tillandsiawebshop.com\/de\/#organization"},"potentialAction":[{"@type":"SearchAction","target":{"@type":"EntryPoint","urlTemplate":"https:\/\/tillandsiawebshop.com\/de\/?s={search_term_string}"},"query-input":{"@type":"PropertyValueSpecification","valueRequired":true,"valueName":"search_term_string"}}],"inLanguage":"de-DE"},{"@type":"Organization","@id":"https:\/\/tillandsiawebshop.com\/de\/#organization","name":"Corsa International B.V.","url":"https:\/\/tillandsiawebshop.com\/de\/","logo":{"@type":"ImageObject","inLanguage":"de-DE","@id":"https:\/\/tillandsiawebshop.com\/de\/#\/schema\/logo\/image\/","url":"https:\/\/tillandsiawebshop.com\/wp-content\/uploads\/2018\/10\/corsa-logo-lg.png","contentUrl":"https:\/\/tillandsiawebshop.com\/wp-content\/uploads\/2018\/10\/corsa-logo-lg.png","width":1168,"height":105,"caption":"Corsa International B.V."},"image":{"@id":"https:\/\/tillandsiawebshop.com\/de\/#\/schema\/logo\/image\/"}}]}},"_links":{"self":[{"href":"https:\/\/tillandsiawebshop.com\/de\/wp-json\/wp\/v2\/product\/19388","targetHints":{"allow":["GET"]}}],"collection":[{"href":"https:\/\/tillandsiawebshop.com\/de\/wp-json\/wp\/v2\/product"}],"about":[{"href":"https:\/\/tillandsiawebshop.com\/de\/wp-json\/wp\/v2\/types\/product"}],"replies":[{"embeddable":true,"href":"https:\/\/tillandsiawebshop.com\/de\/wp-json\/wp\/v2\/comments?post=19388"}],"wp:featuredmedia":[{"embeddable":true,"href":"https:\/\/tillandsiawebshop.com\/de\/wp-json\/wp\/v2\/media\/19383"}],"wp:attachment":[{"href":"https:\/\/tillandsiawebshop.com\/de\/wp-json\/wp\/v2\/media?parent=19388"}],"wp:term":[{"taxonomy":"product_brand","embeddable":true,"href":"https:\/\/tillandsiawebshop.com\/de\/wp-json\/wp\/v2\/product_brand?post=19388"},{"taxonomy":"product_cat","embeddable":true,"href":"https:\/\/tillandsiawebshop.com\/de\/wp-json\/wp\/v2\/product_cat?post=19388"},{"taxonomy":"product_tag","embeddable":true,"href":"https:\/\/tillandsiawebshop.com\/de\/wp-json\/wp\/v2\/product_tag?post=19388"}],"curies":[{"name":"wp","href":"https:\/\/api.w.org\/{rel}","templated":true}]}}