{"id":18180,"date":"2022-10-21T09:41:51","date_gmt":"2022-10-21T07:41:51","guid":{"rendered":"https:\/\/tillandsiawebshop.com\/?post_type=product&#038;p=18180"},"modified":"2025-02-26T02:13:59","modified_gmt":"2025-02-26T01:13:59","slug":"tillandsia-quallen-mix-schachtel-6-stuck","status":"publish","type":"product","link":"https:\/\/tillandsiawebshop.com\/de\/produkt\/tillandsia-quallen-mix-schachtel-6-stuck\/","title":{"rendered":"Tillandsia Quallen Mix &#8211; Schachtel 6 St\u00fcck"},"content":{"rendered":"<div>Ein cooler Mix aus 6 Quallen-Luftpflanzen. Diese Mischung enth\u00e4lt gro\u00dfe Tillandsien mit einer Schale von +\/- 6 cm Durchmesser.<\/div>\n<div><\/div>\n<div><\/div>\n<div>Tillandsien in dieser Mischung:<\/div>\n<div>&#8211; Tillandsia Caput Medusae gro\u00df<\/div>\n<div>&#8211; Tillandsia multiflora gro\u00df<\/div>\n<div>&#8211; Tillandsia usneoides<\/div>\n","protected":false},"excerpt":{"rendered":"<p>Eine ganze Box mit der Quallen-Luftpflanze:<\/p>\n<ul>\n<li>Tillandsia Usneoides auf einer Schale mit transparentem Draht.<\/li>\n<li>6 verschiedene Tillandsien in dieser Box<br \/>\n&#8211; Tillandsia Caput Medusae gro\u00df<br \/>\n&#8211; Tillandsia multiflora gro\u00df<br \/>\n&#8211; Tillandsia Usneoides<\/li>\n<li>Quallengr\u00f6\u00dfe: +\/- 6 cm Durchmesser<\/li>\n<\/ul>\n<p>Pflegetipps f\u00fcr dieses spezifische Produkt finden Sie hier auf <a href=\"https:\/\/tillandsiawebshop.com\/de\/tillandsien-pflege\">unserer Pflegeseite. <\/a><\/p>\n","protected":false},"featured_media":18183,"comment_status":"open","ping_status":"closed","template":"","meta":{"_acf_changed":false},"product_brand":[],"product_cat":[117],"product_tag":[],"class_list":{"0":"post-18180","1":"product","2":"type-product","3":"status-publish","4":"has-post-thumbnail","6":"product_cat-tillandsien-im-glas","8":"first","9":"instock","10":"taxable","11":"shipping-taxable","12":"purchasable","13":"product-type-simple"},"acf":[],"tiered_pricing_type":"fixed","tiered_pricing_fixed_rules":[],"yoast_head":"<!-- This site is optimized with the Yoast SEO Premium plugin v27.5 (Yoast SEO v27.5) - https:\/\/yoast.com\/product\/yoast-seo-premium-wordpress\/ -->\n<title>Tillandsia Quallen Mix - Schachtel 6 St\u00fcck - Corsa Webshop luchtplantjes, Tillandsia<\/title>\n<meta name=\"description\" content=\"Tillandsia Quallen-Luftpflanze mix. Sehen Sie sich die Luftpflanzen im Corsa Tillandsia Webshop an. Tillandsia-Pflanzen f\u00fcr den Floristen und Gro\u00dfh\u00e4ndler!\" \/>\n<meta name=\"robots\" content=\"index, follow, max-snippet:-1, max-image-preview:large, max-video-preview:-1\" \/>\n<link rel=\"canonical\" href=\"https:\/\/tillandsiawebshop.com\/de\/produkt\/tillandsia-quallen-mix-schachtel-6-stuck\/\" \/>\n<meta property=\"og:locale\" content=\"de_DE\" \/>\n<meta property=\"og:type\" content=\"article\" \/>\n<meta property=\"og:title\" content=\"Tillandsia Quallen Mix - Schachtel 6 St\u00fcck\" \/>\n<meta property=\"og:description\" content=\"Tillandsia Quallen-Luftpflanze mix. Sehen Sie sich die Luftpflanzen im Corsa Tillandsia Webshop an. Tillandsia-Pflanzen f\u00fcr den Floristen und Gro\u00dfh\u00e4ndler!\" \/>\n<meta property=\"og:url\" content=\"https:\/\/tillandsiawebshop.com\/de\/produkt\/tillandsia-quallen-mix-schachtel-6-stuck\/\" \/>\n<meta property=\"og:site_name\" content=\"Corsa Webshop\" \/>\n<meta property=\"article:modified_time\" content=\"2025-02-26T01:13:59+00:00\" \/>\n<meta property=\"og:image\" content=\"https:\/\/tillandsiawebshop.com\/wp-content\/uploads\/2022\/10\/CORSAPLANTS_LANDELIJK_LR_11.jpg\" \/>\n\t<meta property=\"og:image:width\" content=\"1216\" \/>\n\t<meta property=\"og:image:height\" content=\"1824\" \/>\n\t<meta property=\"og:image:type\" content=\"image\/jpeg\" \/>\n<meta name=\"twitter:card\" content=\"summary_large_image\" \/>\n<meta name=\"twitter:label1\" content=\"Gesch\u00e4tzte Lesezeit\" \/>\n\t<meta name=\"twitter:data1\" content=\"1 minute\" \/>\n<script type=\"application\/ld+json\" class=\"yoast-schema-graph\">{\"@context\":\"https:\\\/\\\/schema.org\",\"@graph\":[{\"@type\":\"WebPage\",\"@id\":\"https:\\\/\\\/tillandsiawebshop.com\\\/de\\\/produkt\\\/tillandsia-quallen-mix-schachtel-6-stuck\\\/\",\"url\":\"https:\\\/\\\/tillandsiawebshop.com\\\/de\\\/produkt\\\/tillandsia-quallen-mix-schachtel-6-stuck\\\/\",\"name\":\"Tillandsia Quallen Mix - Schachtel 6 St\u00fcck - Corsa Webshop luchtplantjes, Tillandsia\",\"isPartOf\":{\"@id\":\"https:\\\/\\\/tillandsiawebshop.com\\\/de\\\/#website\"},\"primaryImageOfPage\":{\"@id\":\"https:\\\/\\\/tillandsiawebshop.com\\\/de\\\/produkt\\\/tillandsia-quallen-mix-schachtel-6-stuck\\\/#primaryimage\"},\"image\":{\"@id\":\"https:\\\/\\\/tillandsiawebshop.com\\\/de\\\/produkt\\\/tillandsia-quallen-mix-schachtel-6-stuck\\\/#primaryimage\"},\"thumbnailUrl\":\"https:\\\/\\\/tillandsiawebshop.com\\\/wp-content\\\/uploads\\\/2022\\\/10\\\/CORSAPLANTS_LANDELIJK_LR_11.jpg\",\"datePublished\":\"2022-10-21T07:41:51+00:00\",\"dateModified\":\"2025-02-26T01:13:59+00:00\",\"description\":\"Tillandsia Quallen-Luftpflanze mix. Sehen Sie sich die Luftpflanzen im Corsa Tillandsia Webshop an. Tillandsia-Pflanzen f\u00fcr den Floristen und Gro\u00dfh\u00e4ndler!\",\"breadcrumb\":{\"@id\":\"https:\\\/\\\/tillandsiawebshop.com\\\/de\\\/produkt\\\/tillandsia-quallen-mix-schachtel-6-stuck\\\/#breadcrumb\"},\"inLanguage\":\"de-DE\",\"potentialAction\":[{\"@type\":\"ReadAction\",\"target\":[\"https:\\\/\\\/tillandsiawebshop.com\\\/de\\\/produkt\\\/tillandsia-quallen-mix-schachtel-6-stuck\\\/\"]}]},{\"@type\":\"ImageObject\",\"inLanguage\":\"de-DE\",\"@id\":\"https:\\\/\\\/tillandsiawebshop.com\\\/de\\\/produkt\\\/tillandsia-quallen-mix-schachtel-6-stuck\\\/#primaryimage\",\"url\":\"https:\\\/\\\/tillandsiawebshop.com\\\/wp-content\\\/uploads\\\/2022\\\/10\\\/CORSAPLANTS_LANDELIJK_LR_11.jpg\",\"contentUrl\":\"https:\\\/\\\/tillandsiawebshop.com\\\/wp-content\\\/uploads\\\/2022\\\/10\\\/CORSAPLANTS_LANDELIJK_LR_11.jpg\",\"width\":1216,\"height\":1824},{\"@type\":\"BreadcrumbList\",\"@id\":\"https:\\\/\\\/tillandsiawebshop.com\\\/de\\\/produkt\\\/tillandsia-quallen-mix-schachtel-6-stuck\\\/#breadcrumb\",\"itemListElement\":[{\"@type\":\"ListItem\",\"position\":1,\"name\":\"Home\",\"item\":\"https:\\\/\\\/tillandsiawebshop.com\\\/de\\\/\"},{\"@type\":\"ListItem\",\"position\":2,\"name\":\"Shop\",\"item\":\"https:\\\/\\\/tillandsiawebshop.com\\\/de\\\/shop\\\/\"},{\"@type\":\"ListItem\",\"position\":3,\"name\":\"Tillandsia Quallen Mix &#8211; Schachtel 6 St\u00fcck\"}]},{\"@type\":\"WebSite\",\"@id\":\"https:\\\/\\\/tillandsiawebshop.com\\\/de\\\/#website\",\"url\":\"https:\\\/\\\/tillandsiawebshop.com\\\/de\\\/\",\"name\":\"Corsa Webshop\",\"description\":\"\",\"publisher\":{\"@id\":\"https:\\\/\\\/tillandsiawebshop.com\\\/de\\\/#organization\"},\"potentialAction\":[{\"@type\":\"SearchAction\",\"target\":{\"@type\":\"EntryPoint\",\"urlTemplate\":\"https:\\\/\\\/tillandsiawebshop.com\\\/de\\\/?s={search_term_string}\"},\"query-input\":{\"@type\":\"PropertyValueSpecification\",\"valueRequired\":true,\"valueName\":\"search_term_string\"}}],\"inLanguage\":\"de-DE\"},{\"@type\":\"Organization\",\"@id\":\"https:\\\/\\\/tillandsiawebshop.com\\\/de\\\/#organization\",\"name\":\"Corsa International B.V.\",\"url\":\"https:\\\/\\\/tillandsiawebshop.com\\\/de\\\/\",\"logo\":{\"@type\":\"ImageObject\",\"inLanguage\":\"de-DE\",\"@id\":\"https:\\\/\\\/tillandsiawebshop.com\\\/de\\\/#\\\/schema\\\/logo\\\/image\\\/\",\"url\":\"https:\\\/\\\/tillandsiawebshop.com\\\/wp-content\\\/uploads\\\/2018\\\/10\\\/corsa-logo-lg.png\",\"contentUrl\":\"https:\\\/\\\/tillandsiawebshop.com\\\/wp-content\\\/uploads\\\/2018\\\/10\\\/corsa-logo-lg.png\",\"width\":1168,\"height\":105,\"caption\":\"Corsa International B.V.\"},\"image\":{\"@id\":\"https:\\\/\\\/tillandsiawebshop.com\\\/de\\\/#\\\/schema\\\/logo\\\/image\\\/\"}}]}<\/script>\n<!-- \/ Yoast SEO Premium plugin. -->","yoast_head_json":{"title":"Tillandsia Quallen Mix - Schachtel 6 St\u00fcck - Corsa Webshop luchtplantjes, Tillandsia","description":"Tillandsia Quallen-Luftpflanze mix. Sehen Sie sich die Luftpflanzen im Corsa Tillandsia Webshop an. Tillandsia-Pflanzen f\u00fcr den Floristen und Gro\u00dfh\u00e4ndler!","robots":{"index":"index","follow":"follow","max-snippet":"max-snippet:-1","max-image-preview":"max-image-preview:large","max-video-preview":"max-video-preview:-1"},"canonical":"https:\/\/tillandsiawebshop.com\/de\/produkt\/tillandsia-quallen-mix-schachtel-6-stuck\/","og_locale":"de_DE","og_type":"article","og_title":"Tillandsia Quallen Mix - Schachtel 6 St\u00fcck","og_description":"Tillandsia Quallen-Luftpflanze mix. Sehen Sie sich die Luftpflanzen im Corsa Tillandsia Webshop an. Tillandsia-Pflanzen f\u00fcr den Floristen und Gro\u00dfh\u00e4ndler!","og_url":"https:\/\/tillandsiawebshop.com\/de\/produkt\/tillandsia-quallen-mix-schachtel-6-stuck\/","og_site_name":"Corsa Webshop","article_modified_time":"2025-02-26T01:13:59+00:00","og_image":[{"width":1216,"height":1824,"url":"https:\/\/tillandsiawebshop.com\/wp-content\/uploads\/2022\/10\/CORSAPLANTS_LANDELIJK_LR_11.jpg","type":"image\/jpeg"}],"twitter_card":"summary_large_image","twitter_misc":{"Gesch\u00e4tzte Lesezeit":"1 minute"},"schema":{"@context":"https:\/\/schema.org","@graph":[{"@type":"WebPage","@id":"https:\/\/tillandsiawebshop.com\/de\/produkt\/tillandsia-quallen-mix-schachtel-6-stuck\/","url":"https:\/\/tillandsiawebshop.com\/de\/produkt\/tillandsia-quallen-mix-schachtel-6-stuck\/","name":"Tillandsia Quallen Mix - Schachtel 6 St\u00fcck - Corsa Webshop luchtplantjes, Tillandsia","isPartOf":{"@id":"https:\/\/tillandsiawebshop.com\/de\/#website"},"primaryImageOfPage":{"@id":"https:\/\/tillandsiawebshop.com\/de\/produkt\/tillandsia-quallen-mix-schachtel-6-stuck\/#primaryimage"},"image":{"@id":"https:\/\/tillandsiawebshop.com\/de\/produkt\/tillandsia-quallen-mix-schachtel-6-stuck\/#primaryimage"},"thumbnailUrl":"https:\/\/tillandsiawebshop.com\/wp-content\/uploads\/2022\/10\/CORSAPLANTS_LANDELIJK_LR_11.jpg","datePublished":"2022-10-21T07:41:51+00:00","dateModified":"2025-02-26T01:13:59+00:00","description":"Tillandsia Quallen-Luftpflanze mix. Sehen Sie sich die Luftpflanzen im Corsa Tillandsia Webshop an. Tillandsia-Pflanzen f\u00fcr den Floristen und Gro\u00dfh\u00e4ndler!","breadcrumb":{"@id":"https:\/\/tillandsiawebshop.com\/de\/produkt\/tillandsia-quallen-mix-schachtel-6-stuck\/#breadcrumb"},"inLanguage":"de-DE","potentialAction":[{"@type":"ReadAction","target":["https:\/\/tillandsiawebshop.com\/de\/produkt\/tillandsia-quallen-mix-schachtel-6-stuck\/"]}]},{"@type":"ImageObject","inLanguage":"de-DE","@id":"https:\/\/tillandsiawebshop.com\/de\/produkt\/tillandsia-quallen-mix-schachtel-6-stuck\/#primaryimage","url":"https:\/\/tillandsiawebshop.com\/wp-content\/uploads\/2022\/10\/CORSAPLANTS_LANDELIJK_LR_11.jpg","contentUrl":"https:\/\/tillandsiawebshop.com\/wp-content\/uploads\/2022\/10\/CORSAPLANTS_LANDELIJK_LR_11.jpg","width":1216,"height":1824},{"@type":"BreadcrumbList","@id":"https:\/\/tillandsiawebshop.com\/de\/produkt\/tillandsia-quallen-mix-schachtel-6-stuck\/#breadcrumb","itemListElement":[{"@type":"ListItem","position":1,"name":"Home","item":"https:\/\/tillandsiawebshop.com\/de\/"},{"@type":"ListItem","position":2,"name":"Shop","item":"https:\/\/tillandsiawebshop.com\/de\/shop\/"},{"@type":"ListItem","position":3,"name":"Tillandsia Quallen Mix &#8211; Schachtel 6 St\u00fcck"}]},{"@type":"WebSite","@id":"https:\/\/tillandsiawebshop.com\/de\/#website","url":"https:\/\/tillandsiawebshop.com\/de\/","name":"Corsa Webshop","description":"","publisher":{"@id":"https:\/\/tillandsiawebshop.com\/de\/#organization"},"potentialAction":[{"@type":"SearchAction","target":{"@type":"EntryPoint","urlTemplate":"https:\/\/tillandsiawebshop.com\/de\/?s={search_term_string}"},"query-input":{"@type":"PropertyValueSpecification","valueRequired":true,"valueName":"search_term_string"}}],"inLanguage":"de-DE"},{"@type":"Organization","@id":"https:\/\/tillandsiawebshop.com\/de\/#organization","name":"Corsa International B.V.","url":"https:\/\/tillandsiawebshop.com\/de\/","logo":{"@type":"ImageObject","inLanguage":"de-DE","@id":"https:\/\/tillandsiawebshop.com\/de\/#\/schema\/logo\/image\/","url":"https:\/\/tillandsiawebshop.com\/wp-content\/uploads\/2018\/10\/corsa-logo-lg.png","contentUrl":"https:\/\/tillandsiawebshop.com\/wp-content\/uploads\/2018\/10\/corsa-logo-lg.png","width":1168,"height":105,"caption":"Corsa International B.V."},"image":{"@id":"https:\/\/tillandsiawebshop.com\/de\/#\/schema\/logo\/image\/"}}]}},"_links":{"self":[{"href":"https:\/\/tillandsiawebshop.com\/de\/wp-json\/wp\/v2\/product\/18180","targetHints":{"allow":["GET"]}}],"collection":[{"href":"https:\/\/tillandsiawebshop.com\/de\/wp-json\/wp\/v2\/product"}],"about":[{"href":"https:\/\/tillandsiawebshop.com\/de\/wp-json\/wp\/v2\/types\/product"}],"replies":[{"embeddable":true,"href":"https:\/\/tillandsiawebshop.com\/de\/wp-json\/wp\/v2\/comments?post=18180"}],"wp:featuredmedia":[{"embeddable":true,"href":"https:\/\/tillandsiawebshop.com\/de\/wp-json\/wp\/v2\/media\/18183"}],"wp:attachment":[{"href":"https:\/\/tillandsiawebshop.com\/de\/wp-json\/wp\/v2\/media?parent=18180"}],"wp:term":[{"taxonomy":"product_brand","embeddable":true,"href":"https:\/\/tillandsiawebshop.com\/de\/wp-json\/wp\/v2\/product_brand?post=18180"},{"taxonomy":"product_cat","embeddable":true,"href":"https:\/\/tillandsiawebshop.com\/de\/wp-json\/wp\/v2\/product_cat?post=18180"},{"taxonomy":"product_tag","embeddable":true,"href":"https:\/\/tillandsiawebshop.com\/de\/wp-json\/wp\/v2\/product_tag?post=18180"}],"curies":[{"name":"wp","href":"https:\/\/api.w.org\/{rel}","templated":true}]}}