{"id":12418,"date":"2018-08-09T09:57:07","date_gmt":"2018-08-09T07:57:07","guid":{"rendered":"https:\/\/tillandsiawebshop.com\/product\/tillandsia-pohliana\/"},"modified":"2023-12-04T09:54:01","modified_gmt":"2023-12-04T08:54:01","slug":"tillandsia-pohliana","status":"publish","type":"product","link":"https:\/\/tillandsiawebshop.com\/de\/produkt\/tillandsia-pohliana\/","title":{"rendered":"Tillandsia Pohliana"},"content":{"rendered":"<p>Die Luftpflanze Tillandsia pohliana ist eine mittelgro\u00dfe Tillandsien-art mit pr\u00e4chtigen, gr\u00fcnen Bl\u00e4ttern, die ziemlich steif nach oben stehen und die Pflanze auf diese Weise sehr schmal machen. Diese Luftpflanze kommt urspr\u00fcnglich in den trockeneren W\u00e4ldern von Argentinien, Brasilien, Bolivien, Paraguay und Peru vor. Die Luftpflanze Tillandsia pohliana ben\u00f6tigt durchschnittliche Pflege. Die Tillandsien-art mag es, ungef\u00e4hr einmal pro Woche mit (Leitungs-)Wasser, oder vorzugsweise mit <a href=\"https:\/\/tillandsiawebshop.com\/de\/produkt\/tillandsien-pflege-spray\/\">Take Airplants Pflegespray<\/a>, bespr\u00fcht zu werden.<\/p>\n","protected":false},"excerpt":{"rendered":"<p>GroBe:<\/p>\n<p>mittel: 10 x 10 cm<br \/>\nGroB: 13 x 15 cm<\/p>\n","protected":false},"featured_media":14293,"comment_status":"closed","ping_status":"closed","template":"","meta":{"_acf_changed":false},"product_brand":[],"product_cat":[999,114],"product_tag":[],"class_list":{"0":"post-12418","1":"product","2":"type-product","3":"status-publish","4":"has-post-thumbnail","6":"product_cat-demo-tier-de","7":"product_cat-tillandsien-arten","9":"first","10":"instock","11":"taxable","12":"shipping-taxable","13":"purchasable","14":"product-type-variable"},"acf":[],"tiered_pricing_type":"fixed","tiered_pricing_fixed_rules":[],"yoast_head":"<!-- This site is optimized with the Yoast SEO Premium plugin v27.5 (Yoast SEO v27.5) - https:\/\/yoast.com\/product\/yoast-seo-premium-wordpress\/ -->\n<title>Tillandsia Pohliana - Corsa Webshop<\/title>\n<meta name=\"description\" content=\"Luftpflanze Tillandsia pohliana zum Verkauf. Hier k\u00f6nnen Sie aus unserem gro\u00dfen Angebot an Tillandsien w\u00e4hlen. Tillandsien Gro\u00dfhandel!\" \/>\n<meta name=\"robots\" content=\"index, follow, max-snippet:-1, max-image-preview:large, max-video-preview:-1\" \/>\n<link rel=\"canonical\" href=\"https:\/\/tillandsiawebshop.com\/de\/produkt\/tillandsia-pohliana\/\" \/>\n<meta property=\"og:locale\" content=\"de_DE\" \/>\n<meta property=\"og:type\" content=\"article\" \/>\n<meta property=\"og:title\" content=\"Tillandsia Pohliana\" \/>\n<meta property=\"og:description\" content=\"Luftpflanze Tillandsia pohliana zum Verkauf. Hier k\u00f6nnen Sie aus unserem gro\u00dfen Angebot an Tillandsien w\u00e4hlen. Tillandsien Gro\u00dfhandel!\" \/>\n<meta property=\"og:url\" content=\"https:\/\/tillandsiawebshop.com\/de\/produkt\/tillandsia-pohliana\/\" \/>\n<meta property=\"og:site_name\" content=\"Corsa Webshop\" \/>\n<meta property=\"article:modified_time\" content=\"2023-12-04T08:54:01+00:00\" \/>\n<meta property=\"og:image\" content=\"https:\/\/tillandsiawebshop.com\/wp-content\/uploads\/2018\/08\/till.-pohliana-scaled.jpg\" \/>\n\t<meta property=\"og:image:width\" content=\"2560\" \/>\n\t<meta property=\"og:image:height\" content=\"2560\" \/>\n\t<meta property=\"og:image:type\" content=\"image\/jpeg\" \/>\n<meta name=\"twitter:card\" content=\"summary_large_image\" \/>\n<meta name=\"twitter:label1\" content=\"Gesch\u00e4tzte Lesezeit\" \/>\n\t<meta name=\"twitter:data1\" content=\"1 minute\" \/>\n<script type=\"application\/ld+json\" class=\"yoast-schema-graph\">{\"@context\":\"https:\\\/\\\/schema.org\",\"@graph\":[{\"@type\":\"WebPage\",\"@id\":\"https:\\\/\\\/tillandsiawebshop.com\\\/de\\\/produkt\\\/tillandsia-pohliana\\\/\",\"url\":\"https:\\\/\\\/tillandsiawebshop.com\\\/de\\\/produkt\\\/tillandsia-pohliana\\\/\",\"name\":\"Tillandsia Pohliana - Corsa Webshop\",\"isPartOf\":{\"@id\":\"https:\\\/\\\/tillandsiawebshop.com\\\/de\\\/#website\"},\"primaryImageOfPage\":{\"@id\":\"https:\\\/\\\/tillandsiawebshop.com\\\/de\\\/produkt\\\/tillandsia-pohliana\\\/#primaryimage\"},\"image\":{\"@id\":\"https:\\\/\\\/tillandsiawebshop.com\\\/de\\\/produkt\\\/tillandsia-pohliana\\\/#primaryimage\"},\"thumbnailUrl\":\"https:\\\/\\\/tillandsiawebshop.com\\\/wp-content\\\/uploads\\\/2018\\\/08\\\/till.-pohliana-scaled.jpg\",\"datePublished\":\"2018-08-09T07:57:07+00:00\",\"dateModified\":\"2023-12-04T08:54:01+00:00\",\"description\":\"Luftpflanze Tillandsia pohliana zum Verkauf. Hier k\u00f6nnen Sie aus unserem gro\u00dfen Angebot an Tillandsien w\u00e4hlen. Tillandsien Gro\u00dfhandel!\",\"breadcrumb\":{\"@id\":\"https:\\\/\\\/tillandsiawebshop.com\\\/de\\\/produkt\\\/tillandsia-pohliana\\\/#breadcrumb\"},\"inLanguage\":\"de-DE\",\"potentialAction\":[{\"@type\":\"ReadAction\",\"target\":[\"https:\\\/\\\/tillandsiawebshop.com\\\/de\\\/produkt\\\/tillandsia-pohliana\\\/\"]}]},{\"@type\":\"ImageObject\",\"inLanguage\":\"de-DE\",\"@id\":\"https:\\\/\\\/tillandsiawebshop.com\\\/de\\\/produkt\\\/tillandsia-pohliana\\\/#primaryimage\",\"url\":\"https:\\\/\\\/tillandsiawebshop.com\\\/wp-content\\\/uploads\\\/2018\\\/08\\\/till.-pohliana-scaled.jpg\",\"contentUrl\":\"https:\\\/\\\/tillandsiawebshop.com\\\/wp-content\\\/uploads\\\/2018\\\/08\\\/till.-pohliana-scaled.jpg\",\"width\":2560,\"height\":2560},{\"@type\":\"BreadcrumbList\",\"@id\":\"https:\\\/\\\/tillandsiawebshop.com\\\/de\\\/produkt\\\/tillandsia-pohliana\\\/#breadcrumb\",\"itemListElement\":[{\"@type\":\"ListItem\",\"position\":1,\"name\":\"Home\",\"item\":\"https:\\\/\\\/tillandsiawebshop.com\\\/de\\\/\"},{\"@type\":\"ListItem\",\"position\":2,\"name\":\"Shop\",\"item\":\"https:\\\/\\\/tillandsiawebshop.com\\\/de\\\/shop\\\/\"},{\"@type\":\"ListItem\",\"position\":3,\"name\":\"Tillandsia Pohliana\"}]},{\"@type\":\"WebSite\",\"@id\":\"https:\\\/\\\/tillandsiawebshop.com\\\/de\\\/#website\",\"url\":\"https:\\\/\\\/tillandsiawebshop.com\\\/de\\\/\",\"name\":\"Corsa Webshop\",\"description\":\"\",\"publisher\":{\"@id\":\"https:\\\/\\\/tillandsiawebshop.com\\\/de\\\/#organization\"},\"potentialAction\":[{\"@type\":\"SearchAction\",\"target\":{\"@type\":\"EntryPoint\",\"urlTemplate\":\"https:\\\/\\\/tillandsiawebshop.com\\\/de\\\/?s={search_term_string}\"},\"query-input\":{\"@type\":\"PropertyValueSpecification\",\"valueRequired\":true,\"valueName\":\"search_term_string\"}}],\"inLanguage\":\"de-DE\"},{\"@type\":\"Organization\",\"@id\":\"https:\\\/\\\/tillandsiawebshop.com\\\/de\\\/#organization\",\"name\":\"Corsa International B.V.\",\"url\":\"https:\\\/\\\/tillandsiawebshop.com\\\/de\\\/\",\"logo\":{\"@type\":\"ImageObject\",\"inLanguage\":\"de-DE\",\"@id\":\"https:\\\/\\\/tillandsiawebshop.com\\\/de\\\/#\\\/schema\\\/logo\\\/image\\\/\",\"url\":\"https:\\\/\\\/tillandsiawebshop.com\\\/wp-content\\\/uploads\\\/2018\\\/10\\\/corsa-logo-lg.png\",\"contentUrl\":\"https:\\\/\\\/tillandsiawebshop.com\\\/wp-content\\\/uploads\\\/2018\\\/10\\\/corsa-logo-lg.png\",\"width\":1168,\"height\":105,\"caption\":\"Corsa International B.V.\"},\"image\":{\"@id\":\"https:\\\/\\\/tillandsiawebshop.com\\\/de\\\/#\\\/schema\\\/logo\\\/image\\\/\"}}]}<\/script>\n<!-- \/ Yoast SEO Premium plugin. -->","yoast_head_json":{"title":"Tillandsia Pohliana - Corsa Webshop","description":"Luftpflanze Tillandsia pohliana zum Verkauf. Hier k\u00f6nnen Sie aus unserem gro\u00dfen Angebot an Tillandsien w\u00e4hlen. Tillandsien Gro\u00dfhandel!","robots":{"index":"index","follow":"follow","max-snippet":"max-snippet:-1","max-image-preview":"max-image-preview:large","max-video-preview":"max-video-preview:-1"},"canonical":"https:\/\/tillandsiawebshop.com\/de\/produkt\/tillandsia-pohliana\/","og_locale":"de_DE","og_type":"article","og_title":"Tillandsia Pohliana","og_description":"Luftpflanze Tillandsia pohliana zum Verkauf. Hier k\u00f6nnen Sie aus unserem gro\u00dfen Angebot an Tillandsien w\u00e4hlen. Tillandsien Gro\u00dfhandel!","og_url":"https:\/\/tillandsiawebshop.com\/de\/produkt\/tillandsia-pohliana\/","og_site_name":"Corsa Webshop","article_modified_time":"2023-12-04T08:54:01+00:00","og_image":[{"width":2560,"height":2560,"url":"https:\/\/tillandsiawebshop.com\/wp-content\/uploads\/2018\/08\/till.-pohliana-scaled.jpg","type":"image\/jpeg"}],"twitter_card":"summary_large_image","twitter_misc":{"Gesch\u00e4tzte Lesezeit":"1 minute"},"schema":{"@context":"https:\/\/schema.org","@graph":[{"@type":"WebPage","@id":"https:\/\/tillandsiawebshop.com\/de\/produkt\/tillandsia-pohliana\/","url":"https:\/\/tillandsiawebshop.com\/de\/produkt\/tillandsia-pohliana\/","name":"Tillandsia Pohliana - Corsa Webshop","isPartOf":{"@id":"https:\/\/tillandsiawebshop.com\/de\/#website"},"primaryImageOfPage":{"@id":"https:\/\/tillandsiawebshop.com\/de\/produkt\/tillandsia-pohliana\/#primaryimage"},"image":{"@id":"https:\/\/tillandsiawebshop.com\/de\/produkt\/tillandsia-pohliana\/#primaryimage"},"thumbnailUrl":"https:\/\/tillandsiawebshop.com\/wp-content\/uploads\/2018\/08\/till.-pohliana-scaled.jpg","datePublished":"2018-08-09T07:57:07+00:00","dateModified":"2023-12-04T08:54:01+00:00","description":"Luftpflanze Tillandsia pohliana zum Verkauf. Hier k\u00f6nnen Sie aus unserem gro\u00dfen Angebot an Tillandsien w\u00e4hlen. Tillandsien Gro\u00dfhandel!","breadcrumb":{"@id":"https:\/\/tillandsiawebshop.com\/de\/produkt\/tillandsia-pohliana\/#breadcrumb"},"inLanguage":"de-DE","potentialAction":[{"@type":"ReadAction","target":["https:\/\/tillandsiawebshop.com\/de\/produkt\/tillandsia-pohliana\/"]}]},{"@type":"ImageObject","inLanguage":"de-DE","@id":"https:\/\/tillandsiawebshop.com\/de\/produkt\/tillandsia-pohliana\/#primaryimage","url":"https:\/\/tillandsiawebshop.com\/wp-content\/uploads\/2018\/08\/till.-pohliana-scaled.jpg","contentUrl":"https:\/\/tillandsiawebshop.com\/wp-content\/uploads\/2018\/08\/till.-pohliana-scaled.jpg","width":2560,"height":2560},{"@type":"BreadcrumbList","@id":"https:\/\/tillandsiawebshop.com\/de\/produkt\/tillandsia-pohliana\/#breadcrumb","itemListElement":[{"@type":"ListItem","position":1,"name":"Home","item":"https:\/\/tillandsiawebshop.com\/de\/"},{"@type":"ListItem","position":2,"name":"Shop","item":"https:\/\/tillandsiawebshop.com\/de\/shop\/"},{"@type":"ListItem","position":3,"name":"Tillandsia Pohliana"}]},{"@type":"WebSite","@id":"https:\/\/tillandsiawebshop.com\/de\/#website","url":"https:\/\/tillandsiawebshop.com\/de\/","name":"Corsa Webshop","description":"","publisher":{"@id":"https:\/\/tillandsiawebshop.com\/de\/#organization"},"potentialAction":[{"@type":"SearchAction","target":{"@type":"EntryPoint","urlTemplate":"https:\/\/tillandsiawebshop.com\/de\/?s={search_term_string}"},"query-input":{"@type":"PropertyValueSpecification","valueRequired":true,"valueName":"search_term_string"}}],"inLanguage":"de-DE"},{"@type":"Organization","@id":"https:\/\/tillandsiawebshop.com\/de\/#organization","name":"Corsa International B.V.","url":"https:\/\/tillandsiawebshop.com\/de\/","logo":{"@type":"ImageObject","inLanguage":"de-DE","@id":"https:\/\/tillandsiawebshop.com\/de\/#\/schema\/logo\/image\/","url":"https:\/\/tillandsiawebshop.com\/wp-content\/uploads\/2018\/10\/corsa-logo-lg.png","contentUrl":"https:\/\/tillandsiawebshop.com\/wp-content\/uploads\/2018\/10\/corsa-logo-lg.png","width":1168,"height":105,"caption":"Corsa International B.V."},"image":{"@id":"https:\/\/tillandsiawebshop.com\/de\/#\/schema\/logo\/image\/"}}]}},"_links":{"self":[{"href":"https:\/\/tillandsiawebshop.com\/de\/wp-json\/wp\/v2\/product\/12418","targetHints":{"allow":["GET"]}}],"collection":[{"href":"https:\/\/tillandsiawebshop.com\/de\/wp-json\/wp\/v2\/product"}],"about":[{"href":"https:\/\/tillandsiawebshop.com\/de\/wp-json\/wp\/v2\/types\/product"}],"replies":[{"embeddable":true,"href":"https:\/\/tillandsiawebshop.com\/de\/wp-json\/wp\/v2\/comments?post=12418"}],"wp:featuredmedia":[{"embeddable":true,"href":"https:\/\/tillandsiawebshop.com\/de\/wp-json\/wp\/v2\/media\/14293"}],"wp:attachment":[{"href":"https:\/\/tillandsiawebshop.com\/de\/wp-json\/wp\/v2\/media?parent=12418"}],"wp:term":[{"taxonomy":"product_brand","embeddable":true,"href":"https:\/\/tillandsiawebshop.com\/de\/wp-json\/wp\/v2\/product_brand?post=12418"},{"taxonomy":"product_cat","embeddable":true,"href":"https:\/\/tillandsiawebshop.com\/de\/wp-json\/wp\/v2\/product_cat?post=12418"},{"taxonomy":"product_tag","embeddable":true,"href":"https:\/\/tillandsiawebshop.com\/de\/wp-json\/wp\/v2\/product_tag?post=12418"}],"curies":[{"name":"wp","href":"https:\/\/api.w.org\/{rel}","templated":true}]}}