{"id":12409,"date":"2018-08-09T09:56:47","date_gmt":"2018-08-09T07:56:47","guid":{"rendered":"https:\/\/tillandsiawebshop.com\/product\/tillandsia-streptophylla\/"},"modified":"2026-01-16T16:15:31","modified_gmt":"2026-01-16T15:15:31","slug":"tillandsia-streptophylla","status":"publish","type":"product","link":"https:\/\/tillandsiawebshop.com\/de\/produkt\/tillandsia-streptophylla\/","title":{"rendered":"Tillandsia Streptophylla"},"content":{"rendered":"<p>Die Luftpflanze Tillandsia streptophylla hat gewisse \u00c4hnlichkeit mit der Tillandsia xerographica, ist jedoch etwas kleiner und zugleich gr\u00fcner. Die Luftpflanze Tillandsia streptophylla bevorzugt einen hellen Standort und mag es, gelegentlich mit dem <a href=\"https:\/\/tillandsiawebshop.com\/de\/produkt\/tillandsien-pflege-spray\/\">Take Airplants Pflegespray<\/a> eingenebelt zu werden. Alternativ kann Leitungswasser verwendet werden (bespr\u00fchen).<\/p>\n","protected":false},"excerpt":{"rendered":"<p>Grobe:<br \/>\nmittel: 8 x 8 cm<br \/>\nGroBe: 12 x 12 cm<br \/>\nxl: 15 x 20 cm<\/p>\n","protected":false},"featured_media":14328,"comment_status":"open","ping_status":"closed","template":"","meta":{"_acf_changed":false},"product_brand":[],"product_cat":[999,114],"product_tag":[],"class_list":{"0":"post-12409","1":"product","2":"type-product","3":"status-publish","4":"has-post-thumbnail","6":"product_cat-demo-tier-de","7":"product_cat-tillandsien-arten","9":"first","10":"instock","11":"taxable","12":"shipping-taxable","13":"purchasable","14":"product-type-variable"},"acf":[],"tiered_pricing_type":"fixed","tiered_pricing_fixed_rules":[],"yoast_head":"<!-- This site is optimized with the Yoast SEO Premium plugin v27.5 (Yoast SEO v27.5) - https:\/\/yoast.com\/product\/yoast-seo-premium-wordpress\/ -->\n<title>Tillandsia Streptophylla - Corsa Webshop<\/title>\n<meta name=\"description\" content=\"Luftpflanze Tillandsia streptophylla zum Verkauf. Hier k\u00f6nnen Sie aus unserem gro\u00dfen Angebot an Tillandsien w\u00e4hlen. Tillandsien Gro\u00dfhandel!\" \/>\n<meta name=\"robots\" content=\"index, follow, max-snippet:-1, max-image-preview:large, max-video-preview:-1\" \/>\n<link rel=\"canonical\" href=\"https:\/\/tillandsiawebshop.com\/de\/produkt\/tillandsia-streptophylla\/\" \/>\n<meta property=\"og:locale\" content=\"de_DE\" \/>\n<meta property=\"og:type\" content=\"article\" \/>\n<meta property=\"og:title\" content=\"Tillandsia Streptophylla\" \/>\n<meta property=\"og:description\" content=\"Luftpflanze Tillandsia streptophylla zum Verkauf. Hier k\u00f6nnen Sie aus unserem gro\u00dfen Angebot an Tillandsien w\u00e4hlen. Tillandsien Gro\u00dfhandel!\" \/>\n<meta property=\"og:url\" content=\"https:\/\/tillandsiawebshop.com\/de\/produkt\/tillandsia-streptophylla\/\" \/>\n<meta property=\"og:site_name\" content=\"Corsa Webshop\" \/>\n<meta property=\"article:modified_time\" content=\"2026-01-16T15:15:31+00:00\" \/>\n<meta property=\"og:image\" content=\"https:\/\/tillandsiawebshop.com\/wp-content\/uploads\/2018\/08\/till.-streptophylla-scaled.jpg\" \/>\n\t<meta property=\"og:image:width\" content=\"2560\" \/>\n\t<meta property=\"og:image:height\" content=\"2560\" \/>\n\t<meta property=\"og:image:type\" content=\"image\/jpeg\" \/>\n<meta name=\"twitter:card\" content=\"summary_large_image\" \/>\n<meta name=\"twitter:label1\" content=\"Gesch\u00e4tzte Lesezeit\" \/>\n\t<meta name=\"twitter:data1\" content=\"1 minute\" \/>\n<script type=\"application\/ld+json\" class=\"yoast-schema-graph\">{\"@context\":\"https:\\\/\\\/schema.org\",\"@graph\":[{\"@type\":\"WebPage\",\"@id\":\"https:\\\/\\\/tillandsiawebshop.com\\\/de\\\/produkt\\\/tillandsia-streptophylla\\\/\",\"url\":\"https:\\\/\\\/tillandsiawebshop.com\\\/de\\\/produkt\\\/tillandsia-streptophylla\\\/\",\"name\":\"Tillandsia Streptophylla - Corsa Webshop\",\"isPartOf\":{\"@id\":\"https:\\\/\\\/tillandsiawebshop.com\\\/de\\\/#website\"},\"primaryImageOfPage\":{\"@id\":\"https:\\\/\\\/tillandsiawebshop.com\\\/de\\\/produkt\\\/tillandsia-streptophylla\\\/#primaryimage\"},\"image\":{\"@id\":\"https:\\\/\\\/tillandsiawebshop.com\\\/de\\\/produkt\\\/tillandsia-streptophylla\\\/#primaryimage\"},\"thumbnailUrl\":\"https:\\\/\\\/tillandsiawebshop.com\\\/wp-content\\\/uploads\\\/2018\\\/08\\\/till.-streptophylla-scaled.jpg\",\"datePublished\":\"2018-08-09T07:56:47+00:00\",\"dateModified\":\"2026-01-16T15:15:31+00:00\",\"description\":\"Luftpflanze Tillandsia streptophylla zum Verkauf. Hier k\u00f6nnen Sie aus unserem gro\u00dfen Angebot an Tillandsien w\u00e4hlen. Tillandsien Gro\u00dfhandel!\",\"breadcrumb\":{\"@id\":\"https:\\\/\\\/tillandsiawebshop.com\\\/de\\\/produkt\\\/tillandsia-streptophylla\\\/#breadcrumb\"},\"inLanguage\":\"de-DE\",\"potentialAction\":[{\"@type\":\"ReadAction\",\"target\":[\"https:\\\/\\\/tillandsiawebshop.com\\\/de\\\/produkt\\\/tillandsia-streptophylla\\\/\"]}]},{\"@type\":\"ImageObject\",\"inLanguage\":\"de-DE\",\"@id\":\"https:\\\/\\\/tillandsiawebshop.com\\\/de\\\/produkt\\\/tillandsia-streptophylla\\\/#primaryimage\",\"url\":\"https:\\\/\\\/tillandsiawebshop.com\\\/wp-content\\\/uploads\\\/2018\\\/08\\\/till.-streptophylla-scaled.jpg\",\"contentUrl\":\"https:\\\/\\\/tillandsiawebshop.com\\\/wp-content\\\/uploads\\\/2018\\\/08\\\/till.-streptophylla-scaled.jpg\",\"width\":2560,\"height\":2560},{\"@type\":\"BreadcrumbList\",\"@id\":\"https:\\\/\\\/tillandsiawebshop.com\\\/de\\\/produkt\\\/tillandsia-streptophylla\\\/#breadcrumb\",\"itemListElement\":[{\"@type\":\"ListItem\",\"position\":1,\"name\":\"Home\",\"item\":\"https:\\\/\\\/tillandsiawebshop.com\\\/de\\\/\"},{\"@type\":\"ListItem\",\"position\":2,\"name\":\"Shop\",\"item\":\"https:\\\/\\\/tillandsiawebshop.com\\\/de\\\/shop\\\/\"},{\"@type\":\"ListItem\",\"position\":3,\"name\":\"Tillandsia Streptophylla\"}]},{\"@type\":\"WebSite\",\"@id\":\"https:\\\/\\\/tillandsiawebshop.com\\\/de\\\/#website\",\"url\":\"https:\\\/\\\/tillandsiawebshop.com\\\/de\\\/\",\"name\":\"Corsa Webshop\",\"description\":\"\",\"publisher\":{\"@id\":\"https:\\\/\\\/tillandsiawebshop.com\\\/de\\\/#organization\"},\"potentialAction\":[{\"@type\":\"SearchAction\",\"target\":{\"@type\":\"EntryPoint\",\"urlTemplate\":\"https:\\\/\\\/tillandsiawebshop.com\\\/de\\\/?s={search_term_string}\"},\"query-input\":{\"@type\":\"PropertyValueSpecification\",\"valueRequired\":true,\"valueName\":\"search_term_string\"}}],\"inLanguage\":\"de-DE\"},{\"@type\":\"Organization\",\"@id\":\"https:\\\/\\\/tillandsiawebshop.com\\\/de\\\/#organization\",\"name\":\"Corsa International B.V.\",\"url\":\"https:\\\/\\\/tillandsiawebshop.com\\\/de\\\/\",\"logo\":{\"@type\":\"ImageObject\",\"inLanguage\":\"de-DE\",\"@id\":\"https:\\\/\\\/tillandsiawebshop.com\\\/de\\\/#\\\/schema\\\/logo\\\/image\\\/\",\"url\":\"https:\\\/\\\/tillandsiawebshop.com\\\/wp-content\\\/uploads\\\/2018\\\/10\\\/corsa-logo-lg.png\",\"contentUrl\":\"https:\\\/\\\/tillandsiawebshop.com\\\/wp-content\\\/uploads\\\/2018\\\/10\\\/corsa-logo-lg.png\",\"width\":1168,\"height\":105,\"caption\":\"Corsa International B.V.\"},\"image\":{\"@id\":\"https:\\\/\\\/tillandsiawebshop.com\\\/de\\\/#\\\/schema\\\/logo\\\/image\\\/\"}}]}<\/script>\n<!-- \/ Yoast SEO Premium plugin. -->","yoast_head_json":{"title":"Tillandsia Streptophylla - Corsa Webshop","description":"Luftpflanze Tillandsia streptophylla zum Verkauf. Hier k\u00f6nnen Sie aus unserem gro\u00dfen Angebot an Tillandsien w\u00e4hlen. Tillandsien Gro\u00dfhandel!","robots":{"index":"index","follow":"follow","max-snippet":"max-snippet:-1","max-image-preview":"max-image-preview:large","max-video-preview":"max-video-preview:-1"},"canonical":"https:\/\/tillandsiawebshop.com\/de\/produkt\/tillandsia-streptophylla\/","og_locale":"de_DE","og_type":"article","og_title":"Tillandsia Streptophylla","og_description":"Luftpflanze Tillandsia streptophylla zum Verkauf. Hier k\u00f6nnen Sie aus unserem gro\u00dfen Angebot an Tillandsien w\u00e4hlen. Tillandsien Gro\u00dfhandel!","og_url":"https:\/\/tillandsiawebshop.com\/de\/produkt\/tillandsia-streptophylla\/","og_site_name":"Corsa Webshop","article_modified_time":"2026-01-16T15:15:31+00:00","og_image":[{"width":2560,"height":2560,"url":"https:\/\/tillandsiawebshop.com\/wp-content\/uploads\/2018\/08\/till.-streptophylla-scaled.jpg","type":"image\/jpeg"}],"twitter_card":"summary_large_image","twitter_misc":{"Gesch\u00e4tzte Lesezeit":"1 minute"},"schema":{"@context":"https:\/\/schema.org","@graph":[{"@type":"WebPage","@id":"https:\/\/tillandsiawebshop.com\/de\/produkt\/tillandsia-streptophylla\/","url":"https:\/\/tillandsiawebshop.com\/de\/produkt\/tillandsia-streptophylla\/","name":"Tillandsia Streptophylla - Corsa Webshop","isPartOf":{"@id":"https:\/\/tillandsiawebshop.com\/de\/#website"},"primaryImageOfPage":{"@id":"https:\/\/tillandsiawebshop.com\/de\/produkt\/tillandsia-streptophylla\/#primaryimage"},"image":{"@id":"https:\/\/tillandsiawebshop.com\/de\/produkt\/tillandsia-streptophylla\/#primaryimage"},"thumbnailUrl":"https:\/\/tillandsiawebshop.com\/wp-content\/uploads\/2018\/08\/till.-streptophylla-scaled.jpg","datePublished":"2018-08-09T07:56:47+00:00","dateModified":"2026-01-16T15:15:31+00:00","description":"Luftpflanze Tillandsia streptophylla zum Verkauf. Hier k\u00f6nnen Sie aus unserem gro\u00dfen Angebot an Tillandsien w\u00e4hlen. Tillandsien Gro\u00dfhandel!","breadcrumb":{"@id":"https:\/\/tillandsiawebshop.com\/de\/produkt\/tillandsia-streptophylla\/#breadcrumb"},"inLanguage":"de-DE","potentialAction":[{"@type":"ReadAction","target":["https:\/\/tillandsiawebshop.com\/de\/produkt\/tillandsia-streptophylla\/"]}]},{"@type":"ImageObject","inLanguage":"de-DE","@id":"https:\/\/tillandsiawebshop.com\/de\/produkt\/tillandsia-streptophylla\/#primaryimage","url":"https:\/\/tillandsiawebshop.com\/wp-content\/uploads\/2018\/08\/till.-streptophylla-scaled.jpg","contentUrl":"https:\/\/tillandsiawebshop.com\/wp-content\/uploads\/2018\/08\/till.-streptophylla-scaled.jpg","width":2560,"height":2560},{"@type":"BreadcrumbList","@id":"https:\/\/tillandsiawebshop.com\/de\/produkt\/tillandsia-streptophylla\/#breadcrumb","itemListElement":[{"@type":"ListItem","position":1,"name":"Home","item":"https:\/\/tillandsiawebshop.com\/de\/"},{"@type":"ListItem","position":2,"name":"Shop","item":"https:\/\/tillandsiawebshop.com\/de\/shop\/"},{"@type":"ListItem","position":3,"name":"Tillandsia Streptophylla"}]},{"@type":"WebSite","@id":"https:\/\/tillandsiawebshop.com\/de\/#website","url":"https:\/\/tillandsiawebshop.com\/de\/","name":"Corsa Webshop","description":"","publisher":{"@id":"https:\/\/tillandsiawebshop.com\/de\/#organization"},"potentialAction":[{"@type":"SearchAction","target":{"@type":"EntryPoint","urlTemplate":"https:\/\/tillandsiawebshop.com\/de\/?s={search_term_string}"},"query-input":{"@type":"PropertyValueSpecification","valueRequired":true,"valueName":"search_term_string"}}],"inLanguage":"de-DE"},{"@type":"Organization","@id":"https:\/\/tillandsiawebshop.com\/de\/#organization","name":"Corsa International B.V.","url":"https:\/\/tillandsiawebshop.com\/de\/","logo":{"@type":"ImageObject","inLanguage":"de-DE","@id":"https:\/\/tillandsiawebshop.com\/de\/#\/schema\/logo\/image\/","url":"https:\/\/tillandsiawebshop.com\/wp-content\/uploads\/2018\/10\/corsa-logo-lg.png","contentUrl":"https:\/\/tillandsiawebshop.com\/wp-content\/uploads\/2018\/10\/corsa-logo-lg.png","width":1168,"height":105,"caption":"Corsa International B.V."},"image":{"@id":"https:\/\/tillandsiawebshop.com\/de\/#\/schema\/logo\/image\/"}}]}},"_links":{"self":[{"href":"https:\/\/tillandsiawebshop.com\/de\/wp-json\/wp\/v2\/product\/12409","targetHints":{"allow":["GET"]}}],"collection":[{"href":"https:\/\/tillandsiawebshop.com\/de\/wp-json\/wp\/v2\/product"}],"about":[{"href":"https:\/\/tillandsiawebshop.com\/de\/wp-json\/wp\/v2\/types\/product"}],"replies":[{"embeddable":true,"href":"https:\/\/tillandsiawebshop.com\/de\/wp-json\/wp\/v2\/comments?post=12409"}],"wp:featuredmedia":[{"embeddable":true,"href":"https:\/\/tillandsiawebshop.com\/de\/wp-json\/wp\/v2\/media\/14328"}],"wp:attachment":[{"href":"https:\/\/tillandsiawebshop.com\/de\/wp-json\/wp\/v2\/media?parent=12409"}],"wp:term":[{"taxonomy":"product_brand","embeddable":true,"href":"https:\/\/tillandsiawebshop.com\/de\/wp-json\/wp\/v2\/product_brand?post=12409"},{"taxonomy":"product_cat","embeddable":true,"href":"https:\/\/tillandsiawebshop.com\/de\/wp-json\/wp\/v2\/product_cat?post=12409"},{"taxonomy":"product_tag","embeddable":true,"href":"https:\/\/tillandsiawebshop.com\/de\/wp-json\/wp\/v2\/product_tag?post=12409"}],"curies":[{"name":"wp","href":"https:\/\/api.w.org\/{rel}","templated":true}]}}