{"id":20149,"date":"2024-01-24T14:37:58","date_gmt":"2024-01-24T13:37:58","guid":{"rendered":"https:\/\/tillandsiawebshop.com\/auto-draft\/"},"modified":"2024-01-24T15:07:09","modified_gmt":"2024-01-24T14:07:09","slug":"virtuelle-tour","status":"publish","type":"page","link":"https:\/\/tillandsiawebshop.com\/de\/virtuelle-tour\/","title":{"rendered":"Virtuelle Tour"},"content":{"rendered":"<h1>Virtueller Rundgang durch unser Gew\u00e4chshaus<\/h1>\n<p>Erleben Sie einen exklusiven Rundgang durch unser Gew\u00e4chshaus und bewundern<br \/>\nSie die Sch\u00f6nheit unserer Tillandsia-Arten und die erweiterte Sammlung gr\u00fcner Pflanzen wie nie zuvor.<\/p>\n<div class=\"video video-fit mb\" style=\"padding-top:56.25%;\"><p><iframe title=\"Drone Tour Nursery Corsaplant\" width=\"1020\" height=\"574\" src=\"https:\/\/www.youtube.com\/embed\/6v8eFWQhEH0?feature=oembed\" frameborder=\"0\" allow=\"accelerometer; autoplay; clipboard-write; encrypted-media; gyroscope; picture-in-picture; web-share\" allowfullscreen><\/iframe><\/p>\n<\/div>\n","protected":false},"excerpt":{"rendered":"<p>Virtueller Rundgang durch unser Gew\u00e4chshaus Erleben Sie einen exklusiven Rundgang durch unser Gew\u00e4chshaus und bewundern Sie die Sch\u00f6nheit unserer Tillandsia-Arten und die erweiterte Sammlung gr\u00fcner Pflanzen wie nie zuvor.<\/p>\n","protected":false},"author":1882,"featured_media":0,"parent":0,"menu_order":0,"comment_status":"closed","ping_status":"closed","template":"","meta":{"_acf_changed":false,"footnotes":""},"class_list":["post-20149","page","type-page","status-publish","hentry"],"acf":[],"yoast_head":"<!-- This site is optimized with the Yoast SEO Premium plugin v27.4 (Yoast SEO v27.4) - https:\/\/yoast.com\/product\/yoast-seo-premium-wordpress\/ -->\n<title>Virtuelle Tour - Corsa Webshop<\/title>\n<meta name=\"robots\" content=\"index, follow, max-snippet:-1, max-image-preview:large, max-video-preview:-1\" \/>\n<link rel=\"canonical\" href=\"https:\/\/tillandsiawebshop.com\/de\/virtuelle-tour\/\" \/>\n<meta property=\"og:locale\" content=\"de_DE\" \/>\n<meta property=\"og:type\" content=\"article\" \/>\n<meta property=\"og:title\" content=\"Virtuelle Tour\" \/>\n<meta property=\"og:description\" content=\"Virtueller Rundgang durch unser Gew\u00e4chshaus Erleben Sie einen exklusiven Rundgang durch unser Gew\u00e4chshaus und bewundern Sie die Sch\u00f6nheit unserer Tillandsia-Arten und die erweiterte Sammlung gr\u00fcner Pflanzen wie nie zuvor.\" \/>\n<meta property=\"og:url\" content=\"https:\/\/tillandsiawebshop.com\/de\/virtuelle-tour\/\" \/>\n<meta property=\"og:site_name\" content=\"Corsa Webshop\" \/>\n<meta property=\"article:modified_time\" content=\"2024-01-24T14:07:09+00:00\" \/>\n<meta name=\"twitter:card\" content=\"summary_large_image\" \/>\n<script type=\"application\/ld+json\" class=\"yoast-schema-graph\">{\"@context\":\"https:\\\/\\\/schema.org\",\"@graph\":[{\"@type\":\"WebPage\",\"@id\":\"https:\\\/\\\/tillandsiawebshop.com\\\/de\\\/virtuelle-tour\\\/\",\"url\":\"https:\\\/\\\/tillandsiawebshop.com\\\/de\\\/virtuelle-tour\\\/\",\"name\":\"Virtuelle Tour - Corsa Webshop\",\"isPartOf\":{\"@id\":\"https:\\\/\\\/tillandsiawebshop.com\\\/de\\\/#website\"},\"datePublished\":\"2024-01-24T13:37:58+00:00\",\"dateModified\":\"2024-01-24T14:07:09+00:00\",\"breadcrumb\":{\"@id\":\"https:\\\/\\\/tillandsiawebshop.com\\\/de\\\/virtuelle-tour\\\/#breadcrumb\"},\"inLanguage\":\"de-DE\",\"potentialAction\":[{\"@type\":\"ReadAction\",\"target\":[\"https:\\\/\\\/tillandsiawebshop.com\\\/de\\\/virtuelle-tour\\\/\"]}]},{\"@type\":\"BreadcrumbList\",\"@id\":\"https:\\\/\\\/tillandsiawebshop.com\\\/de\\\/virtuelle-tour\\\/#breadcrumb\",\"itemListElement\":[{\"@type\":\"ListItem\",\"position\":1,\"name\":\"Home\",\"item\":\"https:\\\/\\\/tillandsiawebshop.com\\\/de\\\/\"},{\"@type\":\"ListItem\",\"position\":2,\"name\":\"Virtuelle Tour\"}]},{\"@type\":\"WebSite\",\"@id\":\"https:\\\/\\\/tillandsiawebshop.com\\\/de\\\/#website\",\"url\":\"https:\\\/\\\/tillandsiawebshop.com\\\/de\\\/\",\"name\":\"Corsa Webshop\",\"description\":\"\",\"publisher\":{\"@id\":\"https:\\\/\\\/tillandsiawebshop.com\\\/de\\\/#organization\"},\"potentialAction\":[{\"@type\":\"SearchAction\",\"target\":{\"@type\":\"EntryPoint\",\"urlTemplate\":\"https:\\\/\\\/tillandsiawebshop.com\\\/de\\\/?s={search_term_string}\"},\"query-input\":{\"@type\":\"PropertyValueSpecification\",\"valueRequired\":true,\"valueName\":\"search_term_string\"}}],\"inLanguage\":\"de-DE\"},{\"@type\":\"Organization\",\"@id\":\"https:\\\/\\\/tillandsiawebshop.com\\\/de\\\/#organization\",\"name\":\"Corsa International B.V.\",\"url\":\"https:\\\/\\\/tillandsiawebshop.com\\\/de\\\/\",\"logo\":{\"@type\":\"ImageObject\",\"inLanguage\":\"de-DE\",\"@id\":\"https:\\\/\\\/tillandsiawebshop.com\\\/de\\\/#\\\/schema\\\/logo\\\/image\\\/\",\"url\":\"https:\\\/\\\/tillandsiawebshop.com\\\/wp-content\\\/uploads\\\/2018\\\/10\\\/corsa-logo-lg.png\",\"contentUrl\":\"https:\\\/\\\/tillandsiawebshop.com\\\/wp-content\\\/uploads\\\/2018\\\/10\\\/corsa-logo-lg.png\",\"width\":1168,\"height\":105,\"caption\":\"Corsa International B.V.\"},\"image\":{\"@id\":\"https:\\\/\\\/tillandsiawebshop.com\\\/de\\\/#\\\/schema\\\/logo\\\/image\\\/\"}}]}<\/script>\n<!-- \/ Yoast SEO Premium plugin. -->","yoast_head_json":{"title":"Virtuelle Tour - Corsa Webshop","robots":{"index":"index","follow":"follow","max-snippet":"max-snippet:-1","max-image-preview":"max-image-preview:large","max-video-preview":"max-video-preview:-1"},"canonical":"https:\/\/tillandsiawebshop.com\/de\/virtuelle-tour\/","og_locale":"de_DE","og_type":"article","og_title":"Virtuelle Tour","og_description":"Virtueller Rundgang durch unser Gew\u00e4chshaus Erleben Sie einen exklusiven Rundgang durch unser Gew\u00e4chshaus und bewundern Sie die Sch\u00f6nheit unserer Tillandsia-Arten und die erweiterte Sammlung gr\u00fcner Pflanzen wie nie zuvor.","og_url":"https:\/\/tillandsiawebshop.com\/de\/virtuelle-tour\/","og_site_name":"Corsa Webshop","article_modified_time":"2024-01-24T14:07:09+00:00","twitter_card":"summary_large_image","schema":{"@context":"https:\/\/schema.org","@graph":[{"@type":"WebPage","@id":"https:\/\/tillandsiawebshop.com\/de\/virtuelle-tour\/","url":"https:\/\/tillandsiawebshop.com\/de\/virtuelle-tour\/","name":"Virtuelle Tour - Corsa Webshop","isPartOf":{"@id":"https:\/\/tillandsiawebshop.com\/de\/#website"},"datePublished":"2024-01-24T13:37:58+00:00","dateModified":"2024-01-24T14:07:09+00:00","breadcrumb":{"@id":"https:\/\/tillandsiawebshop.com\/de\/virtuelle-tour\/#breadcrumb"},"inLanguage":"de-DE","potentialAction":[{"@type":"ReadAction","target":["https:\/\/tillandsiawebshop.com\/de\/virtuelle-tour\/"]}]},{"@type":"BreadcrumbList","@id":"https:\/\/tillandsiawebshop.com\/de\/virtuelle-tour\/#breadcrumb","itemListElement":[{"@type":"ListItem","position":1,"name":"Home","item":"https:\/\/tillandsiawebshop.com\/de\/"},{"@type":"ListItem","position":2,"name":"Virtuelle Tour"}]},{"@type":"WebSite","@id":"https:\/\/tillandsiawebshop.com\/de\/#website","url":"https:\/\/tillandsiawebshop.com\/de\/","name":"Corsa Webshop","description":"","publisher":{"@id":"https:\/\/tillandsiawebshop.com\/de\/#organization"},"potentialAction":[{"@type":"SearchAction","target":{"@type":"EntryPoint","urlTemplate":"https:\/\/tillandsiawebshop.com\/de\/?s={search_term_string}"},"query-input":{"@type":"PropertyValueSpecification","valueRequired":true,"valueName":"search_term_string"}}],"inLanguage":"de-DE"},{"@type":"Organization","@id":"https:\/\/tillandsiawebshop.com\/de\/#organization","name":"Corsa International B.V.","url":"https:\/\/tillandsiawebshop.com\/de\/","logo":{"@type":"ImageObject","inLanguage":"de-DE","@id":"https:\/\/tillandsiawebshop.com\/de\/#\/schema\/logo\/image\/","url":"https:\/\/tillandsiawebshop.com\/wp-content\/uploads\/2018\/10\/corsa-logo-lg.png","contentUrl":"https:\/\/tillandsiawebshop.com\/wp-content\/uploads\/2018\/10\/corsa-logo-lg.png","width":1168,"height":105,"caption":"Corsa International B.V."},"image":{"@id":"https:\/\/tillandsiawebshop.com\/de\/#\/schema\/logo\/image\/"}}]}},"_links":{"self":[{"href":"https:\/\/tillandsiawebshop.com\/de\/wp-json\/wp\/v2\/pages\/20149","targetHints":{"allow":["GET"]}}],"collection":[{"href":"https:\/\/tillandsiawebshop.com\/de\/wp-json\/wp\/v2\/pages"}],"about":[{"href":"https:\/\/tillandsiawebshop.com\/de\/wp-json\/wp\/v2\/types\/page"}],"author":[{"embeddable":true,"href":"https:\/\/tillandsiawebshop.com\/de\/wp-json\/wp\/v2\/users\/1882"}],"replies":[{"embeddable":true,"href":"https:\/\/tillandsiawebshop.com\/de\/wp-json\/wp\/v2\/comments?post=20149"}],"version-history":[{"count":4,"href":"https:\/\/tillandsiawebshop.com\/de\/wp-json\/wp\/v2\/pages\/20149\/revisions"}],"predecessor-version":[{"id":20161,"href":"https:\/\/tillandsiawebshop.com\/de\/wp-json\/wp\/v2\/pages\/20149\/revisions\/20161"}],"wp:attachment":[{"href":"https:\/\/tillandsiawebshop.com\/de\/wp-json\/wp\/v2\/media?parent=20149"}],"curies":[{"name":"wp","href":"https:\/\/api.w.org\/{rel}","templated":true}]}}