{"id":12485,"date":"2018-12-20T13:35:21","date_gmt":"2018-12-20T12:35:21","guid":{"rendered":"https:\/\/tillandsiawebshop.com\/?page_id=12485"},"modified":"2018-12-29T11:28:49","modified_gmt":"2018-12-29T10:28:49","slug":"luftpflanzen","status":"publish","type":"page","link":"https:\/\/tillandsiawebshop.com\/de\/luftpflanzen\/","title":{"rendered":"Luftpflanzen"},"content":{"rendered":"<h1><strong>LUFTPFLANZEN: PLANTEN, DIE OHNE ERDE GEDEIHEN<\/strong><\/h1>\n<h2><strong>Was<\/strong><strong> ist eine Air Plant (eine Luftpflanze)?<\/strong><\/h2>\n<p>Luftpflanzen ben\u00f6tigen nur wenig Wasser, da sie von der Luftfeuchtigkeit leben k\u00f6nnen. Es handelt sich hier um Pflanzen, die keine oder nur ganz kleine Wurzeln haben, die dann auch nur dazu dienen, der Pflanze Halt zu geben. Man nennt sie auch Epiphyten oder Aufsitzerpflanzen. Das sind Pflanzen, die auf anderen Pflanzen wachsen. Ihre N\u00e4hrstoffe entziehen sie der Luftfeuchte und dem Regen, und zwar \u00fcber kleine Schuppen, die sich auf den Bl\u00e4ttern befinden. Eine Airplant ben\u00f6tigt also keine Erde, um wachsen und sogar bl\u00fchen zu k\u00f6nnen. Es gibt seltsame Luftpflanzen, die violett-gelbe Bl\u00fcten hervorbringen. Manche Arten f\u00e4rben sich rot w\u00e4hrend der Bl\u00fctezeit!<\/p>\n<p>&nbsp;<\/p>\n<h2><strong>Woher kommen die Luftpflanzen?<\/strong><\/h2>\n<p>Diese au\u00dfergew\u00f6hnlichen Pflanzen kommen urspr\u00fcnglich aus tropischen Regionen, vor allem aus Mittel- und S\u00fcdamerika.\u00a0Unsere Airplants werden aus Stecklingen oder Samen gez\u00fcchtet.<\/p>\n<p><img decoding=\"async\" class=\"alignnone wp-image-12043\" src=\"https:\/\/tillandsiawebshop.com\/wp-content\/uploads\/2018\/12\/11-711x400.jpg\" alt=\"Luftpflanzen\" width=\"711\" height=\"400\" srcset=\"https:\/\/tillandsiawebshop.com\/wp-content\/uploads\/2018\/12\/11-711x400.jpg 711w, https:\/\/tillandsiawebshop.com\/wp-content\/uploads\/2018\/12\/11-scaled-510x287.jpg 510w, https:\/\/tillandsiawebshop.com\/wp-content\/uploads\/2018\/12\/11-768x432.jpg 768w, https:\/\/tillandsiawebshop.com\/wp-content\/uploads\/2018\/12\/11-1400x788.jpg 1400w\" sizes=\"(max-width: 711px) 100vw, 711px\" \/><\/p>\n<p>&nbsp;<\/p>\n<h2><strong>Wie alt sind die Luftpflanzen?<\/strong><\/h2>\n<p>Die meisten Pflanzen, denen Sie begegnen, sind mehr als zwei Jahre alt. Eine Ausnahme bildet die Tillandsia Xerographica, die im Durchschnitt mehr als vier Jahre alt ist und bis zu 20 Jahre alt werden kann.<\/p>\n<p><strong>\u00a0<\/strong><\/p>\n<h2><strong>Was haben die Tillandsien mit den Luftpflanzen zu tun?<\/strong><\/h2>\n<p>Die Pflanzengattung hei\u00dft Tillandsia, aber die Bezeichnung \u201eAirplant\u201c (Luftpflanze) wird h\u00e4ufiger verwendet. Sie geh\u00f6rt zur Familie der Bromeliengew\u00e4chse, wobei die Air Plant die besondere Eigenschaft hat, zum Gedeihen keine Erde zu ben\u00f6tigen.<\/p>\n<p>&nbsp;<\/p>\n<h2><strong>Wieviel verschiedene Arten der Luftpflanzen gibt es?<\/strong><\/h2>\n<p>Es gibt mehr als 500 verschiedene <a href=\"https:\/\/tillandsiawebshop.com\/de\/product-categorie\/tillandsien-arten\/\">Tillandsien-Arten<\/a>! Zu den bekanntesten Arten z\u00e4hlen die\u00a0<a href=\"https:\/\/tillandsiawebshop.com\/de\/produkt\/tillandsia-ionantha\/\">Tillandsia ionantha<\/a>, <a href=\"https:\/\/tillandsiawebshop.com\/de\/produkt\/tillandsia-abdita\/\">Tillandsia abdita<\/a>, <a href=\"https:\/\/tillandsiawebshop.com\/de\/produkt\/tillandsia-multiflora-grun\/\">Tillandsia multiflora<\/a>, <a href=\"https:\/\/tillandsiawebshop.com\/de\/produkt\/tillandsia-juncea\/\">Tillandsia juncea<\/a>, <a href=\"https:\/\/tillandsiawebshop.com\/de\/produkt\/tillandsia-caput-medusae\/\">Tillandsia caput medusae<\/a>, <a href=\"https:\/\/tillandsiawebshop.com\/de\/produkt\/tillandsia-magnusiana\/\">Tillandsia magnusiana<\/a>, <a href=\"https:\/\/tillandsiawebshop.com\/de\/produkt\/tillandsia-circinata\/\">Tillandsia circinata<\/a>, <a href=\"https:\/\/tillandsiawebshop.com\/de\/produkt\/tillandsia-harrisii\/\">Tillandsia harrisii<\/a>, <a href=\"https:\/\/tillandsiawebshop.com\/de\/produkt\/tillandsia-schiedeana\/\">Tillandsia schiedeana<\/a>, <a href=\"https:\/\/tillandsiawebshop.com\/de\/produkt\/tillandsia-usneoides\/\">Tillandsia usneoides<\/a> und die <a href=\"https:\/\/tillandsiawebshop.com\/de\/produkt\/tillandsia-xerographica\/\">Tillandsia Xerographica<\/a> (auch bekannt als der K\u00f6nig der Luftpflanzen). Au\u00dfer diesen beiden, haben wir noch viele andere Tillandsien-Arten f\u00fcr Sie. Diese finden Sie hier.<br \/>\nWeitere Informationen und eine kleine, jede dieser Arten beschreibende, Geschichte finden Sie auf unserer informativen Website <a href=\"http:\/\/www.takeairplants.info\">www.takeairplants.info<\/a>.<\/p>\n<p>&nbsp;<\/p>\n<h2><strong>Wie pflege ich meine Luftpflanzen?<\/strong><\/h2>\n<p>Air Plants ben\u00f6tigen nur wenig Pflege. Sie m\u00f6gen es, wenn man sie ab und zu mit <a href=\"https:\/\/tillandsiawebshop.com\/de\/produkt\/tillandsien-pflege-spray\/\">unserem Tillandsia-Pflegespray<\/a> bespr\u00fcht; im Sommer vorzugsweise einmal in der Woche und im Winter einmal alle zwei Wochen. Wenn Ihnen Ihre Airplant vertrocknet vorkommt, darf sie ruhig etwas \u00f6fter bespr\u00fcht werden. Sie k\u00f6nnen die Luftpflanzen auch 2 bis 3 Stunden in ein Gef\u00e4\u00df mit Wasser eintauchen. Dann saugt sich die Pflanze voll, wodurch sie wieder ganz zur Bl\u00fcte kommen kann. Luftpflanzen k\u00f6nnen, bei Temperaturen zwischen 5 und 35 Grad Celsius, sowohl drinnen als auch drau\u00dfen gehalten werden. Sie d\u00fcrfen jedoch nie in der vollen Sonne stehen.<\/p>\n<p>&nbsp;<\/p>\n<figure id=\"attachment_12047\" aria-describedby=\"caption-attachment-12047\" style=\"width: 630px\" class=\"wp-caption alignnone\"><img decoding=\"async\" class=\"wp-image-12047\" src=\"https:\/\/tillandsiawebshop.com\/wp-content\/uploads\/2018\/12\/air-plants-care-630x400.jpg\" alt=\"Luftpflanzen pflege, Tillandsien Pflegespray, Tillandsien Pflege\" width=\"630\" height=\"400\" srcset=\"https:\/\/tillandsiawebshop.com\/wp-content\/uploads\/2018\/12\/air-plants-care-630x400.jpg 630w, https:\/\/tillandsiawebshop.com\/wp-content\/uploads\/2018\/12\/air-plants-care-scaled-510x324.jpg 510w, https:\/\/tillandsiawebshop.com\/wp-content\/uploads\/2018\/12\/air-plants-care-768x488.jpg 768w, https:\/\/tillandsiawebshop.com\/wp-content\/uploads\/2018\/12\/air-plants-care-1259x800.jpg 1259w\" sizes=\"(max-width: 630px) 100vw, 630px\" \/><figcaption id=\"caption-attachment-12047\" class=\"wp-caption-text\">Pflanzen pflegt man mit Tillandsien Pflegespray van Corsa Plant (Take Airplants).<\/figcaption><\/figure>\n<p>&nbsp;<\/p>\n","protected":false},"excerpt":{"rendered":"<p>LUFTPFLANZEN: PLANTEN, DIE OHNE ERDE GEDEIHEN Was ist eine Air Plant (eine Luftpflanze)? Luftpflanzen ben\u00f6tigen nur wenig Wasser, da sie von der Luftfeuchtigkeit leben k\u00f6nnen. Es handelt sich hier um Pflanzen, die keine oder nur ganz kleine Wurzeln haben, die dann auch nur dazu dienen, der Pflanze Halt zu geben. Man nennt sie auch Epiphyten [&#8230;]\n","protected":false},"author":1878,"featured_media":0,"parent":0,"menu_order":0,"comment_status":"closed","ping_status":"closed","template":"","meta":{"_acf_changed":false,"footnotes":""},"class_list":["post-12485","page","type-page","status-publish","hentry"],"acf":[],"yoast_head":"<!-- This site is optimized with the Yoast SEO Premium plugin v27.4 (Yoast SEO v27.4) - https:\/\/yoast.com\/product\/yoast-seo-premium-wordpress\/ -->\n<title>Luftpflanzen - Corsa Webshop Tillandsien und Luftpflanzen<\/title>\n<meta name=\"description\" content=\"Luftpflanzen und Tillandsien zum Verkauf. Hier k\u00f6nnen Sie aus unserem gro\u00dfen Angebot und Informationen an Luftpflanzen w\u00e4hlen. Tillandsien Gro\u00dfhandel!\" \/>\n<meta name=\"robots\" content=\"index, follow, max-snippet:-1, max-image-preview:large, max-video-preview:-1\" \/>\n<link rel=\"canonical\" href=\"https:\/\/tillandsiawebshop.com\/de\/luftpflanzen\/\" \/>\n<meta property=\"og:locale\" content=\"de_DE\" \/>\n<meta property=\"og:type\" content=\"article\" \/>\n<meta property=\"og:title\" content=\"Luftpflanzen\" \/>\n<meta property=\"og:description\" content=\"Luftpflanzen und Tillandsien zum Verkauf. Hier k\u00f6nnen Sie aus unserem gro\u00dfen Angebot und Informationen an Luftpflanzen w\u00e4hlen. Tillandsien Gro\u00dfhandel!\" \/>\n<meta property=\"og:url\" content=\"https:\/\/tillandsiawebshop.com\/de\/luftpflanzen\/\" \/>\n<meta property=\"og:site_name\" content=\"Corsa Webshop\" \/>\n<meta property=\"article:modified_time\" content=\"2018-12-29T10:28:49+00:00\" \/>\n<meta property=\"og:image\" content=\"https:\/\/tillandsiawebshop.com\/wp-content\/uploads\/2018\/12\/11-scaled.jpg\" \/>\n\t<meta property=\"og:image:width\" content=\"2560\" \/>\n\t<meta property=\"og:image:height\" content=\"1440\" \/>\n\t<meta property=\"og:image:type\" content=\"image\/jpeg\" \/>\n<meta name=\"twitter:card\" content=\"summary_large_image\" \/>\n<meta name=\"twitter:label1\" content=\"Gesch\u00e4tzte Lesezeit\" \/>\n\t<meta name=\"twitter:data1\" content=\"2 minutes\" \/>\n<script type=\"application\/ld+json\" class=\"yoast-schema-graph\">{\"@context\":\"https:\\\/\\\/schema.org\",\"@graph\":[{\"@type\":\"WebPage\",\"@id\":\"https:\\\/\\\/tillandsiawebshop.com\\\/de\\\/luftpflanzen\\\/\",\"url\":\"https:\\\/\\\/tillandsiawebshop.com\\\/de\\\/luftpflanzen\\\/\",\"name\":\"Luftpflanzen - Corsa Webshop Tillandsien und Luftpflanzen\",\"isPartOf\":{\"@id\":\"https:\\\/\\\/tillandsiawebshop.com\\\/de\\\/#website\"},\"primaryImageOfPage\":{\"@id\":\"https:\\\/\\\/tillandsiawebshop.com\\\/de\\\/luftpflanzen\\\/#primaryimage\"},\"image\":{\"@id\":\"https:\\\/\\\/tillandsiawebshop.com\\\/de\\\/luftpflanzen\\\/#primaryimage\"},\"thumbnailUrl\":\"https:\\\/\\\/tillandsiawebshop.com\\\/wp-content\\\/uploads\\\/2018\\\/12\\\/11-711x400.jpg\",\"datePublished\":\"2018-12-20T12:35:21+00:00\",\"dateModified\":\"2018-12-29T10:28:49+00:00\",\"description\":\"Luftpflanzen und Tillandsien zum Verkauf. Hier k\u00f6nnen Sie aus unserem gro\u00dfen Angebot und Informationen an Luftpflanzen w\u00e4hlen. Tillandsien Gro\u00dfhandel!\",\"breadcrumb\":{\"@id\":\"https:\\\/\\\/tillandsiawebshop.com\\\/de\\\/luftpflanzen\\\/#breadcrumb\"},\"inLanguage\":\"de-DE\",\"potentialAction\":[{\"@type\":\"ReadAction\",\"target\":[\"https:\\\/\\\/tillandsiawebshop.com\\\/de\\\/luftpflanzen\\\/\"]}]},{\"@type\":\"ImageObject\",\"inLanguage\":\"de-DE\",\"@id\":\"https:\\\/\\\/tillandsiawebshop.com\\\/de\\\/luftpflanzen\\\/#primaryimage\",\"url\":\"https:\\\/\\\/tillandsiawebshop.com\\\/wp-content\\\/uploads\\\/2018\\\/12\\\/11-711x400.jpg\",\"contentUrl\":\"https:\\\/\\\/tillandsiawebshop.com\\\/wp-content\\\/uploads\\\/2018\\\/12\\\/11-711x400.jpg\"},{\"@type\":\"BreadcrumbList\",\"@id\":\"https:\\\/\\\/tillandsiawebshop.com\\\/de\\\/luftpflanzen\\\/#breadcrumb\",\"itemListElement\":[{\"@type\":\"ListItem\",\"position\":1,\"name\":\"Home\",\"item\":\"https:\\\/\\\/tillandsiawebshop.com\\\/de\\\/\"},{\"@type\":\"ListItem\",\"position\":2,\"name\":\"Luftpflanzen\"}]},{\"@type\":\"WebSite\",\"@id\":\"https:\\\/\\\/tillandsiawebshop.com\\\/de\\\/#website\",\"url\":\"https:\\\/\\\/tillandsiawebshop.com\\\/de\\\/\",\"name\":\"Corsa Webshop\",\"description\":\"\",\"publisher\":{\"@id\":\"https:\\\/\\\/tillandsiawebshop.com\\\/de\\\/#organization\"},\"potentialAction\":[{\"@type\":\"SearchAction\",\"target\":{\"@type\":\"EntryPoint\",\"urlTemplate\":\"https:\\\/\\\/tillandsiawebshop.com\\\/de\\\/?s={search_term_string}\"},\"query-input\":{\"@type\":\"PropertyValueSpecification\",\"valueRequired\":true,\"valueName\":\"search_term_string\"}}],\"inLanguage\":\"de-DE\"},{\"@type\":\"Organization\",\"@id\":\"https:\\\/\\\/tillandsiawebshop.com\\\/de\\\/#organization\",\"name\":\"Corsa International B.V.\",\"url\":\"https:\\\/\\\/tillandsiawebshop.com\\\/de\\\/\",\"logo\":{\"@type\":\"ImageObject\",\"inLanguage\":\"de-DE\",\"@id\":\"https:\\\/\\\/tillandsiawebshop.com\\\/de\\\/#\\\/schema\\\/logo\\\/image\\\/\",\"url\":\"https:\\\/\\\/tillandsiawebshop.com\\\/wp-content\\\/uploads\\\/2018\\\/10\\\/corsa-logo-lg.png\",\"contentUrl\":\"https:\\\/\\\/tillandsiawebshop.com\\\/wp-content\\\/uploads\\\/2018\\\/10\\\/corsa-logo-lg.png\",\"width\":1168,\"height\":105,\"caption\":\"Corsa International B.V.\"},\"image\":{\"@id\":\"https:\\\/\\\/tillandsiawebshop.com\\\/de\\\/#\\\/schema\\\/logo\\\/image\\\/\"}}]}<\/script>\n<!-- \/ Yoast SEO Premium plugin. -->","yoast_head_json":{"title":"Luftpflanzen - Corsa Webshop Tillandsien und Luftpflanzen","description":"Luftpflanzen und Tillandsien zum Verkauf. Hier k\u00f6nnen Sie aus unserem gro\u00dfen Angebot und Informationen an Luftpflanzen w\u00e4hlen. Tillandsien Gro\u00dfhandel!","robots":{"index":"index","follow":"follow","max-snippet":"max-snippet:-1","max-image-preview":"max-image-preview:large","max-video-preview":"max-video-preview:-1"},"canonical":"https:\/\/tillandsiawebshop.com\/de\/luftpflanzen\/","og_locale":"de_DE","og_type":"article","og_title":"Luftpflanzen","og_description":"Luftpflanzen und Tillandsien zum Verkauf. Hier k\u00f6nnen Sie aus unserem gro\u00dfen Angebot und Informationen an Luftpflanzen w\u00e4hlen. Tillandsien Gro\u00dfhandel!","og_url":"https:\/\/tillandsiawebshop.com\/de\/luftpflanzen\/","og_site_name":"Corsa Webshop","article_modified_time":"2018-12-29T10:28:49+00:00","og_image":[{"width":2560,"height":1440,"url":"https:\/\/tillandsiawebshop.com\/wp-content\/uploads\/2018\/12\/11-scaled.jpg","type":"image\/jpeg"}],"twitter_card":"summary_large_image","twitter_misc":{"Gesch\u00e4tzte Lesezeit":"2 minutes"},"schema":{"@context":"https:\/\/schema.org","@graph":[{"@type":"WebPage","@id":"https:\/\/tillandsiawebshop.com\/de\/luftpflanzen\/","url":"https:\/\/tillandsiawebshop.com\/de\/luftpflanzen\/","name":"Luftpflanzen - Corsa Webshop Tillandsien und Luftpflanzen","isPartOf":{"@id":"https:\/\/tillandsiawebshop.com\/de\/#website"},"primaryImageOfPage":{"@id":"https:\/\/tillandsiawebshop.com\/de\/luftpflanzen\/#primaryimage"},"image":{"@id":"https:\/\/tillandsiawebshop.com\/de\/luftpflanzen\/#primaryimage"},"thumbnailUrl":"https:\/\/tillandsiawebshop.com\/wp-content\/uploads\/2018\/12\/11-711x400.jpg","datePublished":"2018-12-20T12:35:21+00:00","dateModified":"2018-12-29T10:28:49+00:00","description":"Luftpflanzen und Tillandsien zum Verkauf. Hier k\u00f6nnen Sie aus unserem gro\u00dfen Angebot und Informationen an Luftpflanzen w\u00e4hlen. Tillandsien Gro\u00dfhandel!","breadcrumb":{"@id":"https:\/\/tillandsiawebshop.com\/de\/luftpflanzen\/#breadcrumb"},"inLanguage":"de-DE","potentialAction":[{"@type":"ReadAction","target":["https:\/\/tillandsiawebshop.com\/de\/luftpflanzen\/"]}]},{"@type":"ImageObject","inLanguage":"de-DE","@id":"https:\/\/tillandsiawebshop.com\/de\/luftpflanzen\/#primaryimage","url":"https:\/\/tillandsiawebshop.com\/wp-content\/uploads\/2018\/12\/11-711x400.jpg","contentUrl":"https:\/\/tillandsiawebshop.com\/wp-content\/uploads\/2018\/12\/11-711x400.jpg"},{"@type":"BreadcrumbList","@id":"https:\/\/tillandsiawebshop.com\/de\/luftpflanzen\/#breadcrumb","itemListElement":[{"@type":"ListItem","position":1,"name":"Home","item":"https:\/\/tillandsiawebshop.com\/de\/"},{"@type":"ListItem","position":2,"name":"Luftpflanzen"}]},{"@type":"WebSite","@id":"https:\/\/tillandsiawebshop.com\/de\/#website","url":"https:\/\/tillandsiawebshop.com\/de\/","name":"Corsa Webshop","description":"","publisher":{"@id":"https:\/\/tillandsiawebshop.com\/de\/#organization"},"potentialAction":[{"@type":"SearchAction","target":{"@type":"EntryPoint","urlTemplate":"https:\/\/tillandsiawebshop.com\/de\/?s={search_term_string}"},"query-input":{"@type":"PropertyValueSpecification","valueRequired":true,"valueName":"search_term_string"}}],"inLanguage":"de-DE"},{"@type":"Organization","@id":"https:\/\/tillandsiawebshop.com\/de\/#organization","name":"Corsa International B.V.","url":"https:\/\/tillandsiawebshop.com\/de\/","logo":{"@type":"ImageObject","inLanguage":"de-DE","@id":"https:\/\/tillandsiawebshop.com\/de\/#\/schema\/logo\/image\/","url":"https:\/\/tillandsiawebshop.com\/wp-content\/uploads\/2018\/10\/corsa-logo-lg.png","contentUrl":"https:\/\/tillandsiawebshop.com\/wp-content\/uploads\/2018\/10\/corsa-logo-lg.png","width":1168,"height":105,"caption":"Corsa International B.V."},"image":{"@id":"https:\/\/tillandsiawebshop.com\/de\/#\/schema\/logo\/image\/"}}]}},"_links":{"self":[{"href":"https:\/\/tillandsiawebshop.com\/de\/wp-json\/wp\/v2\/pages\/12485","targetHints":{"allow":["GET"]}}],"collection":[{"href":"https:\/\/tillandsiawebshop.com\/de\/wp-json\/wp\/v2\/pages"}],"about":[{"href":"https:\/\/tillandsiawebshop.com\/de\/wp-json\/wp\/v2\/types\/page"}],"author":[{"embeddable":true,"href":"https:\/\/tillandsiawebshop.com\/de\/wp-json\/wp\/v2\/users\/1878"}],"replies":[{"embeddable":true,"href":"https:\/\/tillandsiawebshop.com\/de\/wp-json\/wp\/v2\/comments?post=12485"}],"version-history":[{"count":0,"href":"https:\/\/tillandsiawebshop.com\/de\/wp-json\/wp\/v2\/pages\/12485\/revisions"}],"wp:attachment":[{"href":"https:\/\/tillandsiawebshop.com\/de\/wp-json\/wp\/v2\/media?parent=12485"}],"curies":[{"name":"wp","href":"https:\/\/api.w.org\/{rel}","templated":true}]}}