{"id":12209,"date":"2018-12-14T18:44:05","date_gmt":"2018-12-14T17:44:05","guid":{"rendered":"https:\/\/tillandsiawebshop.com\/?page_id=12209"},"modified":"2022-12-11T18:57:26","modified_gmt":"2022-12-11T17:57:26","slug":"tillandsien-pflege","status":"publish","type":"page","link":"https:\/\/tillandsiawebshop.com\/de\/tillandsien-pflege\/","title":{"rendered":"Tillandsien Pflege"},"content":{"rendered":"<h3>Tillandsien Pflege<\/h3>\n<p>Eine Luftpflanze lebt von der Luftfeuchtigkeit in ihrem Raum. Daher auch der Name Airplant (Luftpflanze). Es ist eine robuste Pflanzenart, die in der Regel weniger Pflege ben\u00f6tigt als die meisten anderen Zimmerpflanzen. Die Luftfeuchtigkeit wird von der Airplant \u00fcber ihre Trichome aufgenommen, die kleinen flauschigen Haare auf den Bl\u00e4ttern der Pflanze. Die Luftfeuchtigkeit ist in den Regionen, wo die Tillandsien urspr\u00fcnglich wachsen, h\u00f6her als hier. Aus diesem Grund ben\u00f6tigt Ihre Airplant f\u00fcr eine lange Lebensdauer noch etwas Pflege:<\/p>\n<h3>Allgemeine Pflegetipps<\/h3>\n<ul>\n<li>Ihre Luftpflanze bespr\u00fchen und\/oder in ein Wasserbad legen. Weitere Informationen finden Sie hier<\/li>\n<li>Eine Luftpflanze bevorzugt einen hellen und klaren Standort<\/li>\n<li>Sch\u00fctzen Sie die\u00a0Luftpflanze vor Temperaturen unter Null<\/li>\n<li>Setzen Sie die\u00a0Luftpflanze besser nicht direktem Sonnenlicht aus<\/li>\n<\/ul>\n<p><strong>Luftpflanze\u00a0in offener Umgebung<\/strong><br \/>\nIn w\u00e4rmeren Monaten reicht es aus, die\u00a0Luftpflanze einmal oder zweimal pro Woche zu bespr\u00fchen. In k\u00e4lteren Monaten gen\u00fcgt einmaliges Bespr\u00fchen alle zwei Wochen. Hierzu verwendet man vorzugsweise\u00a0<a href=\"https:\/\/tillandsiawebshop.com\/de\/produkt\/tillandsien-pflege-spray\/\">Tillandsien-Pflegespray<\/a>. Sollten Sie dieses nicht im Haus haben, k\u00f6nnen Sie Ihre Airplant auch mit (Leitungs-)Wasser bespr\u00fchen. Die Tillandsien m\u00f6gen es, komplett zu trocknen, bevor sie erneut bespr\u00fcht werden. Unten auf dieser Seite wird die Wasserbad-Methode beschrieben, mit der Sie die Lebensdauer Ihrer Luftpflanze verl\u00e4ngern k\u00f6nnen.<\/p>\n<p><strong>Luftpflanze\u00a0in offenem Glas<\/strong><br \/>\nHierf\u00fcr gilt die gleiche Pflege wie f\u00fcr die Tillandsien in einer offenen Umgebung. Es ist jedoch empfehlenswert, die Luftpflanze aus dem Glas zu nehmen, wenn Sie diese bespr\u00fchen. Hierzu verwendet man vorzugsweise\u00a0<a href=\"https:\/\/tillandsiawebshop.com\/de\/produkt\/tillandsien-pflege-spray\/\">Take Airplants Pflegespray,<\/a>\u00a0alternativ kann auch Wasser (Regenwasser oder Leitungswasser) verwendet werden. Um die Lebensdauer Ihrer Luftpflanze zu verl\u00e4ngern, informieren Sie sich bitte unten auf dieser Seite \u00fcber die Wasserbad-Methode.<\/p>\n<p><strong>Luftpflanze in geschlossenem Glas<\/strong><br \/>\nBefeuchten Sie die Pflanze w\u00f6chentlich (in k\u00fchleren Monaten einmal in zwei Wochen) durch kurzes Bespr\u00fchen und stellen Sie diese getrocknet wieder in das Glas zur\u00fcck. Wenn die Pflanze das kr\u00e4ftige und gepflegte farbenfrohe Aussehen verliert, k\u00f6nnen Sie die Wasserbad-Methode anwenden. Diese Methode wird unten beschrieben. Wichtig ist, die\u00a0Luftpflanze komplett trocknen zu lassen (das kann nach dem Wasserbad einige Tage dauern), bevor Sie diese wieder in das geschlossene Glas stellen. Wenn das Glas von innen feucht wird\/ist, kann der Zustand der Pflanze sich verschlechtern, da sie ihre Feuchtigkeit nicht abgeben kann. In diesem Fall ist es besser, die Pflanze kurz heraus zu nehmen und sie atmen zu lassen, bis sie komplett getrocknet ist.\u00a0 Merken Sie sich gut, wie Ihre Airplant nach dem Wasserbad und dem Trocknen ausgesehen hat. Wenn die Pflanze dieses Aussehen wieder verliert, k\u00f6nnen Sie Ihre\u00a0Luftpflanze erneut mit der gleichen Wasserbad-Methode behandeln.<\/p>\n<h3>Wasserbad-Methode<\/h3>\n<p>Um Ihre Luftpflanze hervorragend zur Geltung kommen zu lassen, k\u00f6nnen Sie diese einmal im Monat in ein (Leitungs-)Wasserbad legen. Bei diesem Wasserbad saugt die Luftpflanze sich mit Wasser voll. Wenn Sie diese nach 30 Minuten aus dem Wasser nehmen, bl\u00fcht sie auf. Wichtig ist, die Airplant anschlie\u00dfend komplett trocknen zu lassen. Dies sorgt f\u00fcr eine optimale Lebensdauer Ihrer Pflanze. Um Ihnen hierbei etwas zu helfen, haben wir die Wasserbad-Methode im Folgenden mit Bildern dargestellt: <div class=\"row\"  id=\"row-1515155149\"> \n\t<div id=\"col-1468569206\" class=\"col medium-1\/3 large-4\"  >\n\t\t\t\t<div class=\"col-inner\"  >\n\t\t\t\n\t\t\t\n<h4><img decoding=\"async\" class=\"alignnone size-thumbnail wp-image-18524\" src=\"https:\/\/tillandsiawebshop.com\/wp-content\/uploads\/2022\/12\/CORSAPLANTS_LANDELIJK_LR_43-280x280.jpg\" alt=\"\" width=\"280\" height=\"280\" srcset=\"https:\/\/tillandsiawebshop.com\/wp-content\/uploads\/2022\/12\/CORSAPLANTS_LANDELIJK_LR_43-280x280.jpg 280w, https:\/\/tillandsiawebshop.com\/wp-content\/uploads\/2022\/12\/CORSAPLANTS_LANDELIJK_LR_43-100x100.jpg 100w\" sizes=\"(max-width: 280px) 100vw, 280px\" \/>Schritt 1: Legen Sie die\u00a0Luftpflanzen in lauwarmes Wasser. Vorzugsweise Regenwasser verwenden.<\/h4>\n\t\t<\/div>\n\t\t\t\t\t<\/div>\n\n\t \n\t<div id=\"col-1683883049\" class=\"col medium-1\/3 large-4\"  >\n\t\t\t\t<div class=\"col-inner\"  >\n\t\t\t\n\t\t\t\n<h4><img decoding=\"async\" class=\"alignnone size-thumbnail wp-image-18518\" src=\"https:\/\/tillandsiawebshop.com\/wp-content\/uploads\/2022\/12\/CORSAPLANTS_LANDELIJK_LR_44-280x280.jpg\" alt=\"\" width=\"280\" height=\"280\" srcset=\"https:\/\/tillandsiawebshop.com\/wp-content\/uploads\/2022\/12\/CORSAPLANTS_LANDELIJK_LR_44-280x280.jpg 280w, https:\/\/tillandsiawebshop.com\/wp-content\/uploads\/2022\/12\/CORSAPLANTS_LANDELIJK_LR_44-100x100.jpg 100w\" sizes=\"(max-width: 280px) 100vw, 280px\" \/>Schritt 2: Warten Sie 60-120 Minuten<\/h4>\n\t\t<\/div>\n\t\t\t\t\t<\/div>\n\n\t \n\t<div id=\"col-1968093592\" class=\"col medium-1\/3 large-4\"  >\n\t\t\t\t<div class=\"col-inner\"  >\n\t\t\t\n\t\t\t\n<h4><img decoding=\"async\" class=\"alignnone size-thumbnail wp-image-18521\" src=\"https:\/\/tillandsiawebshop.com\/wp-content\/uploads\/2022\/12\/CORSAPLANTS_LANDELIJK_LR_45-280x280.jpg\" alt=\"\" width=\"280\" height=\"280\" srcset=\"https:\/\/tillandsiawebshop.com\/wp-content\/uploads\/2022\/12\/CORSAPLANTS_LANDELIJK_LR_45-280x280.jpg 280w, https:\/\/tillandsiawebshop.com\/wp-content\/uploads\/2022\/12\/CORSAPLANTS_LANDELIJK_LR_45-100x100.jpg 100w\" sizes=\"(max-width: 280px) 100vw, 280px\" \/>Schritt 3: Sch\u00fctteln Sie das Wasser vorsichtig von den Pflanzen. Geben Sie ihnen die Zeit, komplett zu trocknen.<\/h4>\n\t\t<\/div>\n\t\t\t\t\t<\/div>\n\n\t <\/div>\n","protected":false},"excerpt":{"rendered":"<p>Tillandsien Pflege Eine Luftpflanze lebt von der Luftfeuchtigkeit in ihrem Raum. Daher auch der Name Airplant (Luftpflanze). Es ist eine robuste Pflanzenart, die in der Regel weniger Pflege ben\u00f6tigt als die meisten anderen Zimmerpflanzen. Die Luftfeuchtigkeit wird von der Airplant \u00fcber ihre Trichome aufgenommen, die kleinen flauschigen Haare auf den Bl\u00e4ttern der Pflanze. Die Luftfeuchtigkeit [&#8230;]\n","protected":false},"author":1878,"featured_media":0,"parent":0,"menu_order":0,"comment_status":"closed","ping_status":"closed","template":"","meta":{"_acf_changed":false,"footnotes":""},"class_list":["post-12209","page","type-page","status-publish","hentry"],"acf":[],"yoast_head":"<!-- This site is optimized with the Yoast SEO Premium plugin v27.4 (Yoast SEO v27.4) - https:\/\/yoast.com\/product\/yoast-seo-premium-wordpress\/ -->\n<title>Tillandsien Pflege Tillandsia en luchtplantjes - Corsa Webshop<\/title>\n<meta name=\"robots\" content=\"index, follow, max-snippet:-1, max-image-preview:large, max-video-preview:-1\" \/>\n<link rel=\"canonical\" href=\"https:\/\/tillandsiawebshop.com\/de\/tillandsien-pflege\/\" \/>\n<meta property=\"og:locale\" content=\"de_DE\" \/>\n<meta property=\"og:type\" content=\"article\" \/>\n<meta property=\"og:title\" content=\"Tillandsien Pflege\" \/>\n<meta property=\"og:description\" content=\"Tillandsien Pflege Eine Luftpflanze lebt von der Luftfeuchtigkeit in ihrem Raum. Daher auch der Name Airplant (Luftpflanze). Es ist eine robuste Pflanzenart, die in der Regel weniger Pflege ben\u00f6tigt als die meisten anderen Zimmerpflanzen. Die Luftfeuchtigkeit wird von der Airplant \u00fcber ihre Trichome aufgenommen, die kleinen flauschigen Haare auf den Bl\u00e4ttern der Pflanze. Die Luftfeuchtigkeit [...]\" \/>\n<meta property=\"og:url\" content=\"https:\/\/tillandsiawebshop.com\/de\/tillandsien-pflege\/\" \/>\n<meta property=\"og:site_name\" content=\"Corsa Webshop\" \/>\n<meta property=\"article:modified_time\" content=\"2022-12-11T17:57:26+00:00\" \/>\n<meta property=\"og:image\" content=\"https:\/\/tillandsiawebshop.com\/wp-content\/uploads\/2022\/12\/CORSAPLANTS_LANDELIJK_LR_43-e1670776001719.jpg\" \/>\n\t<meta property=\"og:image:width\" content=\"1216\" \/>\n\t<meta property=\"og:image:height\" content=\"1824\" \/>\n\t<meta property=\"og:image:type\" content=\"image\/jpeg\" \/>\n<meta name=\"twitter:card\" content=\"summary_large_image\" \/>\n<meta name=\"twitter:label1\" content=\"Gesch\u00e4tzte Lesezeit\" \/>\n\t<meta name=\"twitter:data1\" content=\"3 minutes\" \/>\n<script type=\"application\/ld+json\" class=\"yoast-schema-graph\">{\"@context\":\"https:\\\/\\\/schema.org\",\"@graph\":[{\"@type\":\"WebPage\",\"@id\":\"https:\\\/\\\/tillandsiawebshop.com\\\/de\\\/tillandsien-pflege\\\/\",\"url\":\"https:\\\/\\\/tillandsiawebshop.com\\\/de\\\/tillandsien-pflege\\\/\",\"name\":\"Tillandsien Pflege Tillandsia en luchtplantjes - Corsa Webshop\",\"isPartOf\":{\"@id\":\"https:\\\/\\\/tillandsiawebshop.com\\\/de\\\/#website\"},\"primaryImageOfPage\":{\"@id\":\"https:\\\/\\\/tillandsiawebshop.com\\\/de\\\/tillandsien-pflege\\\/#primaryimage\"},\"image\":{\"@id\":\"https:\\\/\\\/tillandsiawebshop.com\\\/de\\\/tillandsien-pflege\\\/#primaryimage\"},\"thumbnailUrl\":\"https:\\\/\\\/tillandsiawebshop.com\\\/wp-content\\\/uploads\\\/2022\\\/12\\\/CORSAPLANTS_LANDELIJK_LR_43-280x280.jpg\",\"datePublished\":\"2018-12-14T17:44:05+00:00\",\"dateModified\":\"2022-12-11T17:57:26+00:00\",\"breadcrumb\":{\"@id\":\"https:\\\/\\\/tillandsiawebshop.com\\\/de\\\/tillandsien-pflege\\\/#breadcrumb\"},\"inLanguage\":\"de-DE\",\"potentialAction\":[{\"@type\":\"ReadAction\",\"target\":[\"https:\\\/\\\/tillandsiawebshop.com\\\/de\\\/tillandsien-pflege\\\/\"]}]},{\"@type\":\"ImageObject\",\"inLanguage\":\"de-DE\",\"@id\":\"https:\\\/\\\/tillandsiawebshop.com\\\/de\\\/tillandsien-pflege\\\/#primaryimage\",\"url\":\"https:\\\/\\\/tillandsiawebshop.com\\\/wp-content\\\/uploads\\\/2022\\\/12\\\/CORSAPLANTS_LANDELIJK_LR_43-280x280.jpg\",\"contentUrl\":\"https:\\\/\\\/tillandsiawebshop.com\\\/wp-content\\\/uploads\\\/2022\\\/12\\\/CORSAPLANTS_LANDELIJK_LR_43-280x280.jpg\"},{\"@type\":\"BreadcrumbList\",\"@id\":\"https:\\\/\\\/tillandsiawebshop.com\\\/de\\\/tillandsien-pflege\\\/#breadcrumb\",\"itemListElement\":[{\"@type\":\"ListItem\",\"position\":1,\"name\":\"Home\",\"item\":\"https:\\\/\\\/tillandsiawebshop.com\\\/de\\\/\"},{\"@type\":\"ListItem\",\"position\":2,\"name\":\"Tillandsien Pflege\"}]},{\"@type\":\"WebSite\",\"@id\":\"https:\\\/\\\/tillandsiawebshop.com\\\/de\\\/#website\",\"url\":\"https:\\\/\\\/tillandsiawebshop.com\\\/de\\\/\",\"name\":\"Corsa Webshop\",\"description\":\"\",\"publisher\":{\"@id\":\"https:\\\/\\\/tillandsiawebshop.com\\\/de\\\/#organization\"},\"potentialAction\":[{\"@type\":\"SearchAction\",\"target\":{\"@type\":\"EntryPoint\",\"urlTemplate\":\"https:\\\/\\\/tillandsiawebshop.com\\\/de\\\/?s={search_term_string}\"},\"query-input\":{\"@type\":\"PropertyValueSpecification\",\"valueRequired\":true,\"valueName\":\"search_term_string\"}}],\"inLanguage\":\"de-DE\"},{\"@type\":\"Organization\",\"@id\":\"https:\\\/\\\/tillandsiawebshop.com\\\/de\\\/#organization\",\"name\":\"Corsa International B.V.\",\"url\":\"https:\\\/\\\/tillandsiawebshop.com\\\/de\\\/\",\"logo\":{\"@type\":\"ImageObject\",\"inLanguage\":\"de-DE\",\"@id\":\"https:\\\/\\\/tillandsiawebshop.com\\\/de\\\/#\\\/schema\\\/logo\\\/image\\\/\",\"url\":\"https:\\\/\\\/tillandsiawebshop.com\\\/wp-content\\\/uploads\\\/2018\\\/10\\\/corsa-logo-lg.png\",\"contentUrl\":\"https:\\\/\\\/tillandsiawebshop.com\\\/wp-content\\\/uploads\\\/2018\\\/10\\\/corsa-logo-lg.png\",\"width\":1168,\"height\":105,\"caption\":\"Corsa International B.V.\"},\"image\":{\"@id\":\"https:\\\/\\\/tillandsiawebshop.com\\\/de\\\/#\\\/schema\\\/logo\\\/image\\\/\"}}]}<\/script>\n<!-- \/ Yoast SEO Premium plugin. -->","yoast_head_json":{"title":"Tillandsien Pflege Tillandsia en luchtplantjes - Corsa Webshop","robots":{"index":"index","follow":"follow","max-snippet":"max-snippet:-1","max-image-preview":"max-image-preview:large","max-video-preview":"max-video-preview:-1"},"canonical":"https:\/\/tillandsiawebshop.com\/de\/tillandsien-pflege\/","og_locale":"de_DE","og_type":"article","og_title":"Tillandsien Pflege","og_description":"Tillandsien Pflege Eine Luftpflanze lebt von der Luftfeuchtigkeit in ihrem Raum. Daher auch der Name Airplant (Luftpflanze). Es ist eine robuste Pflanzenart, die in der Regel weniger Pflege ben\u00f6tigt als die meisten anderen Zimmerpflanzen. Die Luftfeuchtigkeit wird von der Airplant \u00fcber ihre Trichome aufgenommen, die kleinen flauschigen Haare auf den Bl\u00e4ttern der Pflanze. Die Luftfeuchtigkeit [...]","og_url":"https:\/\/tillandsiawebshop.com\/de\/tillandsien-pflege\/","og_site_name":"Corsa Webshop","article_modified_time":"2022-12-11T17:57:26+00:00","og_image":[{"width":1216,"height":1824,"url":"https:\/\/tillandsiawebshop.com\/wp-content\/uploads\/2022\/12\/CORSAPLANTS_LANDELIJK_LR_43-e1670776001719.jpg","type":"image\/jpeg"}],"twitter_card":"summary_large_image","twitter_misc":{"Gesch\u00e4tzte Lesezeit":"3 minutes"},"schema":{"@context":"https:\/\/schema.org","@graph":[{"@type":"WebPage","@id":"https:\/\/tillandsiawebshop.com\/de\/tillandsien-pflege\/","url":"https:\/\/tillandsiawebshop.com\/de\/tillandsien-pflege\/","name":"Tillandsien Pflege Tillandsia en luchtplantjes - Corsa Webshop","isPartOf":{"@id":"https:\/\/tillandsiawebshop.com\/de\/#website"},"primaryImageOfPage":{"@id":"https:\/\/tillandsiawebshop.com\/de\/tillandsien-pflege\/#primaryimage"},"image":{"@id":"https:\/\/tillandsiawebshop.com\/de\/tillandsien-pflege\/#primaryimage"},"thumbnailUrl":"https:\/\/tillandsiawebshop.com\/wp-content\/uploads\/2022\/12\/CORSAPLANTS_LANDELIJK_LR_43-280x280.jpg","datePublished":"2018-12-14T17:44:05+00:00","dateModified":"2022-12-11T17:57:26+00:00","breadcrumb":{"@id":"https:\/\/tillandsiawebshop.com\/de\/tillandsien-pflege\/#breadcrumb"},"inLanguage":"de-DE","potentialAction":[{"@type":"ReadAction","target":["https:\/\/tillandsiawebshop.com\/de\/tillandsien-pflege\/"]}]},{"@type":"ImageObject","inLanguage":"de-DE","@id":"https:\/\/tillandsiawebshop.com\/de\/tillandsien-pflege\/#primaryimage","url":"https:\/\/tillandsiawebshop.com\/wp-content\/uploads\/2022\/12\/CORSAPLANTS_LANDELIJK_LR_43-280x280.jpg","contentUrl":"https:\/\/tillandsiawebshop.com\/wp-content\/uploads\/2022\/12\/CORSAPLANTS_LANDELIJK_LR_43-280x280.jpg"},{"@type":"BreadcrumbList","@id":"https:\/\/tillandsiawebshop.com\/de\/tillandsien-pflege\/#breadcrumb","itemListElement":[{"@type":"ListItem","position":1,"name":"Home","item":"https:\/\/tillandsiawebshop.com\/de\/"},{"@type":"ListItem","position":2,"name":"Tillandsien Pflege"}]},{"@type":"WebSite","@id":"https:\/\/tillandsiawebshop.com\/de\/#website","url":"https:\/\/tillandsiawebshop.com\/de\/","name":"Corsa Webshop","description":"","publisher":{"@id":"https:\/\/tillandsiawebshop.com\/de\/#organization"},"potentialAction":[{"@type":"SearchAction","target":{"@type":"EntryPoint","urlTemplate":"https:\/\/tillandsiawebshop.com\/de\/?s={search_term_string}"},"query-input":{"@type":"PropertyValueSpecification","valueRequired":true,"valueName":"search_term_string"}}],"inLanguage":"de-DE"},{"@type":"Organization","@id":"https:\/\/tillandsiawebshop.com\/de\/#organization","name":"Corsa International B.V.","url":"https:\/\/tillandsiawebshop.com\/de\/","logo":{"@type":"ImageObject","inLanguage":"de-DE","@id":"https:\/\/tillandsiawebshop.com\/de\/#\/schema\/logo\/image\/","url":"https:\/\/tillandsiawebshop.com\/wp-content\/uploads\/2018\/10\/corsa-logo-lg.png","contentUrl":"https:\/\/tillandsiawebshop.com\/wp-content\/uploads\/2018\/10\/corsa-logo-lg.png","width":1168,"height":105,"caption":"Corsa International B.V."},"image":{"@id":"https:\/\/tillandsiawebshop.com\/de\/#\/schema\/logo\/image\/"}}]}},"_links":{"self":[{"href":"https:\/\/tillandsiawebshop.com\/de\/wp-json\/wp\/v2\/pages\/12209","targetHints":{"allow":["GET"]}}],"collection":[{"href":"https:\/\/tillandsiawebshop.com\/de\/wp-json\/wp\/v2\/pages"}],"about":[{"href":"https:\/\/tillandsiawebshop.com\/de\/wp-json\/wp\/v2\/types\/page"}],"author":[{"embeddable":true,"href":"https:\/\/tillandsiawebshop.com\/de\/wp-json\/wp\/v2\/users\/1878"}],"replies":[{"embeddable":true,"href":"https:\/\/tillandsiawebshop.com\/de\/wp-json\/wp\/v2\/comments?post=12209"}],"version-history":[{"count":1,"href":"https:\/\/tillandsiawebshop.com\/de\/wp-json\/wp\/v2\/pages\/12209\/revisions"}],"predecessor-version":[{"id":18536,"href":"https:\/\/tillandsiawebshop.com\/de\/wp-json\/wp\/v2\/pages\/12209\/revisions\/18536"}],"wp:attachment":[{"href":"https:\/\/tillandsiawebshop.com\/de\/wp-json\/wp\/v2\/media?parent=12209"}],"curies":[{"name":"wp","href":"https:\/\/api.w.org\/{rel}","templated":true}]}}