{"id":12111,"date":"2018-12-14T15:55:41","date_gmt":"2018-12-14T14:55:41","guid":{"rendered":"https:\/\/tillandsiawebshop.com\/?page_id=12111"},"modified":"2018-12-14T15:55:41","modified_gmt":"2018-12-14T14:55:41","slug":"zahlung-und-versand","status":"publish","type":"page","link":"https:\/\/tillandsiawebshop.com\/de\/kundendienst\/zahlung-und-versand\/","title":{"rendered":"Zahlung und Versand"},"content":{"rendered":"<h3>Zahlung<\/h3>\n<p>Wir akzeptieren Zahlungen per PayPal, iDeal, Mister Cash, Discover, Visa und Mastercard. Nachdem die Transaktion abgeschlossen ist, erhalten Sie von uns eine Rechnung per E-Mail.\u00a0<br \/><span style=\"font-size: 14.4px;\">F\u00fcr weitere Informationen \u00fcber die Zahlung oder f\u00fcr sonstige Fragen nehmen Sie bitte Kontakt mit uns auf!<\/span><\/p>\n<p>&nbsp;<\/p>\n<h3>Versand<\/h3>\n<p>Bestellungen werden ab einem Mindestbestellwert von 100,00 \u20ac versandt. In Zusammenarbeit mit PostNL k\u00fcmmern wir uns um die logistische Abwicklung Ihrer Bestellung. Alle Produkte werden in robustem und umweltfreundlichem Karton verpackt. Sie erhalten eine E-Mail von uns, sobald Ihre Bestellung versandt wurde. Sie k\u00f6nnen Ihre Bestellung anhand eines Track-and-Trace-Codes verfolgen.<\/p>\n","protected":false},"excerpt":{"rendered":"<p>Zahlung Wir akzeptieren Zahlungen per PayPal, iDeal, Mister Cash, Discover, Visa und Mastercard. Nachdem die Transaktion abgeschlossen ist, erhalten Sie von uns eine Rechnung per E-Mail.\u00a0F\u00fcr weitere Informationen \u00fcber die Zahlung oder f\u00fcr sonstige Fragen nehmen Sie bitte Kontakt mit uns auf! &nbsp; Versand Bestellungen werden ab einem Mindestbestellwert von 100,00 \u20ac versandt. In Zusammenarbeit [&#8230;]\n","protected":false},"author":1878,"featured_media":0,"parent":12219,"menu_order":0,"comment_status":"closed","ping_status":"closed","template":"","meta":{"_acf_changed":false,"footnotes":""},"class_list":["post-12111","page","type-page","status-publish","hentry"],"acf":[],"yoast_head":"<!-- This site is optimized with the Yoast SEO Premium plugin v27.5 (Yoast SEO v27.5) - https:\/\/yoast.com\/product\/yoast-seo-premium-wordpress\/ -->\n<title>Zahlung und Versand - Corsa Webshop<\/title>\n<meta name=\"robots\" content=\"index, follow, max-snippet:-1, max-image-preview:large, max-video-preview:-1\" \/>\n<link rel=\"canonical\" href=\"https:\/\/tillandsiawebshop.com\/de\/kundendienst\/zahlung-und-versand\/\" \/>\n<meta property=\"og:locale\" content=\"de_DE\" \/>\n<meta property=\"og:type\" content=\"article\" \/>\n<meta property=\"og:title\" content=\"Zahlung und Versand\" \/>\n<meta property=\"og:description\" content=\"Zahlung Wir akzeptieren Zahlungen per PayPal, iDeal, Mister Cash, Discover, Visa und Mastercard. Nachdem die Transaktion abgeschlossen ist, erhalten Sie von uns eine Rechnung per E-Mail.\u00a0F\u00fcr weitere Informationen \u00fcber die Zahlung oder f\u00fcr sonstige Fragen nehmen Sie bitte Kontakt mit uns auf! &nbsp; Versand Bestellungen werden ab einem Mindestbestellwert von 100,00 \u20ac versandt. In Zusammenarbeit [...]\" \/>\n<meta property=\"og:url\" content=\"https:\/\/tillandsiawebshop.com\/de\/kundendienst\/zahlung-und-versand\/\" \/>\n<meta property=\"og:site_name\" content=\"Corsa Webshop\" \/>\n<meta name=\"twitter:card\" content=\"summary_large_image\" \/>\n<script type=\"application\/ld+json\" class=\"yoast-schema-graph\">{\"@context\":\"https:\\\/\\\/schema.org\",\"@graph\":[{\"@type\":\"WebPage\",\"@id\":\"https:\\\/\\\/tillandsiawebshop.com\\\/de\\\/kundendienst\\\/zahlung-und-versand\\\/\",\"url\":\"https:\\\/\\\/tillandsiawebshop.com\\\/de\\\/kundendienst\\\/zahlung-und-versand\\\/\",\"name\":\"Zahlung und Versand - Corsa Webshop\",\"isPartOf\":{\"@id\":\"https:\\\/\\\/tillandsiawebshop.com\\\/de\\\/#website\"},\"datePublished\":\"2018-12-14T14:55:41+00:00\",\"breadcrumb\":{\"@id\":\"https:\\\/\\\/tillandsiawebshop.com\\\/de\\\/kundendienst\\\/zahlung-und-versand\\\/#breadcrumb\"},\"inLanguage\":\"de-DE\",\"potentialAction\":[{\"@type\":\"ReadAction\",\"target\":[\"https:\\\/\\\/tillandsiawebshop.com\\\/de\\\/kundendienst\\\/zahlung-und-versand\\\/\"]}]},{\"@type\":\"BreadcrumbList\",\"@id\":\"https:\\\/\\\/tillandsiawebshop.com\\\/de\\\/kundendienst\\\/zahlung-und-versand\\\/#breadcrumb\",\"itemListElement\":[{\"@type\":\"ListItem\",\"position\":1,\"name\":\"Home\",\"item\":\"https:\\\/\\\/tillandsiawebshop.com\\\/de\\\/\"},{\"@type\":\"ListItem\",\"position\":2,\"name\":\"Kundendienst\",\"item\":\"https:\\\/\\\/tillandsiawebshop.com\\\/de\\\/customer-service\\\/\"},{\"@type\":\"ListItem\",\"position\":3,\"name\":\"Zahlung und Versand\"}]},{\"@type\":\"WebSite\",\"@id\":\"https:\\\/\\\/tillandsiawebshop.com\\\/de\\\/#website\",\"url\":\"https:\\\/\\\/tillandsiawebshop.com\\\/de\\\/\",\"name\":\"Corsa Webshop\",\"description\":\"\",\"publisher\":{\"@id\":\"https:\\\/\\\/tillandsiawebshop.com\\\/de\\\/#organization\"},\"potentialAction\":[{\"@type\":\"SearchAction\",\"target\":{\"@type\":\"EntryPoint\",\"urlTemplate\":\"https:\\\/\\\/tillandsiawebshop.com\\\/de\\\/?s={search_term_string}\"},\"query-input\":{\"@type\":\"PropertyValueSpecification\",\"valueRequired\":true,\"valueName\":\"search_term_string\"}}],\"inLanguage\":\"de-DE\"},{\"@type\":\"Organization\",\"@id\":\"https:\\\/\\\/tillandsiawebshop.com\\\/de\\\/#organization\",\"name\":\"Corsa International B.V.\",\"url\":\"https:\\\/\\\/tillandsiawebshop.com\\\/de\\\/\",\"logo\":{\"@type\":\"ImageObject\",\"inLanguage\":\"de-DE\",\"@id\":\"https:\\\/\\\/tillandsiawebshop.com\\\/de\\\/#\\\/schema\\\/logo\\\/image\\\/\",\"url\":\"https:\\\/\\\/tillandsiawebshop.com\\\/wp-content\\\/uploads\\\/2018\\\/10\\\/corsa-logo-lg.png\",\"contentUrl\":\"https:\\\/\\\/tillandsiawebshop.com\\\/wp-content\\\/uploads\\\/2018\\\/10\\\/corsa-logo-lg.png\",\"width\":1168,\"height\":105,\"caption\":\"Corsa International B.V.\"},\"image\":{\"@id\":\"https:\\\/\\\/tillandsiawebshop.com\\\/de\\\/#\\\/schema\\\/logo\\\/image\\\/\"}}]}<\/script>\n<!-- \/ Yoast SEO Premium plugin. -->","yoast_head_json":{"title":"Zahlung und Versand - Corsa Webshop","robots":{"index":"index","follow":"follow","max-snippet":"max-snippet:-1","max-image-preview":"max-image-preview:large","max-video-preview":"max-video-preview:-1"},"canonical":"https:\/\/tillandsiawebshop.com\/de\/kundendienst\/zahlung-und-versand\/","og_locale":"de_DE","og_type":"article","og_title":"Zahlung und Versand","og_description":"Zahlung Wir akzeptieren Zahlungen per PayPal, iDeal, Mister Cash, Discover, Visa und Mastercard. Nachdem die Transaktion abgeschlossen ist, erhalten Sie von uns eine Rechnung per E-Mail.\u00a0F\u00fcr weitere Informationen \u00fcber die Zahlung oder f\u00fcr sonstige Fragen nehmen Sie bitte Kontakt mit uns auf! &nbsp; Versand Bestellungen werden ab einem Mindestbestellwert von 100,00 \u20ac versandt. In Zusammenarbeit [...]","og_url":"https:\/\/tillandsiawebshop.com\/de\/kundendienst\/zahlung-und-versand\/","og_site_name":"Corsa Webshop","twitter_card":"summary_large_image","schema":{"@context":"https:\/\/schema.org","@graph":[{"@type":"WebPage","@id":"https:\/\/tillandsiawebshop.com\/de\/kundendienst\/zahlung-und-versand\/","url":"https:\/\/tillandsiawebshop.com\/de\/kundendienst\/zahlung-und-versand\/","name":"Zahlung und Versand - Corsa Webshop","isPartOf":{"@id":"https:\/\/tillandsiawebshop.com\/de\/#website"},"datePublished":"2018-12-14T14:55:41+00:00","breadcrumb":{"@id":"https:\/\/tillandsiawebshop.com\/de\/kundendienst\/zahlung-und-versand\/#breadcrumb"},"inLanguage":"de-DE","potentialAction":[{"@type":"ReadAction","target":["https:\/\/tillandsiawebshop.com\/de\/kundendienst\/zahlung-und-versand\/"]}]},{"@type":"BreadcrumbList","@id":"https:\/\/tillandsiawebshop.com\/de\/kundendienst\/zahlung-und-versand\/#breadcrumb","itemListElement":[{"@type":"ListItem","position":1,"name":"Home","item":"https:\/\/tillandsiawebshop.com\/de\/"},{"@type":"ListItem","position":2,"name":"Kundendienst","item":"https:\/\/tillandsiawebshop.com\/de\/customer-service\/"},{"@type":"ListItem","position":3,"name":"Zahlung und Versand"}]},{"@type":"WebSite","@id":"https:\/\/tillandsiawebshop.com\/de\/#website","url":"https:\/\/tillandsiawebshop.com\/de\/","name":"Corsa Webshop","description":"","publisher":{"@id":"https:\/\/tillandsiawebshop.com\/de\/#organization"},"potentialAction":[{"@type":"SearchAction","target":{"@type":"EntryPoint","urlTemplate":"https:\/\/tillandsiawebshop.com\/de\/?s={search_term_string}"},"query-input":{"@type":"PropertyValueSpecification","valueRequired":true,"valueName":"search_term_string"}}],"inLanguage":"de-DE"},{"@type":"Organization","@id":"https:\/\/tillandsiawebshop.com\/de\/#organization","name":"Corsa International B.V.","url":"https:\/\/tillandsiawebshop.com\/de\/","logo":{"@type":"ImageObject","inLanguage":"de-DE","@id":"https:\/\/tillandsiawebshop.com\/de\/#\/schema\/logo\/image\/","url":"https:\/\/tillandsiawebshop.com\/wp-content\/uploads\/2018\/10\/corsa-logo-lg.png","contentUrl":"https:\/\/tillandsiawebshop.com\/wp-content\/uploads\/2018\/10\/corsa-logo-lg.png","width":1168,"height":105,"caption":"Corsa International B.V."},"image":{"@id":"https:\/\/tillandsiawebshop.com\/de\/#\/schema\/logo\/image\/"}}]}},"_links":{"self":[{"href":"https:\/\/tillandsiawebshop.com\/de\/wp-json\/wp\/v2\/pages\/12111","targetHints":{"allow":["GET"]}}],"collection":[{"href":"https:\/\/tillandsiawebshop.com\/de\/wp-json\/wp\/v2\/pages"}],"about":[{"href":"https:\/\/tillandsiawebshop.com\/de\/wp-json\/wp\/v2\/types\/page"}],"author":[{"embeddable":true,"href":"https:\/\/tillandsiawebshop.com\/de\/wp-json\/wp\/v2\/users\/1878"}],"replies":[{"embeddable":true,"href":"https:\/\/tillandsiawebshop.com\/de\/wp-json\/wp\/v2\/comments?post=12111"}],"version-history":[{"count":0,"href":"https:\/\/tillandsiawebshop.com\/de\/wp-json\/wp\/v2\/pages\/12111\/revisions"}],"up":[{"embeddable":true,"href":"https:\/\/tillandsiawebshop.com\/de\/wp-json\/wp\/v2\/pages\/12219"}],"wp:attachment":[{"href":"https:\/\/tillandsiawebshop.com\/de\/wp-json\/wp\/v2\/media?parent=12111"}],"curies":[{"name":"wp","href":"https:\/\/api.w.org\/{rel}","templated":true}]}}