{"id":12108,"date":"2018-08-07T10:01:52","date_gmt":"2018-08-07T08:01:52","guid":{"rendered":"https:\/\/tillandsiawebshop.com\/wereldwijde-verzending-en-bezorging\/"},"modified":"2021-11-11T12:25:32","modified_gmt":"2021-11-11T11:25:32","slug":"versand-und-lieferung-weltweit","status":"publish","type":"page","link":"https:\/\/tillandsiawebshop.com\/de\/kundendienst\/versand-und-lieferung-weltweit\/","title":{"rendered":"Versand und Lieferung weltweit"},"content":{"rendered":"<h1>Versand und Lieferung weltweit!<\/h1>\n<div class=\"row\"  id=\"row-345085788\"> \n\t<div id=\"col-559144754\" class=\"col medium-8 small-12 large-8\"  >\n\t\t\t\t<div class=\"col-inner\"  >\n\t\t\t\n\t\t\t\n<h3>In den Niederlanden<\/h3>\n<p>Die Bestellungen werden in der Regel innerhalb von 1 bis 3 Werktagen an den Kunden geliefert. Die Lieferung von Paketen \u00fcbernimmt das Unternehmen PostNL. Die Bestellungen k\u00f6nnen anhand von Track &amp; Trace verfolgt werden!<\/p>\n<p><strong>Versandkosten: \u20ac6,95<\/strong><\/p>\n<h3>In Europa<\/h3>\n<p>Der internationale Versand erfolgt auch \u00fcber PostNL. Wir liefern in der Regel in jedes Land innerhalb Europas. Die Lieferzeit variiert per Land von 2 bis h\u00f6chstens 10 Werktagen. Wenn Sie weitere Informationen \u00fcber Sendungen innerhalb Europas w\u00fcnschen oder andere Fragen haben, nehmen Sie bitte Kontakt mit uns auf! \t\t<\/div>\n\t\t\t\t\t<\/div>\n\n\t \n\t<div id=\"col-1034887139\" class=\"col medium-4 small-12 large-4\"  >\n\t\t\t\t<div class=\"col-inner\"  >\n\t\t\t\n\t\t\t <ul class=\"sidebar-wrapper ul-reset widgets-boxed\"><aside id=\"nav_menu-2\" class=\"widget widget_nav_menu\"><div class=\"menu-klantenservice-engels-german-container\"><ul id=\"menu-klantenservice-engels-german\" class=\"menu\"><li id=\"menu-item-12319\" class=\"menu-item menu-item-type-post_type menu-item-object-page menu-item-12319\"><a href=\"https:\/\/tillandsiawebshop.com\/de\/kundendienst\/versand-und-lieferung-weltweit\/\">Versand und Lieferung weltweit<\/a><\/li>\n<li id=\"menu-item-12320\" class=\"menu-item menu-item-type-post_type menu-item-object-page menu-item-12320\"><a href=\"https:\/\/tillandsiawebshop.com\/de\/kundendienst\/zahlung-und-versand\/\">Zahlung und Versand<\/a><\/li>\n<\/ul><\/div><\/aside><\/ul> \t\t<\/div>\n\t\t\t\t\t<\/div>\n\n\t <\/div>\n<table style=\"height: 1368px;\" width=\"416\">\n<tbody>\n<tr>\n<td width=\"301\"><strong>Land<\/strong><\/td>\n<td width=\"301\"><strong>Versandkosten<\/strong><\/td>\n<\/tr>\n<tr>\n<td width=\"301\">Belgien<\/td>\n<td width=\"301\">\u20ac11,25<\/td>\n<\/tr>\n<tr>\n<td width=\"301\">Bulgarien<\/td>\n<td width=\"301\">\u20ac30,55<\/td>\n<\/tr>\n<tr>\n<td width=\"301\">D\u00e4nemark<\/td>\n<td width=\"301\">\u20ac21,00<\/td>\n<\/tr>\n<tr>\n<td width=\"301\">Deutschland<\/td>\n<td width=\"301\">\u20ac11,25<\/td>\n<\/tr>\n<tr>\n<td width=\"301\">Estland<\/td>\n<td width=\"301\">\u20ac30,55<\/td>\n<\/tr>\n<tr>\n<td width=\"301\">Finnland<\/td>\n<td width=\"301\">\u20ac25,56<\/td>\n<\/tr>\n<tr>\n<td width=\"301\">Griechenland<\/td>\n<td width=\"301\">\u20ac30,55<\/td>\n<\/tr>\n<tr>\n<td width=\"301\">Ungarn<\/td>\n<td width=\"301\">\u20ac27,45<\/td>\n<\/tr>\n<tr>\n<td width=\"301\">Irland<\/td>\n<td width=\"301\">\u20ac26,26<\/td>\n<\/tr>\n<tr>\n<td width=\"301\">Lettland<\/td>\n<td width=\"301\">\u20ac30,55<\/td>\n<\/tr>\n<tr>\n<td width=\"301\">Luxemburg<\/td>\n<td width=\"301\">\u20ac15,50<\/td>\n<\/tr>\n<tr>\n<td width=\"301\">\u00d6sterreich<\/td>\n<td width=\"301\">\u20ac20,00<\/td>\n<\/tr>\n<tr>\n<td width=\"301\">Polen<\/td>\n<td width=\"301\">\u20ac28,25<\/td>\n<\/tr>\n<tr>\n<td width=\"301\">Rum\u00e4nien<\/td>\n<td width=\"301\">\u20ac30,55<\/td>\n<\/tr>\n<tr>\n<td width=\"301\">Slowenien<\/td>\n<td width=\"301\">\u20ac29,15<\/td>\n<\/tr>\n<tr>\n<td width=\"301\">Slowakei<\/td>\n<td width=\"301\">\u20ac27,45<\/td>\n<\/tr>\n<tr>\n<td width=\"301\">Tschechische Republik<\/td>\n<td width=\"301\">\u20ac27,45<\/td>\n<\/tr>\n<tr>\n<td width=\"301\">Schweden<\/td>\n<td width=\"301\">\u20ac24,20<\/td>\n<\/tr>\n<tr>\n<td width=\"301\">Frankreich<\/td>\n<td width=\"301\">\u20ac18,88<\/td>\n<\/tr>\n<tr>\n<td width=\"301\">Monaco<\/td>\n<td width=\"301\">\u20ac18,88<\/td>\n<\/tr>\n<tr>\n<td width=\"301\">Italien<\/td>\n<td width=\"301\">\u20ac20,85<\/td>\n<\/tr>\n<tr>\n<td width=\"301\">Portugal<\/td>\n<td width=\"301\">\u20ac24,65<\/td>\n<\/tr>\n<tr>\n<td width=\"301\">Spanien<\/td>\n<td width=\"301\">\u20ac23,40<\/td>\n<\/tr>\n<tr>\n<td width=\"301\">Balearen<\/td>\n<td width=\"301\">\u20ac23,40<\/td>\n<\/tr>\n<\/tbody>\n<\/table>\n","protected":false},"excerpt":{"rendered":"<p>Versand und Lieferung weltweit! Land Versandkosten Belgien \u20ac11,25 Bulgarien \u20ac30,55 D\u00e4nemark \u20ac21,00 Deutschland \u20ac11,25 Estland \u20ac30,55 Finnland \u20ac25,56 Griechenland \u20ac30,55 Ungarn \u20ac27,45 Irland \u20ac26,26 Lettland \u20ac30,55 Luxemburg \u20ac15,50 \u00d6sterreich \u20ac20,00 Polen \u20ac28,25 Rum\u00e4nien \u20ac30,55 Slowenien \u20ac29,15 Slowakei \u20ac27,45 Tschechische Republik \u20ac27,45 Schweden \u20ac24,20 Frankreich \u20ac18,88 Monaco \u20ac18,88 Italien \u20ac20,85 Portugal \u20ac24,65 Spanien \u20ac23,40 Balearen \u20ac23,40<\/p>\n","protected":false},"author":1,"featured_media":0,"parent":12219,"menu_order":0,"comment_status":"closed","ping_status":"closed","template":"","meta":{"_acf_changed":false,"footnotes":""},"class_list":["post-12108","page","type-page","status-publish","hentry"],"acf":[],"yoast_head":"<!-- This site is optimized with the Yoast SEO Premium plugin v27.4 (Yoast SEO v27.4) - https:\/\/yoast.com\/product\/yoast-seo-premium-wordpress\/ -->\n<title>Versand und Lieferung weltweit - Corsa Webshop<\/title>\n<meta name=\"robots\" content=\"index, follow, max-snippet:-1, max-image-preview:large, max-video-preview:-1\" \/>\n<link rel=\"canonical\" href=\"https:\/\/tillandsiawebshop.com\/de\/kundendienst\/versand-und-lieferung-weltweit\/\" \/>\n<meta property=\"og:locale\" content=\"de_DE\" \/>\n<meta property=\"og:type\" content=\"article\" \/>\n<meta property=\"og:title\" content=\"Versand und Lieferung weltweit\" \/>\n<meta property=\"og:description\" content=\"Versand und Lieferung weltweit! Land Versandkosten Belgien \u20ac11,25 Bulgarien \u20ac30,55 D\u00e4nemark \u20ac21,00 Deutschland \u20ac11,25 Estland \u20ac30,55 Finnland \u20ac25,56 Griechenland \u20ac30,55 Ungarn \u20ac27,45 Irland \u20ac26,26 Lettland \u20ac30,55 Luxemburg \u20ac15,50 \u00d6sterreich \u20ac20,00 Polen \u20ac28,25 Rum\u00e4nien \u20ac30,55 Slowenien \u20ac29,15 Slowakei \u20ac27,45 Tschechische Republik \u20ac27,45 Schweden \u20ac24,20 Frankreich \u20ac18,88 Monaco \u20ac18,88 Italien \u20ac20,85 Portugal \u20ac24,65 Spanien \u20ac23,40 Balearen \u20ac23,40\" \/>\n<meta property=\"og:url\" content=\"https:\/\/tillandsiawebshop.com\/de\/kundendienst\/versand-und-lieferung-weltweit\/\" \/>\n<meta property=\"og:site_name\" content=\"Corsa Webshop\" \/>\n<meta property=\"article:modified_time\" content=\"2021-11-11T11:25:32+00:00\" \/>\n<meta name=\"twitter:card\" content=\"summary_large_image\" \/>\n<meta name=\"twitter:label1\" content=\"Gesch\u00e4tzte Lesezeit\" \/>\n\t<meta name=\"twitter:data1\" content=\"1 minute\" \/>\n<script type=\"application\/ld+json\" class=\"yoast-schema-graph\">{\"@context\":\"https:\\\/\\\/schema.org\",\"@graph\":[{\"@type\":\"WebPage\",\"@id\":\"https:\\\/\\\/tillandsiawebshop.com\\\/de\\\/kundendienst\\\/versand-und-lieferung-weltweit\\\/\",\"url\":\"https:\\\/\\\/tillandsiawebshop.com\\\/de\\\/kundendienst\\\/versand-und-lieferung-weltweit\\\/\",\"name\":\"Versand und Lieferung weltweit - Corsa Webshop\",\"isPartOf\":{\"@id\":\"https:\\\/\\\/tillandsiawebshop.com\\\/de\\\/#website\"},\"datePublished\":\"2018-08-07T08:01:52+00:00\",\"dateModified\":\"2021-11-11T11:25:32+00:00\",\"breadcrumb\":{\"@id\":\"https:\\\/\\\/tillandsiawebshop.com\\\/de\\\/kundendienst\\\/versand-und-lieferung-weltweit\\\/#breadcrumb\"},\"inLanguage\":\"de-DE\",\"potentialAction\":[{\"@type\":\"ReadAction\",\"target\":[\"https:\\\/\\\/tillandsiawebshop.com\\\/de\\\/kundendienst\\\/versand-und-lieferung-weltweit\\\/\"]}]},{\"@type\":\"BreadcrumbList\",\"@id\":\"https:\\\/\\\/tillandsiawebshop.com\\\/de\\\/kundendienst\\\/versand-und-lieferung-weltweit\\\/#breadcrumb\",\"itemListElement\":[{\"@type\":\"ListItem\",\"position\":1,\"name\":\"Home\",\"item\":\"https:\\\/\\\/tillandsiawebshop.com\\\/de\\\/\"},{\"@type\":\"ListItem\",\"position\":2,\"name\":\"Kundendienst\",\"item\":\"https:\\\/\\\/tillandsiawebshop.com\\\/de\\\/customer-service\\\/\"},{\"@type\":\"ListItem\",\"position\":3,\"name\":\"Versand und Lieferung weltweit\"}]},{\"@type\":\"WebSite\",\"@id\":\"https:\\\/\\\/tillandsiawebshop.com\\\/de\\\/#website\",\"url\":\"https:\\\/\\\/tillandsiawebshop.com\\\/de\\\/\",\"name\":\"Corsa Webshop\",\"description\":\"\",\"publisher\":{\"@id\":\"https:\\\/\\\/tillandsiawebshop.com\\\/de\\\/#organization\"},\"potentialAction\":[{\"@type\":\"SearchAction\",\"target\":{\"@type\":\"EntryPoint\",\"urlTemplate\":\"https:\\\/\\\/tillandsiawebshop.com\\\/de\\\/?s={search_term_string}\"},\"query-input\":{\"@type\":\"PropertyValueSpecification\",\"valueRequired\":true,\"valueName\":\"search_term_string\"}}],\"inLanguage\":\"de-DE\"},{\"@type\":\"Organization\",\"@id\":\"https:\\\/\\\/tillandsiawebshop.com\\\/de\\\/#organization\",\"name\":\"Corsa International B.V.\",\"url\":\"https:\\\/\\\/tillandsiawebshop.com\\\/de\\\/\",\"logo\":{\"@type\":\"ImageObject\",\"inLanguage\":\"de-DE\",\"@id\":\"https:\\\/\\\/tillandsiawebshop.com\\\/de\\\/#\\\/schema\\\/logo\\\/image\\\/\",\"url\":\"https:\\\/\\\/tillandsiawebshop.com\\\/wp-content\\\/uploads\\\/2018\\\/10\\\/corsa-logo-lg.png\",\"contentUrl\":\"https:\\\/\\\/tillandsiawebshop.com\\\/wp-content\\\/uploads\\\/2018\\\/10\\\/corsa-logo-lg.png\",\"width\":1168,\"height\":105,\"caption\":\"Corsa International B.V.\"},\"image\":{\"@id\":\"https:\\\/\\\/tillandsiawebshop.com\\\/de\\\/#\\\/schema\\\/logo\\\/image\\\/\"}}]}<\/script>\n<!-- \/ Yoast SEO Premium plugin. -->","yoast_head_json":{"title":"Versand und Lieferung weltweit - Corsa Webshop","robots":{"index":"index","follow":"follow","max-snippet":"max-snippet:-1","max-image-preview":"max-image-preview:large","max-video-preview":"max-video-preview:-1"},"canonical":"https:\/\/tillandsiawebshop.com\/de\/kundendienst\/versand-und-lieferung-weltweit\/","og_locale":"de_DE","og_type":"article","og_title":"Versand und Lieferung weltweit","og_description":"Versand und Lieferung weltweit! Land Versandkosten Belgien \u20ac11,25 Bulgarien \u20ac30,55 D\u00e4nemark \u20ac21,00 Deutschland \u20ac11,25 Estland \u20ac30,55 Finnland \u20ac25,56 Griechenland \u20ac30,55 Ungarn \u20ac27,45 Irland \u20ac26,26 Lettland \u20ac30,55 Luxemburg \u20ac15,50 \u00d6sterreich \u20ac20,00 Polen \u20ac28,25 Rum\u00e4nien \u20ac30,55 Slowenien \u20ac29,15 Slowakei \u20ac27,45 Tschechische Republik \u20ac27,45 Schweden \u20ac24,20 Frankreich \u20ac18,88 Monaco \u20ac18,88 Italien \u20ac20,85 Portugal \u20ac24,65 Spanien \u20ac23,40 Balearen \u20ac23,40","og_url":"https:\/\/tillandsiawebshop.com\/de\/kundendienst\/versand-und-lieferung-weltweit\/","og_site_name":"Corsa Webshop","article_modified_time":"2021-11-11T11:25:32+00:00","twitter_card":"summary_large_image","twitter_misc":{"Gesch\u00e4tzte Lesezeit":"1 minute"},"schema":{"@context":"https:\/\/schema.org","@graph":[{"@type":"WebPage","@id":"https:\/\/tillandsiawebshop.com\/de\/kundendienst\/versand-und-lieferung-weltweit\/","url":"https:\/\/tillandsiawebshop.com\/de\/kundendienst\/versand-und-lieferung-weltweit\/","name":"Versand und Lieferung weltweit - Corsa Webshop","isPartOf":{"@id":"https:\/\/tillandsiawebshop.com\/de\/#website"},"datePublished":"2018-08-07T08:01:52+00:00","dateModified":"2021-11-11T11:25:32+00:00","breadcrumb":{"@id":"https:\/\/tillandsiawebshop.com\/de\/kundendienst\/versand-und-lieferung-weltweit\/#breadcrumb"},"inLanguage":"de-DE","potentialAction":[{"@type":"ReadAction","target":["https:\/\/tillandsiawebshop.com\/de\/kundendienst\/versand-und-lieferung-weltweit\/"]}]},{"@type":"BreadcrumbList","@id":"https:\/\/tillandsiawebshop.com\/de\/kundendienst\/versand-und-lieferung-weltweit\/#breadcrumb","itemListElement":[{"@type":"ListItem","position":1,"name":"Home","item":"https:\/\/tillandsiawebshop.com\/de\/"},{"@type":"ListItem","position":2,"name":"Kundendienst","item":"https:\/\/tillandsiawebshop.com\/de\/customer-service\/"},{"@type":"ListItem","position":3,"name":"Versand und Lieferung weltweit"}]},{"@type":"WebSite","@id":"https:\/\/tillandsiawebshop.com\/de\/#website","url":"https:\/\/tillandsiawebshop.com\/de\/","name":"Corsa Webshop","description":"","publisher":{"@id":"https:\/\/tillandsiawebshop.com\/de\/#organization"},"potentialAction":[{"@type":"SearchAction","target":{"@type":"EntryPoint","urlTemplate":"https:\/\/tillandsiawebshop.com\/de\/?s={search_term_string}"},"query-input":{"@type":"PropertyValueSpecification","valueRequired":true,"valueName":"search_term_string"}}],"inLanguage":"de-DE"},{"@type":"Organization","@id":"https:\/\/tillandsiawebshop.com\/de\/#organization","name":"Corsa International B.V.","url":"https:\/\/tillandsiawebshop.com\/de\/","logo":{"@type":"ImageObject","inLanguage":"de-DE","@id":"https:\/\/tillandsiawebshop.com\/de\/#\/schema\/logo\/image\/","url":"https:\/\/tillandsiawebshop.com\/wp-content\/uploads\/2018\/10\/corsa-logo-lg.png","contentUrl":"https:\/\/tillandsiawebshop.com\/wp-content\/uploads\/2018\/10\/corsa-logo-lg.png","width":1168,"height":105,"caption":"Corsa International B.V."},"image":{"@id":"https:\/\/tillandsiawebshop.com\/de\/#\/schema\/logo\/image\/"}}]}},"_links":{"self":[{"href":"https:\/\/tillandsiawebshop.com\/de\/wp-json\/wp\/v2\/pages\/12108","targetHints":{"allow":["GET"]}}],"collection":[{"href":"https:\/\/tillandsiawebshop.com\/de\/wp-json\/wp\/v2\/pages"}],"about":[{"href":"https:\/\/tillandsiawebshop.com\/de\/wp-json\/wp\/v2\/types\/page"}],"author":[{"embeddable":true,"href":"https:\/\/tillandsiawebshop.com\/de\/wp-json\/wp\/v2\/users\/1"}],"replies":[{"embeddable":true,"href":"https:\/\/tillandsiawebshop.com\/de\/wp-json\/wp\/v2\/comments?post=12108"}],"version-history":[{"count":0,"href":"https:\/\/tillandsiawebshop.com\/de\/wp-json\/wp\/v2\/pages\/12108\/revisions"}],"up":[{"embeddable":true,"href":"https:\/\/tillandsiawebshop.com\/de\/wp-json\/wp\/v2\/pages\/12219"}],"wp:attachment":[{"href":"https:\/\/tillandsiawebshop.com\/de\/wp-json\/wp\/v2\/media?parent=12108"}],"curies":[{"name":"wp","href":"https:\/\/api.w.org\/{rel}","templated":true}]}}